{"id":23,"date":"2022-12-01T09:47:04","date_gmt":"2022-12-01T09:47:04","guid":{"rendered":"https:\/\/clearcoupon.com\/au\/?page_id=23"},"modified":"2023-12-28T12:27:33","modified_gmt":"2023-12-28T12:27:33","slug":"privacy-policy","status":"publish","type":"page","link":"https:\/\/clearcoupon.com\/au\/privacy-policy\/","title":{"rendered":"Privacy Policy"},"content":{"rendered":"<h1>Datenschutz-Bestimmungen f\u00fcr Clearcoupon<\/h1>\n<p>Diese Datenschutz-Bestimmungen kann jederzeit unter <a href=\"https:\/\/clearcoupon.com\/au\/\">clearcoupon.com<\/a>\u00a0abgerufen, gespeichert und ausgedruckt werden.<\/p>\n<p>Wir respektieren Ihre Privatsph\u00e4re und sch\u00e4tzen die Beziehung, die wir mit Ihnen haben. Ab dem 25. Mai 2018 treten neue EU-Datenschutzbestimmungen in Kraft. Die sogenannte General Data Protection Regulation (GDPR) und das neue Bundesdatenschutzgesetz (BDSG neu) schaffen strengere Regeln f\u00fcr Webseiten, auch f\u00fcr clearcoupon. Das bedeutet, dass Clearcoupon ab diesem Zeitpunkt noch genauere Richtlinien f\u00fcr die Nutzung und Speicherung von Nutzerdaten einhalten wird. Au\u00dferdem erhalten die Nutzer dadurch mehr Kontrolle dar\u00fcber, wie Websites ihre pers\u00f6nlichen Daten verwenden.<br \/>\nDiese Datenschutzerkl\u00e4rung wurde \u00fcberarbeitet, um den aktuellen Datenschutzbestimmungen zu entsprechen. Sie beschreibt, welche pers\u00f6nlichen Nutzerdaten wir sammeln und wie wir diese Daten verwenden \u2013 mit dem Ziel, unsere Nutzer bestm\u00f6glich zu informieren und zu sch\u00fctzen.<\/p>\n<p>Unsere Datenschutzrichtlinie umfasst ferner die Ma\u00dfnahmen, die wir zur Gew\u00e4hrleistung der Sicherheit personenbezogener Daten ergreifen. Dar\u00fcber hinaus finden Sie Informationen dar\u00fcber, wie Sie sich als Nutzer mit uns in Verbindung setzen k\u00f6nnen, um ggf. \u00c4nderungen der Kontaktdaten zu beantragen oder Fragen zu unserer Verwendung Ihrer personenbezogenen Daten zu stellen. Bitte beachten Sie, dass diese Datenschutzerkl\u00e4rung nur f\u00fcr Daten gilt, die Clearcoupon zur Verf\u00fcgung gestellt werden.<\/p>\n<p>Die folgenden Datenschutzinformationen gelten ausschlie\u00dflich f\u00fcr clearcoupon.com. Wenn Sie von dieser Seite auf eine andere Website wechseln, gelten andere Datenschutzrichtlinien und wir empfehlen Ihnen, auch die Datenschutzrichtlinien dieser Website zu lesen.<\/p>\n<p>Wenn wir uns entscheiden, unsere Datenschutzrichtlinie zu \u00e4ndern, werden wir diese \u00c4nderungen in diesem Dokument vornehmen und sie auf unserer Website und\/oder an anderen Stellen, die wir f\u00fcr angemessen halten, ver\u00f6ffentlichen. Auf diese Weise m\u00f6chten wir, dass unsere Nutzer jederzeit so gut wie m\u00f6glich dar\u00fcber informiert sind, wie wir Informationen sammeln und verwenden und unter welchen Umst\u00e4nden wir sie weitergeben. Dar\u00fcber hinaus geben wir Ihnen die M\u00f6glichkeit, sich bei jeder \u00c4nderung abzumelden.<\/p>\n<p>Da wir wissen, dass Gesetzestexte und Richtlinien oft schwer zu verstehen sind, haben wir uns bem\u00fcht, unsere Datenschutzrichtlinie so einfach und verst\u00e4ndlich wie m\u00f6glich zu halten.<\/p>\n<p>Clearcoupon versichert seinen Nutzern, dass es im Rahmen der geltenden Datenschutzbestimmungen arbeitet und somit die Sicherheit der Daten, die Sie Clearcoupon zur Verf\u00fcgung stellen, gew\u00e4hrleistet ist.<\/p>\n<h2>Aufbewahrung Ihrer pers\u00f6nlichen Daten<\/h2>\n<p>Bei der Nutzung der Gutscheinmail werden personenbezogene Daten erhoben (E-Mail-Adresse). Clearcoupon nutzt Ihre E-Mail-Adresse ausschlie\u00dflich, um Sie \u00fcber den Erhalt neuer Gutscheine zu informieren. Es ist jederzeit m\u00f6glich, Ihre E-Mail-Adresse zu l\u00f6schen, indem Sie auf den Abmeldelink am Ende jeder E-Mail klicken. Selbstverst\u00e4ndlich geben wir Ihre E-Mail-Adresse nicht an Dritte weiter.<\/p>\n<h3>Informationen, die wir von Ihnen sammeln<\/h3>\n<p>Um eine optimale Nutzung unserer Website und aller ihrer Funktionen zu erm\u00f6glichen, sammeln und verwenden wir pers\u00f6nliche Informationen von unseren Besuchern. Die Bereitstellung von pers\u00f6nlichen Informationen \u00fcber diesen Zweck hinaus ist freiwillig.<\/p>\n<p>Wie andere Websites auch, sammeln und speichern wir automatisch bestimmte Informationen, wenn Sie unsere Website besuchen. Wir verwenden Cookies und diese zus\u00e4tzlichen Informationen, um die individuelle Benutzererfahrung zu verbessern und die bestm\u00f6glichen personalisierten Ergebnisse zu liefern.<\/p>\n<p>Die gesammelten Daten werden in die folgenden Gruppen unterteilt:<\/p>\n<h4>E-Mail-Newsletter<\/h4>\n<p>Wir bieten Ihnen die M\u00f6glichkeit, sich f\u00fcr unseren E-Mail-Newsletter zu registrieren. Diese Anmeldung k\u00f6nnen Sie jederzeit wieder r\u00fcckg\u00e4ngig machen. Klicken Sie dazu einfach auf den Link \u201eAbmelden\u201c, der am Ende eines jeden Newsletters aufgef\u00fchrt ist. Weitere Informationen finden Sie auch im Abschnitt \u201ePers\u00f6nliche Daten \u00e4ndern oder aktualisieren\u201c weiter unten in diesem Dokument.<\/p>\n<h4>User Agent<\/h4>\n<p>Wenn Sie unsere Website \u00fcber ein mobiles Ger\u00e4t oder einen Browser besuchen, ist es m\u00f6glich, dass Ihr Browser und\/oder mobiles Ger\u00e4t automatisch seine IP-Adresse, Standortinformationen, Ger\u00e4temarke, Netzwerkanbieter und \u00e4hnliche Informationen erfasst und an uns \u00fcbermittelt. Wir k\u00f6nnen diese Informationen nutzen, um standortbezogene Werbung, Inhalte und Dienste anzubieten.<\/p>\n<h3>Cookies<\/h3>\n<p>Clearcoupon setzt an mehreren Stellen Cookies ein. Diese richten auf Ihrem Rechner keinen Schaden an. Sie dienen lediglich dazu, Clearcoupon nutzerfreundlicher zu gestalten. Bei den meisten der von uns verwendeten Cookies handelt es sich um so genannte \u201eSession-Cookies\u201c. Nach Ende Ihres Besuchs erfolgt \u00fcbrigens automatische Cookie-L\u00f6schung.<\/p>\n<h4>Wesentliche Cookies<\/h4>\n<p>Diese Cookies sind notwendig, um die Nutzung unserer Website mit all ihren Funktionen zu erm\u00f6glichen. Ohne diese Cookies k\u00f6nnen notwendige Dienste nicht bereitgestellt werden.<\/p>\n<p>Ein Beispiel f\u00fcr die Verwendung dieser Cookies ist das Folgende:<\/p>\n<p>Die Erfassung von Gutscheineinl\u00f6sungen. Mit einem Cookie k\u00f6nnen wir den Betrag, f\u00fcr den ein Nutzer unserer Website bei einem unserer Partner einkauft, nachverfolgen und so unsere Provision berechnen.<\/p>\n<h4>Funktionale Cookies<\/h4>\n<p>Diese Cookies erm\u00f6glichen es der Website, sich an die Auswahl eines jeden Nutzers zu erinnern und auf der Grundlage dieser Auswahl zus\u00e4tzliche und\/oder personalisierte Funktionen anzubieten.<\/p>\n<p>Zum Beispiel:<\/p>\n<p>Erinnern von Cookie-Einstellungen und nicht jedes Mal neu fragen zu m\u00fcssen.<\/p>\n<p>Erinnern an fr\u00fchere Aktionen, wie z. B. Eingaben in Suchfeldern.<\/p>\n<p>Performance-Cookies<\/p>\n<p>Diese Cookies helfen, die Leistung der Clearcoupon-Website zu verbessern, indem sie unter anderem Informationen dar\u00fcber sammeln, welche Seiten am h\u00e4ufigsten besucht werden. Mit diesen Informationen k\u00f6nnen wir unseren Benutzern ein besseres Benutzererlebnis bieten.<\/p>\n<h3>Google Analytics-Auswertungen<\/h3>\n<ul>\n<li>stellen sicher, dass die Website ordnungsgem\u00e4\u00df funktioniert<\/li>\n<li>testen von Design-Updates zur Messung der Benutzerfreundlichkeit<\/li>\n<\/ul>\n<p>Sie k\u00f6nnen w\u00e4hlen, ob Sie jedes Mal eine Benachrichtigung erhalten m\u00f6chten, wenn ein Cookie gesendet wird, oder \u00fcber die Browser-Einstellungen verhindern, dass es automatisch in Ihrem Browser gespeichert wird. Da jeder Browser etwas anders arbeitet, sollten Sie in der Browser-Hilfe nachsehen, um mehr \u00fcber die individuellen Cookie-Einstellungen zu erfahren.<\/p>\n<p>Wenn Sie sich entscheiden, Cookies auf Ihrem Ger\u00e4t zu deaktivieren, funktionieren einige Funktionen der Clearcoupon-Website m\u00f6glicherweise nicht mehr.<\/p>\n<h3>Pixel-Tracking<\/h3>\n<p>Wir verwenden eine Softwaretechnologie namens Pixel Tracking (auch bekannt als Web Beacons\/Web Bugs). Diese hilft uns, Inhalte besser zu gestalten, indem sie uns \u00fcber die Effizienz unserer Inhalte informiert. Dies geschieht durch sogenannte \u201eClear Gifs\u201c. Clear Gifs sind kleine Grafiken mit einer eindeutigen Zuordenbarkeit und in ihrer Funktion \u00e4hnlich wie Cookies. Sie werden verwendet, um die Navigation eines Nutzers auf unserer Seite zu verfolgen. Clear Gifs sind jedoch nicht mit den pers\u00f6nlichen Daten eines Nutzers verkn\u00fcpft und lassen sich somit nicht direkt einer Person zuordnen. Dar\u00fcber hinaus verwenden wir Clear Gifs in unseren HTML-basierten E-Mails, um Informationen dar\u00fcber zu erhalten, welche E-Mails von den Empf\u00e4ngern ge\u00f6ffnet werden. Dies erm\u00f6glicht uns, die Effektivit\u00e4t bestimmter Kommunikations- und Marketingkampagnen zu bewerten.<\/p>\n<h3>Inhalt des Onlineangebotes<\/h3>\n<p>Der Autor \u00fcbernimmt keinerlei Gew\u00e4hr f\u00fcr die Aktualit\u00e4t, Korrektheit, Vollst\u00e4ndigkeit oder Qualit\u00e4t der bereitgestellten Informationen. Haftungsanspr\u00fcche gegen den Autor, welche sich auf Sch\u00e4den materieller oder ideeller Art beziehen, die durch die Nutzung oder Nichtnutzung der dargebotenen Informationen bzw. durch die Nutzung fehlerhafter und unvollst\u00e4ndiger Informationen verursacht wurden, sind grunds\u00e4tzlich ausgeschlossen, sofern seitens des Autors kein vors\u00e4tzliches oder grob fahrl\u00e4ssiges Verschulden vorliegt.<\/p>\n<p>Alle Angebote sind freibleibend und unverbindlich. Der Autor beh\u00e4lt es sich ausdr\u00fccklich vor, Teile der Seiten oder das gesamte Angebot ohne gesonderte Ank\u00fcndigung zu ver\u00e4ndern, zu erg\u00e4nzen, zu l\u00f6schen oder die Ver\u00f6ffentlichung zeitweise oder endg\u00fcltig einzustellen.<\/p>\n<h3>Google Analytics<\/h3>\n<p>Diese Website benutzt Google Analytics, einen Webanalysedienst der Google Inc. Google Analytics verwendet sog. \u201eCookies\u201c, Textdateien, die auf Ihrem Computer gespeichert werden und die eine Analyse der Benutzung der Website durch Sie erm\u00f6glichen. Google wird diese Informationen benutzen, um Ihre Nutzung der Website auszuwerten, um Reports \u00fcber die Websiteaktivit\u00e4ten f\u00fcr die Websitebetreiber zusammenzustellen und um weitere mit der Websitenutzung und der Internetnutzung verbundene Dienstleistungen zu erbringen. Auch wird Google diese Informationen gegebenenfalls an Dritte \u00fcbertragen, sofern dies gesetzlich vorgeschrieben ist oder soweit Dritte diese Daten im Auftrag von Google verarbeiten. Google wird in keinem Fall Ihre IP-Adresse mit anderen Daten von Google in Verbindung bringen. Sie k\u00f6nnen die Installation der Cookies durch eine entsprechende Einstellung Ihrer Browser Software verhindern; wir weisen Sie jedoch darauf hin, dass Sie in diesem Fall gegebenenfalls nicht s\u00e4mtliche Funktionen dieser Website voll umf\u00e4nglich nutzen k\u00f6nnen. Durch die Nutzung dieser Website erkl\u00e4ren Sie sich mit der Bearbeitung der \u00fcber Sie erhobenen Daten durch Google in der zuvor beschriebenen Art und Weise und zu dem zuvor benannten Zweck einverstanden.<\/p>\n<h3>Vertraulichkeit und Sicherheit<\/h3>\n<p>Die Sicherheit Ihrer pers\u00f6nlichen Informationen ist uns wichtig und clearcoupon befolgt eine Vielzahl an Ma\u00dfnahmen, um diese sicherzustellen:<\/p>\n<ul>\n<li>Wir beschr\u00e4nken den Zugriff auf pers\u00f6nliche Informationen auf diejenigen Angestellten oder Personen, die diesen zur Bereitstellung unserer Services ben\u00f6tigen.<\/li>\n<li>clearcoupon-Mitarbeiter sind dazu verpflichtet, die strengen Richtlinien und Prozesse zum Schutz von und dem Arbeiten mit personenbezogenen Daten einzuhalten. Gegen Mitarbeiter, die diese Bestimmungen verletzen, werden Disziplinarverfahren eingeleitet.<\/li>\n<li>Zum Schutz Ihrer Daten pflegen wir physische, elektronische und prozedurale Schutzma\u00dfnahmen, die den aktuellen Datenschutz-Regelungen entsprechen.<\/li>\n<li>F\u00fcr die \u00dcbertragung und den Empfang von Daten verwenden wir sichere Daten-Verschl\u00fcsselungs-Technologien nach aktuellem Standard der Technik.<\/li>\n<\/ul>\n<h3>Links zu Drittanbietern<\/h3>\n<p>Diese Datenschutzrichtlinie gilt f\u00fcr alle Informationen, die Sie clearcoupon zur Verf\u00fcgung stellen. Wir verlinken jedoch auf unserer Homepage auch auf andere Websites. Bitte beachten Sie, dass, sobald Sie einem Link zu einer anderen Website folgen, die Datenschutzrichtlinien dieser Website in Kraft treten.<\/p>\n<p>Andere Websites haben m\u00f6glicherweise andere Richtlinien bez\u00fcglich des Schutzes und der Speicherung Ihrer Daten sowie der Verwendung von Cookies und Clear Gifs. Wir empfehlen Ihnen daher, die Datenschutzrichtlinien aller Websites zu lesen, von denen aus Sie Dienste nutzen oder die Sie besuchen.<\/p>\n<p>F\u00fcr den Fall, dass clearcoupon personenbezogene Daten \u00fcber einen Drittanbieter erh\u00e4lt, der nicht mit den von uns angebotenen Diensten in Verbindung steht, wird die Verwendung und Weitergabe dieser Daten vertraglich geregelt. Der Schutz dieser Daten durch clearcoupon wird durch die Einhaltung strenger Richtlinien gew\u00e4hrleistet.<\/p>\n<h3>Ihre Rechte:<\/h3>\n<ol>\n<li>\n<h4>Widerrufsrecht<\/h4>\n<\/li>\n<\/ol>\n<p>Recht auf Widerruf<\/p>\n<p>Sie haben das Recht, Ihre Einwilligung jederzeit zu widerrufen, ohne dass die Rechtm\u00e4\u00dfigkeit der aufgrund der Einwilligung bis zum Widerruf erfolgten Verarbeitung ber\u00fchrt wird. Ebenfalls k\u00f6nnen Sie Ihren Widerruf der Einwilligung jederzeit an uns senden oder mitteilen (z.B. per E-Mail an <a href=\"mailto:contact@clearcoupon.com\">contact@clearcoupon.com<\/a>).<\/p>\n<p>Sie k\u00f6nnen Ihre Einwilligung auch einfach durch Anklicken des daf\u00fcr vorgesehenen Links in unserem Newsletter aus\u00fcben.<\/p>\n<ol start=\"2\">\n<li>\n<h4>Widerspruchsrecht<\/h4>\n<\/li>\n<\/ol>\n<p>Soweit die Verarbeitung Ihrer Daten nicht von der Einwilligung gedeckt ist (insb. Protokolldateien), haben Sie ein Widerspruchsrecht. Ihren Widerspruch k\u00f6nnen Sie jederzeit an uns senden oder uns mitteilen (z.B. per E-Mail an <a href=\"mailto:contact@clearcoupon.com\">contact@clearcoupon.com<\/a>).<\/p>\n<p>Die Daten werden gel\u00f6scht, sobald sie f\u00fcr die Erreichung des Zweckes ihrer Erhebung nicht mehr erforderlich sind. Dementsprechend werden Ihre Registrierungsdaten nur so lange gespeichert, wie das Abonnement des Newsletters aktiv ist. Die verarbeiteten Informationen werden nur so lange gespeichert, wie es f\u00fcr den vorgesehenen Zweck erforderlich oder gesetzlich vorgeschrieben ist.<\/p>\n<p>Die Bereitstellung der personenbezogenen Daten ist weder gesetzlich noch vertraglich vorgeschrieben und ist auch nicht f\u00fcr einen Vertragsabschluss erforderlich. Sie sind auch nicht verpflichtet, die personenbezogenen Daten bereitzustellen. Eine Nichtbereitstellung w\u00fcrde jedoch dazu f\u00fchren, dass wir Ihnen keinen Newsletter zukommen lassen k\u00f6nnen.<\/p>\n","protected":false},"excerpt":{"rendered":"<p>Datenschutz-Bestimmungen f\u00fcr Clearcoupon Diese Datenschutz-Bestimmungen kann jederzeit unter clearcoupon.com\u00a0abgerufen, gespeichert und ausgedruckt werden. Wir respektieren Ihre Privatsph\u00e4re und sch\u00e4tzen die Beziehung, die wir mit Ihnen haben. Ab dem 25. Mai 2018 treten neue EU-Datenschutzbestimmungen in Kraft. Die sogenannte General Data Protection Regulation (GDPR) und das neue Bundesdatenschutzgesetz (BDSG neu) schaffen strengere Regeln f\u00fcr Webseiten, auch [&hellip;]<\/p>\n","protected":false},"author":3,"featured_media":0,"parent":0,"menu_order":7,"comment_status":"closed","ping_status":"closed","template":"","meta":{"_acf_changed":false,"footnotes":""},"class_list":["post-23","page","type-page","status-publish","hentry"],"acf":[],"yoast_head":"<!-- This site is optimized with the Yoast SEO plugin v25.1 - https:\/\/yoast.com\/wordpress\/plugins\/seo\/ -->\n<title>Privacy Policy - ClearCoupon<\/title>\n<meta name=\"description\" content=\"Wir respektieren Ihre Privatsph\u00e4re und sch\u00e4tzen die Beziehung, die wir mit Ihnen haben. Ab dem 25. Mai 2018 treten neue EU...\" \/>\n<meta name=\"robots\" content=\"index, follow, max-snippet:-1, max-image-preview:large, max-video-preview:-1\" \/>\n<link rel=\"canonical\" href=\"https:\/\/clearcoupon.com\/au\/privacy-policy\/\" \/>\n<meta property=\"og:locale\" content=\"en_US\" \/>\n<meta property=\"og:type\" content=\"article\" \/>\n<meta property=\"og:title\" content=\"Privacy Policy - ClearCoupon\" \/>\n<meta property=\"og:description\" content=\"Wir respektieren Ihre Privatsph\u00e4re und sch\u00e4tzen die Beziehung, die wir mit Ihnen haben. Ab dem 25. Mai 2018 treten neue EU...\" \/>\n<meta property=\"og:url\" content=\"https:\/\/clearcoupon.com\/au\/privacy-policy\/\" \/>\n<meta property=\"og:site_name\" content=\"ClearCoupon\" \/>\n<meta property=\"article:modified_time\" content=\"2023-12-28T12:27:33+00:00\" \/>\n<meta name=\"twitter:card\" content=\"summary_large_image\" \/>\n<meta name=\"twitter:label1\" content=\"Est. reading time\" \/>\n\t<meta name=\"twitter:data1\" content=\"8 minutes\" \/>\n<script type=\"application\/ld+json\" class=\"yoast-schema-graph\">{\"@context\":\"https:\/\/schema.org\",\"@graph\":[{\"@type\":\"WebPage\",\"@id\":\"https:\/\/clearcoupon.com\/au\/privacy-policy\/\",\"url\":\"https:\/\/clearcoupon.com\/au\/privacy-policy\/\",\"name\":\"Privacy Policy - ClearCoupon\",\"isPartOf\":{\"@id\":\"https:\/\/clearcoupon.com\/au\/#website\"},\"datePublished\":\"2022-12-01T09:47:04+00:00\",\"dateModified\":\"2023-12-28T12:27:33+00:00\",\"description\":\"Wir respektieren Ihre Privatsph\u00e4re und sch\u00e4tzen die Beziehung, die wir mit Ihnen haben. Ab dem 25. Mai 2018 treten neue EU...\",\"breadcrumb\":{\"@id\":\"https:\/\/clearcoupon.com\/au\/privacy-policy\/#breadcrumb\"},\"inLanguage\":\"en-US\",\"potentialAction\":[{\"@type\":\"ReadAction\",\"target\":[\"https:\/\/clearcoupon.com\/au\/privacy-policy\/\"]}]},{\"@type\":\"BreadcrumbList\",\"@id\":\"https:\/\/clearcoupon.com\/au\/privacy-policy\/#breadcrumb\",\"itemListElement\":[{\"@type\":\"ListItem\",\"position\":1,\"name\":\"Home\",\"item\":\"https:\/\/clearcoupon.com\/au\/\"},{\"@type\":\"ListItem\",\"position\":2,\"name\":\"Privacy Policy\"}]},{\"@type\":\"WebSite\",\"@id\":\"https:\/\/clearcoupon.com\/au\/#website\",\"url\":\"https:\/\/clearcoupon.com\/au\/\",\"name\":\"ClearCoupon\",\"description\":\"\",\"publisher\":{\"@id\":\"https:\/\/clearcoupon.com\/au\/#organization\"},\"potentialAction\":[{\"@type\":\"SearchAction\",\"target\":{\"@type\":\"EntryPoint\",\"urlTemplate\":\"https:\/\/clearcoupon.com\/au\/?s={search_term_string}\"},\"query-input\":{\"@type\":\"PropertyValueSpecification\",\"valueRequired\":true,\"valueName\":\"search_term_string\"}}],\"inLanguage\":\"en-US\"},{\"@type\":\"Organization\",\"@id\":\"https:\/\/clearcoupon.com\/au\/#organization\",\"name\":\"ClearCoupon\",\"url\":\"https:\/\/clearcoupon.com\/au\/\",\"logo\":{\"@type\":\"ImageObject\",\"inLanguage\":\"en-US\",\"@id\":\"https:\/\/clearcoupon.com\/au\/#\/schema\/logo\/image\/\",\"url\":\"https:\/\/clearcoupon.com\/au\/wp-content\/uploads\/2024\/01\/Coing-SoOn.png\",\"contentUrl\":\"https:\/\/clearcoupon.com\/au\/wp-content\/uploads\/2024\/01\/Coing-SoOn.png\",\"width\":360,\"height\":80,\"caption\":\"ClearCoupon\"},\"image\":{\"@id\":\"https:\/\/clearcoupon.com\/au\/#\/schema\/logo\/image\/\"}}]}<\/script>\n<!-- \/ Yoast SEO plugin. -->","yoast_head_json":{"title":"Privacy Policy - ClearCoupon","description":"Wir respektieren Ihre Privatsph\u00e4re und sch\u00e4tzen die Beziehung, die wir mit Ihnen haben. Ab dem 25. Mai 2018 treten neue EU...","robots":{"index":"index","follow":"follow","max-snippet":"max-snippet:-1","max-image-preview":"max-image-preview:large","max-video-preview":"max-video-preview:-1"},"canonical":"https:\/\/clearcoupon.com\/au\/privacy-policy\/","og_locale":"en_US","og_type":"article","og_title":"Privacy Policy - ClearCoupon","og_description":"Wir respektieren Ihre Privatsph\u00e4re und sch\u00e4tzen die Beziehung, die wir mit Ihnen haben. Ab dem 25. Mai 2018 treten neue EU...","og_url":"https:\/\/clearcoupon.com\/au\/privacy-policy\/","og_site_name":"ClearCoupon","article_modified_time":"2023-12-28T12:27:33+00:00","twitter_card":"summary_large_image","twitter_misc":{"Est. reading time":"8 minutes"},"schema":{"@context":"https:\/\/schema.org","@graph":[{"@type":"WebPage","@id":"https:\/\/clearcoupon.com\/au\/privacy-policy\/","url":"https:\/\/clearcoupon.com\/au\/privacy-policy\/","name":"Privacy Policy - ClearCoupon","isPartOf":{"@id":"https:\/\/clearcoupon.com\/au\/#website"},"datePublished":"2022-12-01T09:47:04+00:00","dateModified":"2023-12-28T12:27:33+00:00","description":"Wir respektieren Ihre Privatsph\u00e4re und sch\u00e4tzen die Beziehung, die wir mit Ihnen haben. Ab dem 25. Mai 2018 treten neue EU...","breadcrumb":{"@id":"https:\/\/clearcoupon.com\/au\/privacy-policy\/#breadcrumb"},"inLanguage":"en-US","potentialAction":[{"@type":"ReadAction","target":["https:\/\/clearcoupon.com\/au\/privacy-policy\/"]}]},{"@type":"BreadcrumbList","@id":"https:\/\/clearcoupon.com\/au\/privacy-policy\/#breadcrumb","itemListElement":[{"@type":"ListItem","position":1,"name":"Home","item":"https:\/\/clearcoupon.com\/au\/"},{"@type":"ListItem","position":2,"name":"Privacy Policy"}]},{"@type":"WebSite","@id":"https:\/\/clearcoupon.com\/au\/#website","url":"https:\/\/clearcoupon.com\/au\/","name":"ClearCoupon","description":"","publisher":{"@id":"https:\/\/clearcoupon.com\/au\/#organization"},"potentialAction":[{"@type":"SearchAction","target":{"@type":"EntryPoint","urlTemplate":"https:\/\/clearcoupon.com\/au\/?s={search_term_string}"},"query-input":{"@type":"PropertyValueSpecification","valueRequired":true,"valueName":"search_term_string"}}],"inLanguage":"en-US"},{"@type":"Organization","@id":"https:\/\/clearcoupon.com\/au\/#organization","name":"ClearCoupon","url":"https:\/\/clearcoupon.com\/au\/","logo":{"@type":"ImageObject","inLanguage":"en-US","@id":"https:\/\/clearcoupon.com\/au\/#\/schema\/logo\/image\/","url":"https:\/\/clearcoupon.com\/au\/wp-content\/uploads\/2024\/01\/Coing-SoOn.png","contentUrl":"https:\/\/clearcoupon.com\/au\/wp-content\/uploads\/2024\/01\/Coing-SoOn.png","width":360,"height":80,"caption":"ClearCoupon"},"image":{"@id":"https:\/\/clearcoupon.com\/au\/#\/schema\/logo\/image\/"}}]}},"_links":{"self":[{"href":"https:\/\/clearcoupon.com\/au\/wp-json\/wp\/v2\/pages\/23","targetHints":{"allow":["GET"]}}],"collection":[{"href":"https:\/\/clearcoupon.com\/au\/wp-json\/wp\/v2\/pages"}],"about":[{"href":"https:\/\/clearcoupon.com\/au\/wp-json\/wp\/v2\/types\/page"}],"author":[{"embeddable":true,"href":"https:\/\/clearcoupon.com\/au\/wp-json\/wp\/v2\/users\/3"}],"replies":[{"embeddable":true,"href":"https:\/\/clearcoupon.com\/au\/wp-json\/wp\/v2\/comments?post=23"}],"version-history":[{"count":14,"href":"https:\/\/clearcoupon.com\/au\/wp-json\/wp\/v2\/pages\/23\/revisions"}],"predecessor-version":[{"id":40445,"href":"https:\/\/clearcoupon.com\/au\/wp-json\/wp\/v2\/pages\/23\/revisions\/40445"}],"wp:attachment":[{"href":"https:\/\/clearcoupon.com\/au\/wp-json\/wp\/v2\/media?parent=23"}],"curies":[{"name":"wp","href":"https:\/\/api.w.org\/{rel}","templated":true}]}}