{"id":4106,"date":"2023-05-12T12:25:39","date_gmt":"2023-05-12T12:25:39","guid":{"rendered":"https:\/\/clearcoupon.com\/au\/?page_id=4106"},"modified":"2023-12-28T12:27:20","modified_gmt":"2023-12-28T12:27:20","slug":"terms-and-conditions","status":"publish","type":"page","link":"https:\/\/clearcoupon.com\/au\/terms-and-conditions\/","title":{"rendered":"Terms and Conditions"},"content":{"rendered":"<h2>Gesch\u00e4ftsbedingungen<\/h2>\n<p>Willkommen bei ClearCoupon!<\/p>\n<p>Diese Allgemeinen Gesch\u00e4ftsbedingungen beschreiben die Regeln und Vorschriften f\u00fcr die Nutzung der ClearCoupon-Website unter https:\/\/clearcoupon.com\/au\/.<\/p>\n<p>Mit dem Zugriff auf diese Website gehen wir davon aus, dass Sie diese Allgemeinen Gesch\u00e4ftsbedingungen akzeptieren. Verwenden Sie ClearCoupon nicht weiter, wenn Sie nicht mit allen auf dieser Seite aufgef\u00fchrten Bedingungen einverstanden sind.<\/p>\n<p>Die folgende Terminologie gilt f\u00fcr diese Allgemeinen Gesch\u00e4ftsbedingungen, die Datenschutzerkl\u00e4rung und den Haftungsausschluss sowie alle Vereinbarungen: \u201eKunde\u201c, \u201eSie\u201c und \u201eIhr\u201c beziehen sich auf Sie, die Person, die sich auf dieser Website anmeldet und die Gesch\u00e4ftsbedingungen des Unternehmens einh\u00e4lt Bedingungen. \u201eDas Unternehmen\u201c, \u201eUns selbst\u201c, \u201eWir\u201c, \u201eUnser\u201c und \u201eUns\u201c beziehen sich auf unser Unternehmen. \u201ePartei\u201c, \u201eParteien\u201c oder \u201euns\u201c bezieht sich sowohl auf den Kunden als auch auf uns selbst. Alle Bedingungen beziehen sich auf das Angebot, die Annahme und die Gegenleistung f\u00fcr die Zahlung, die erforderlich ist, um den Prozess unserer Unterst\u00fctzung f\u00fcr den Kunden am besten zu dem ausdr\u00fccklichen Zweck durchzuf\u00fchren, die Bed\u00fcrfnisse des Kunden in Bezug auf die Bereitstellung der angegebenen Dienstleistungen des Unternehmens gem\u00e4\u00df und vorbehaltlich zu erf\u00fcllen , geltendes Recht von dh. Jegliche Verwendung der oben genannten Terminologie oder anderer W\u00f6rter im Singular, Plural, in Gro\u00df- und Kleinschreibung und\/oder er\/sie oder sie gelten als austauschbar und beziehen sich daher auf dasselbe.<\/p>\n<h3><strong>Cookies<\/strong><\/h3>\n<p>Wir verwenden Cookies. Durch den Zugriff auf ClearCoupon stimmen Sie der Verwendung von Cookies in \u00dcbereinstimmung mit der Datenschutzrichtlinie von ClearCoupon zu.<\/p>\n<p>Die meisten interaktiven Websites verwenden Cookies, damit wir bei jedem Besuch die Daten des Benutzers abrufen k\u00f6nnen. Cookies werden von unserer Website verwendet, um die Funktionalit\u00e4t bestimmter Bereiche zu erm\u00f6glichen und den Besuchern unserer Website den Besuch zu erleichtern. Einige unserer Affiliate-\/Werbepartner verwenden m\u00f6glicherweise auch Cookies.<\/p>\n<h3><strong>Lizenz<\/strong><\/h3>\n<p>Sofern nicht anders angegeben, besitzen ClearCoupon und\/oder seine Lizenzgeber die geistigen Eigentumsrechte f\u00fcr alle Materialien auf ClearCoupon. Alle geistigen Eigentumsrechte bleiben vorbehalten. Sie k\u00f6nnen \u00fcber ClearCoupon f\u00fcr Ihren pers\u00f6nlichen Gebrauch darauf zugreifen, vorbehaltlich der in diesen Allgemeinen Gesch\u00e4ftsbedingungen festgelegten Einschr\u00e4nkungen.<\/p>\n<p>Sie d\u00fcrfen nicht:<\/p>\n<ul>\n<li>Material von ClearCoupon erneut ver\u00f6ffentlichen<\/li>\n<li>Material von ClearCoupon verkaufen, vermieten oder unterlizenzieren<\/li>\n<li>Material von ClearCoupon reproduzieren, duplizieren oder kopieren<\/li>\n<li>Inhalte von ClearCoupon weiterverbreiten<\/li>\n<\/ul>\n<p>Teile dieser Website bieten Benutzern die M\u00f6glichkeit, in bestimmten Bereichen der Website Meinungen und Informationen zu ver\u00f6ffentlichen und auszutauschen. ClearCoupon filtert, bearbeitet, ver\u00f6ffentlicht oder \u00fcberpr\u00fcft Kommentare nicht, bevor sie auf der Website erscheinen. Kommentare spiegeln nicht die Ansichten und Meinungen von ClearCoupon, seinen Vertretern und\/oder verbundenen Unternehmen wider. Kommentare spiegeln die Ansichten und Meinungen der Person wider, die ihre Ansichten und Meinungen ver\u00f6ffentlicht. Soweit gesetzlich zul\u00e4ssig, haftet ClearCoupon nicht f\u00fcr die Kommentare oder f\u00fcr jegliche Haftung, Sch\u00e4den oder Ausgaben, die durch die Nutzung und\/oder Ver\u00f6ffentlichung und\/oder das Erscheinen der Kommentare dazu entstehen und\/oder erlitten werden Website.<\/p>\n<p>ClearCoupon beh\u00e4lt sich das Recht vor, alle Kommentare zu \u00fcberwachen und alle Kommentare zu entfernen, die als unangemessen oder beleidigend angesehen werden k\u00f6nnen oder einen Versto\u00df gegen diese Allgemeinen Gesch\u00e4ftsbedingungen darstellen.<\/p>\n<p>Sie garantieren und vertreten Folgendes:<\/p>\n<ul>\n<li>Sie sind berechtigt, die Kommentare auf unserer Website zu ver\u00f6ffentlichen und verf\u00fcgen \u00fcber alle erforderlichen Lizenzen und Einwilligungen daf\u00fcr;<\/li>\n<li>Die Kommentare verletzen keine geistigen Eigentumsrechte, einschlie\u00dflich, aber nicht beschr\u00e4nkt auf Urheberrechte, Patente oder Marken Dritter;<\/li>\n<li>Die Kommentare enthalten kein diffamierendes, verleumderisches, beleidigendes, unanst\u00e4ndiges oder anderweitig rechtswidriges Material, das einen Eingriff in die Privatsph\u00e4re darstellt<\/li>\n<li>Die Kommentare werden nicht dazu verwendet, Gesch\u00e4fte oder Br\u00e4uche anzufordern oder zu f\u00f6rdern oder kommerzielle Aktivit\u00e4ten oder rechtswidrige Aktivit\u00e4ten darzustellen.<\/li>\n<\/ul>\n<p>Sie gew\u00e4hren ClearCoupon hiermit eine nicht-exklusive Lizenz zur Nutzung, Vervielf\u00e4ltigung, Bearbeitung und erm\u00e4chtigen andere zur Nutzung, Vervielf\u00e4ltigung und Bearbeitung Ihrer Kommentare in allen Formen, Formaten und Medien.<\/p>\n<h3><strong>Hyperlink zu unseren Inhalten<\/strong><\/h3>\n<p>Die folgenden Organisationen d\u00fcrfen ohne vorherige schriftliche Genehmigung auf unsere Website verlinken:<\/p>\n<ul>\n<li>Regierungsbeh\u00f6rden;<\/li>\n<li>Suchmaschinen;<\/li>\n<li>Nachrichtenorganisationen;<\/li>\n<li>Vertriebspartner von Online-Verzeichnissen k\u00f6nnen auf die gleiche Weise auf unsere Website verlinken wie auf die Websites anderer gelisteter Unternehmen. und<\/li>\n<li>Systemweit akkreditierte Unternehmen, mit Ausnahme von gemeinn\u00fctzigen Organisationen, Wohlt\u00e4tigkeitseinkaufszentren und Wohlt\u00e4tigkeits-Fundraising-Gruppen, die keinen Hyperlink auf unsere Website verweisen d\u00fcrfen.<\/li>\n<\/ul>\n<p>Diese Organisationen d\u00fcrfen auf unsere Homepage, auf Ver\u00f6ffentlichungen oder auf andere Website-Informationen verlinken, sofern der Link: (a) in keiner Weise irref\u00fchrend ist; (b) nicht f\u00e4lschlicherweise ein Sponsoring, eine Billigung oder Billigung der verlinkenden Partei und ihrer Produkte und\/oder Dienstleistungen impliziert; und (c) in den Kontext der Website der verlinkenden Partei passt.<\/p>\n<p>Wir k\u00f6nnen andere Linkanfragen von den folgenden Arten von Organisationen ber\u00fccksichtigen und genehmigen:<\/p>\n<ul>\n<li>allgemein bekannte Informationsquellen f\u00fcr Verbraucher und\/oder Unternehmen;<\/li>\n<li>dot.com-Community-Websites;<\/li>\n<li>Verb\u00e4nde oder andere Gruppen, die Wohlt\u00e4tigkeitsorganisationen vertreten;<\/li>\n<li>Online-Verzeichnisverteiler;<\/li>\n<li>Internetportale;<\/li>\n<li>Wirtschaftspr\u00fcfungs-, Anwalts- und Beratungsunternehmen; und<\/li>\n<li>Bildungseinrichtungen und Berufsverb\u00e4nde.<\/li>\n<\/ul>\n<p>Wir genehmigen Linkanfragen dieser Organisationen, wenn wir zu dem Schluss kommen, dass: (a) der Link nicht dazu f\u00fchren w\u00fcrde, dass wir uns selbst oder unseren akkreditierten Unternehmen gegen\u00fcber negativ wirken; (b) die Organisation hat keine negativen Aufzeichnungen bei uns; (c) der Nutzen, den uns die Sichtbarkeit des Hyperlinks bringt, kompensiert das Fehlen von ClearCoupon; und (d) der Link steht im Kontext allgemeiner Ressourceninformationen.<\/p>\n<p>Diese Organisationen d\u00fcrfen auf unsere Homepage verlinken, sofern der Link: (a) in keiner Weise irref\u00fchrend ist; (b) nicht f\u00e4lschlicherweise ein Sponsoring, eine Billigung oder Billigung der verlinkenden Partei und ihrer Produkte oder Dienstleistungen impliziert; und (c) in den Kontext der Website der verlinkenden Partei passt.<\/p>\n<p>Wenn Sie eine der in Absatz 2 oben aufgef\u00fchrten Organisationen sind und daran interessiert sind, auf unsere Website zu verlinken, m\u00fcssen Sie uns dar\u00fcber informieren, indem Sie eine E-Mail an ClearCoupon senden. Bitte geben Sie Ihren Namen, den Namen Ihrer Organisation, Kontaktinformationen sowie die URL Ihrer Website an, eine Liste aller URLs, von denen aus Sie auf unsere Website verlinken m\u00f6chten, und eine Liste der URLs auf unserer Website, zu denen Sie m\u00f6chten Verkn\u00fcpfung. Warten Sie 2-3 Wochen auf eine Antwort.<\/p>\n<p>Zugelassene Organisationen k\u00f6nnen wie folgt einen Hyperlink zu unserer Website erstellen:<\/p>\n<ul>\n<li>Durch die Verwendung unseres Firmennamens; oder<\/li>\n<li>Durch die Verwendung des einheitlichen Ressourcen-Locators, mit dem verlinkt wird; oder<\/li>\n<li>Die Verwendung einer anderen Beschreibung unserer Website, auf die verlinkt wird, ist im Kontext und Format des Inhalts auf der Website der verlinkten Partei sinnvoll.<\/li>\n<\/ul>\n<p>Die Verwendung des Logos oder anderer Grafiken von ClearCoupon f\u00fcr die Verlinkung ist ohne eine Markenlizenzvereinbarung nicht gestattet.<\/p>\n<h3><strong>iFrames<\/strong><\/h3>\n<p>Ohne vorherige Genehmigung und schriftliche Genehmigung d\u00fcrfen Sie keine Frames um unsere Webseiten herum erstellen, die in irgendeiner Weise die visuelle Darstellung oder das Erscheinungsbild unserer Website ver\u00e4ndern.<\/p>\n<h3><strong>Haftung f\u00fcr Inhalte<\/strong><\/h3>\n<p>Wir \u00fcbernehmen keine Verantwortung f\u00fcr Inhalte, die auf Ihrer Website erscheinen. Sie erkl\u00e4ren sich damit einverstanden, uns gegen alle Anspr\u00fcche zu sch\u00fctzen und zu verteidigen, die auf Ihrer Website erhoben werden. Auf einer Website d\u00fcrfen keine Links erscheinen, die als verleumderisch, obsz\u00f6n oder kriminell ausgelegt werden k\u00f6nnten oder die Rechte Dritter verletzen, anderweitig verletzen oder eine Verletzung oder sonstige Verletzung von Rechten Dritter bef\u00fcrworten.<\/p>\n<h3><strong>Rechtsvorbehalt<\/strong><\/h3>\n<p>Wir behalten uns das Recht vor, Sie aufzufordern, alle Links oder einen bestimmten Link zu unserer Website zu entfernen. Sie stimmen zu, alle Links zu unserer Website auf Anfrage unverz\u00fcglich zu entfernen. Wir behalten uns au\u00dferdem das Recht vor, diese Allgemeinen Gesch\u00e4ftsbedingungen und die Verlinkungsrichtlinie jederzeit zu \u00e4ndern. Indem Sie fortlaufend auf unsere Website verlinken, erkl\u00e4ren Sie sich damit einverstanden, an diese Verlinkungsbedingungen gebunden zu sein und diese zu befolgen.<\/p>\n<h3><strong>Entfernung von Links von unserer Website<\/strong><\/h3>\n<p>Wenn Sie auf unserer Website einen Link finden, der aus irgendeinem Grund anst\u00f6\u00dfig ist, k\u00f6nnen Sie uns jederzeit kontaktieren und uns informieren. Wir werden Anfragen zur Entfernung von Links ber\u00fccksichtigen, sind jedoch nicht dazu verpflichtet, Ihnen direkt zu antworten.<\/p>\n<p>Wir garantieren nicht, dass die Informationen auf dieser Website korrekt sind, und \u00fcbernehmen keine Gew\u00e4hr f\u00fcr deren Vollst\u00e4ndigkeit oder Richtigkeit. Wir versprechen auch nicht, sicherzustellen, dass die Website verf\u00fcgbar bleibt oder dass das Material auf der Website auf dem neuesten Stand gehalten wird.<\/p>\n<h3><strong>Haftungsausschluss<\/strong><\/h3>\n<p>Soweit gesetzlich zul\u00e4ssig, schlie\u00dfen wir alle Zusicherungen, Gew\u00e4hrleistungen und Bedingungen im Zusammenhang mit unserer Website und der Nutzung dieser Website aus. Nichts in diesem Haftungsausschluss wird:<\/p>\n<ul>\n<li>unsere oder Ihre Haftung f\u00fcr Tod oder K\u00f6rperverletzung einschr\u00e4nken oder ausschlie\u00dfen;<\/li>\n<li>unsere oder Ihre Haftung f\u00fcr Betrug oder betr\u00fcgerische Falschdarstellung einschr\u00e4nken oder ausschlie\u00dfen;<\/li>\n<li>Beschr\u00e4nken Sie unsere oder Ihre Verbindlichkeiten auf eine Weise, die nach geltendem Recht nicht zul\u00e4ssig ist. oder<\/li>\n<li>schlie\u00dfen Sie alle unsere oder Ihre Verbindlichkeiten aus, die nach geltendem Recht m\u00f6glicherweise nicht ausgeschlossen sind.<\/li>\n<\/ul>\n<p>Die in diesem Abschnitt und an anderer Stelle in diesem Haftungsausschluss festgelegten Haftungsbeschr\u00e4nkungen und -verbote: (a) unterliegen dem vorstehenden Absatz; und (b) alle Haftungen regeln, die sich aus dem Haftungsausschluss ergeben, einschlie\u00dflich der Haftung aus Vertrag, unerlaubter Handlung und Verletzung gesetzlicher Pflichten.<\/p>\n<p>Solange die Website und die Informationen und Dienste auf der Website kostenlos zur Verf\u00fcgung gestellt werden, haften wir nicht f\u00fcr Verluste oder Sch\u00e4den jeglicher Art.<\/p>\n","protected":false},"excerpt":{"rendered":"<p>Gesch\u00e4ftsbedingungen Willkommen bei ClearCoupon! Diese Allgemeinen Gesch\u00e4ftsbedingungen beschreiben die Regeln und Vorschriften f\u00fcr die Nutzung der ClearCoupon-Website unter https:\/\/clearcoupon.com\/au\/. Mit dem Zugriff auf diese Website gehen wir davon aus, dass Sie diese Allgemeinen Gesch\u00e4ftsbedingungen akzeptieren. Verwenden Sie ClearCoupon nicht weiter, wenn Sie nicht mit allen auf dieser Seite aufgef\u00fchrten Bedingungen einverstanden sind. Die folgende Terminologie [&hellip;]<\/p>\n","protected":false},"author":3,"featured_media":0,"parent":0,"menu_order":0,"comment_status":"closed","ping_status":"closed","template":"","meta":{"_acf_changed":false,"footnotes":""},"class_list":["post-4106","page","type-page","status-publish","hentry"],"acf":[],"yoast_head":"<!-- This site is optimized with the Yoast SEO plugin v25.1 - https:\/\/yoast.com\/wordpress\/plugins\/seo\/ -->\n<title>Terms and Conditions - ClearCoupon<\/title>\n<meta name=\"description\" content=\"Diese Allgemeinen Gesch\u00e4ftsbedingungen beschreiben die Regeln und Vorschriften f\u00fcr die Nutzung der Website von ClearCoupon...\" \/>\n<meta name=\"robots\" content=\"index, follow, max-snippet:-1, max-image-preview:large, max-video-preview:-1\" \/>\n<link rel=\"canonical\" href=\"https:\/\/clearcoupon.com\/au\/terms-and-conditions\/\" \/>\n<meta property=\"og:locale\" content=\"en_US\" \/>\n<meta property=\"og:type\" content=\"article\" \/>\n<meta property=\"og:title\" content=\"Terms and Conditions - ClearCoupon\" \/>\n<meta property=\"og:description\" content=\"Diese Allgemeinen Gesch\u00e4ftsbedingungen beschreiben die Regeln und Vorschriften f\u00fcr die Nutzung der Website von ClearCoupon...\" \/>\n<meta property=\"og:url\" content=\"https:\/\/clearcoupon.com\/au\/terms-and-conditions\/\" \/>\n<meta property=\"og:site_name\" content=\"ClearCoupon\" \/>\n<meta property=\"article:modified_time\" content=\"2023-12-28T12:27:20+00:00\" \/>\n<meta name=\"twitter:card\" content=\"summary_large_image\" \/>\n<meta name=\"twitter:label1\" content=\"Est. reading time\" \/>\n\t<meta name=\"twitter:data1\" content=\"7 minutes\" \/>\n<script type=\"application\/ld+json\" class=\"yoast-schema-graph\">{\"@context\":\"https:\/\/schema.org\",\"@graph\":[{\"@type\":\"WebPage\",\"@id\":\"https:\/\/clearcoupon.com\/au\/terms-and-conditions\/\",\"url\":\"https:\/\/clearcoupon.com\/au\/terms-and-conditions\/\",\"name\":\"Terms and Conditions - ClearCoupon\",\"isPartOf\":{\"@id\":\"https:\/\/clearcoupon.com\/au\/#website\"},\"datePublished\":\"2023-05-12T12:25:39+00:00\",\"dateModified\":\"2023-12-28T12:27:20+00:00\",\"description\":\"Diese Allgemeinen Gesch\u00e4ftsbedingungen beschreiben die Regeln und Vorschriften f\u00fcr die Nutzung der Website von ClearCoupon...\",\"breadcrumb\":{\"@id\":\"https:\/\/clearcoupon.com\/au\/terms-and-conditions\/#breadcrumb\"},\"inLanguage\":\"en-US\",\"potentialAction\":[{\"@type\":\"ReadAction\",\"target\":[\"https:\/\/clearcoupon.com\/au\/terms-and-conditions\/\"]}]},{\"@type\":\"BreadcrumbList\",\"@id\":\"https:\/\/clearcoupon.com\/au\/terms-and-conditions\/#breadcrumb\",\"itemListElement\":[{\"@type\":\"ListItem\",\"position\":1,\"name\":\"Home\",\"item\":\"https:\/\/clearcoupon.com\/au\/\"},{\"@type\":\"ListItem\",\"position\":2,\"name\":\"Terms and Conditions\"}]},{\"@type\":\"WebSite\",\"@id\":\"https:\/\/clearcoupon.com\/au\/#website\",\"url\":\"https:\/\/clearcoupon.com\/au\/\",\"name\":\"ClearCoupon\",\"description\":\"\",\"publisher\":{\"@id\":\"https:\/\/clearcoupon.com\/au\/#organization\"},\"potentialAction\":[{\"@type\":\"SearchAction\",\"target\":{\"@type\":\"EntryPoint\",\"urlTemplate\":\"https:\/\/clearcoupon.com\/au\/?s={search_term_string}\"},\"query-input\":{\"@type\":\"PropertyValueSpecification\",\"valueRequired\":true,\"valueName\":\"search_term_string\"}}],\"inLanguage\":\"en-US\"},{\"@type\":\"Organization\",\"@id\":\"https:\/\/clearcoupon.com\/au\/#organization\",\"name\":\"ClearCoupon\",\"url\":\"https:\/\/clearcoupon.com\/au\/\",\"logo\":{\"@type\":\"ImageObject\",\"inLanguage\":\"en-US\",\"@id\":\"https:\/\/clearcoupon.com\/au\/#\/schema\/logo\/image\/\",\"url\":\"https:\/\/clearcoupon.com\/au\/wp-content\/uploads\/2024\/01\/Coing-SoOn.png\",\"contentUrl\":\"https:\/\/clearcoupon.com\/au\/wp-content\/uploads\/2024\/01\/Coing-SoOn.png\",\"width\":360,\"height\":80,\"caption\":\"ClearCoupon\"},\"image\":{\"@id\":\"https:\/\/clearcoupon.com\/au\/#\/schema\/logo\/image\/\"}}]}<\/script>\n<!-- \/ Yoast SEO plugin. -->","yoast_head_json":{"title":"Terms and Conditions - ClearCoupon","description":"Diese Allgemeinen Gesch\u00e4ftsbedingungen beschreiben die Regeln und Vorschriften f\u00fcr die Nutzung der Website von ClearCoupon...","robots":{"index":"index","follow":"follow","max-snippet":"max-snippet:-1","max-image-preview":"max-image-preview:large","max-video-preview":"max-video-preview:-1"},"canonical":"https:\/\/clearcoupon.com\/au\/terms-and-conditions\/","og_locale":"en_US","og_type":"article","og_title":"Terms and Conditions - ClearCoupon","og_description":"Diese Allgemeinen Gesch\u00e4ftsbedingungen beschreiben die Regeln und Vorschriften f\u00fcr die Nutzung der Website von ClearCoupon...","og_url":"https:\/\/clearcoupon.com\/au\/terms-and-conditions\/","og_site_name":"ClearCoupon","article_modified_time":"2023-12-28T12:27:20+00:00","twitter_card":"summary_large_image","twitter_misc":{"Est. reading time":"7 minutes"},"schema":{"@context":"https:\/\/schema.org","@graph":[{"@type":"WebPage","@id":"https:\/\/clearcoupon.com\/au\/terms-and-conditions\/","url":"https:\/\/clearcoupon.com\/au\/terms-and-conditions\/","name":"Terms and Conditions - ClearCoupon","isPartOf":{"@id":"https:\/\/clearcoupon.com\/au\/#website"},"datePublished":"2023-05-12T12:25:39+00:00","dateModified":"2023-12-28T12:27:20+00:00","description":"Diese Allgemeinen Gesch\u00e4ftsbedingungen beschreiben die Regeln und Vorschriften f\u00fcr die Nutzung der Website von ClearCoupon...","breadcrumb":{"@id":"https:\/\/clearcoupon.com\/au\/terms-and-conditions\/#breadcrumb"},"inLanguage":"en-US","potentialAction":[{"@type":"ReadAction","target":["https:\/\/clearcoupon.com\/au\/terms-and-conditions\/"]}]},{"@type":"BreadcrumbList","@id":"https:\/\/clearcoupon.com\/au\/terms-and-conditions\/#breadcrumb","itemListElement":[{"@type":"ListItem","position":1,"name":"Home","item":"https:\/\/clearcoupon.com\/au\/"},{"@type":"ListItem","position":2,"name":"Terms and Conditions"}]},{"@type":"WebSite","@id":"https:\/\/clearcoupon.com\/au\/#website","url":"https:\/\/clearcoupon.com\/au\/","name":"ClearCoupon","description":"","publisher":{"@id":"https:\/\/clearcoupon.com\/au\/#organization"},"potentialAction":[{"@type":"SearchAction","target":{"@type":"EntryPoint","urlTemplate":"https:\/\/clearcoupon.com\/au\/?s={search_term_string}"},"query-input":{"@type":"PropertyValueSpecification","valueRequired":true,"valueName":"search_term_string"}}],"inLanguage":"en-US"},{"@type":"Organization","@id":"https:\/\/clearcoupon.com\/au\/#organization","name":"ClearCoupon","url":"https:\/\/clearcoupon.com\/au\/","logo":{"@type":"ImageObject","inLanguage":"en-US","@id":"https:\/\/clearcoupon.com\/au\/#\/schema\/logo\/image\/","url":"https:\/\/clearcoupon.com\/au\/wp-content\/uploads\/2024\/01\/Coing-SoOn.png","contentUrl":"https:\/\/clearcoupon.com\/au\/wp-content\/uploads\/2024\/01\/Coing-SoOn.png","width":360,"height":80,"caption":"ClearCoupon"},"image":{"@id":"https:\/\/clearcoupon.com\/au\/#\/schema\/logo\/image\/"}}]}},"_links":{"self":[{"href":"https:\/\/clearcoupon.com\/au\/wp-json\/wp\/v2\/pages\/4106","targetHints":{"allow":["GET"]}}],"collection":[{"href":"https:\/\/clearcoupon.com\/au\/wp-json\/wp\/v2\/pages"}],"about":[{"href":"https:\/\/clearcoupon.com\/au\/wp-json\/wp\/v2\/types\/page"}],"author":[{"embeddable":true,"href":"https:\/\/clearcoupon.com\/au\/wp-json\/wp\/v2\/users\/3"}],"replies":[{"embeddable":true,"href":"https:\/\/clearcoupon.com\/au\/wp-json\/wp\/v2\/comments?post=4106"}],"version-history":[{"count":6,"href":"https:\/\/clearcoupon.com\/au\/wp-json\/wp\/v2\/pages\/4106\/revisions"}],"predecessor-version":[{"id":40444,"href":"https:\/\/clearcoupon.com\/au\/wp-json\/wp\/v2\/pages\/4106\/revisions\/40444"}],"wp:attachment":[{"href":"https:\/\/clearcoupon.com\/au\/wp-json\/wp\/v2\/media?parent=4106"}],"curies":[{"name":"wp","href":"https:\/\/api.w.org\/{rel}","templated":true}]}}