{"id":21,"date":"2022-12-01T09:46:48","date_gmt":"2022-12-01T09:46:48","guid":{"rendered":"https:\/\/clearcoupon.com\/en\/?page_id=21"},"modified":"2025-10-17T11:11:49","modified_gmt":"2025-10-17T11:11:49","slug":"om-os","status":"publish","type":"page","link":"https:\/\/clearcoupon.com\/dk\/om-os\/","title":{"rendered":"Om os"},"content":{"rendered":"<p>Velkommen til <strong>ClearCoupon<\/strong> \u2013 din ultimative destination for uovertrufne kuponer, tilbud og daglige tilbud. Vi er dedikeret til at hj\u00e6lpe dig med at spare penge p\u00e5 de produkter og tjenester, du elsker, ved at tilbyde en omfattende platform, hvor de bedste rabatter kun er et klik v\u00e6k.<\/p>\n<p><span style=\"font-size: 14pt;\"><strong>Vores mission<\/strong><\/span><\/p>\n<p>Hos ClearCoupon er vores mission enkel: at g\u00f8re det nemt og tilg\u00e6ngeligt for alle at spare. Vi mener, at du ikke beh\u00f8ver at g\u00e5 p\u00e5 kompromis med kvalitet eller oplevelse for at f\u00e5 en god handel. Derfor arbejder vi utr\u00e6tteligt p\u00e5 at samle de mest v\u00e6rdifulde tilbud fra f\u00f8rende forhandlere og m\u00e6rker p\u00e5 tv\u00e6rs af forskellige brancher.<\/p>\n<p><span style=\"font-size: 14pt;\"><strong>Hvad vi tilbyder<\/strong><\/span><\/p>\n<p>&#8211; <strong>Eksklusive kuponer<\/strong>: F\u00e5 adgang til et stort udvalg af eksklusive kuponer, som du ikke finder andre steder.<br \/>\n&#8211; <strong>Daglige tilbud<\/strong>: Opdag nye tilbud hver dag, s\u00e5 du altid har de nyeste og bedste rabatter lige ved h\u00e5nden.<br \/>\n&#8211; <strong>Bekr\u00e6ftede tilbud<\/strong>: Shop trygt, velvidende at alle vores kuponer og tilbud er verificerede og opdaterede.<br \/>\n&#8211; <strong>Brugervenlig oplevelse<\/strong>: Naviger nemt gennem kategorier, og find pr\u00e6cis det, du leder efter, med vores intuitive platform.<\/p>\n<p><span style=\"font-size: 14pt;\"><strong>Hvorfor v\u00e6lge ClearCoupon<\/strong><\/span><\/p>\n<p>&#8211; <strong>Spar tid og penge<\/strong>: Slut med at s\u00f8ge p\u00e5 internettet efter tilbud \u2013 vi samler dem alle \u00e9t sted.<\/p>\n<p>&#8211; <strong>Forskellige kategorier<\/strong>: Fra mode og elektronik til rejser og restauranter d\u00e6kker vi en bred vifte af produkter og tjenester.<\/p>\n<p>&#8211; <strong>F\u00e6llesskabsfokuseret<\/strong>: Bliv en del af et f\u00e6llesskab af kyndige kunder, der deler tips, anmeldelser og de seneste tilbud.<\/p>\n<p>&#8211; <strong>Sikker og p\u00e5lidelig<\/strong>: Din tillid er vigtig for os, og vi er forpligtet til at opretholde en sikker platform til alle dine shoppingbehov.<\/p>\n<p><span style=\"font-size: 14pt;\"><strong>Bliv en del af ClearCoupon-f\u00e6llesskabet<\/strong><\/span><\/p>\n<p>Begynd at maksimere dine besparelser i dag ved at blive en del af ClearCoupon-f\u00e6llesskabet. Tilmeld dig vores nyhedsbrev for at f\u00e5 eksklusive tilbud leveret direkte til din indbakke, og f\u00f8lg os p\u00e5 sociale medier for at holde dig opdateret om de hotteste tilbud.<\/p>\n<p><span style=\"font-size: 14pt;\"><strong>Kontakt os<\/strong><\/span><\/p>\n<p>Vi s\u00e6tter pris p\u00e5 din feedback og er her for at hj\u00e6lpe dig med eventuelle sp\u00f8rgsm\u00e5l eller bekymringer. Du er velkommen til at kontakte os n\u00e5r som helst \u2013 vi er altid glade for at hj\u00e6lpe!<\/p>\n<p>Tak, fordi du valgte ClearCoupon. God forn\u00f8jelse med at spare!<\/p>\n","protected":false},"excerpt":{"rendered":"<p>Velkommen til ClearCoupon \u2013 din ultimative destination for uovertrufne kuponer, tilbud og daglige tilbud. Vi er dedikeret til at hj\u00e6lpe dig med at spare penge p\u00e5 de produkter og tjenester, du elsker, ved at tilbyde en omfattende platform, hvor de bedste rabatter kun er et klik v\u00e6k. Vores mission Hos ClearCoupon er vores mission enkel: [&hellip;]<\/p>\n","protected":false},"author":3,"featured_media":0,"parent":0,"menu_order":3,"comment_status":"closed","ping_status":"closed","template":"","meta":{"_acf_changed":false,"footnotes":""},"class_list":["post-21","page","type-page","status-publish","hentry"],"acf":[],"yoast_head":"<!-- This site is optimized with the Yoast SEO plugin v25.1 - https:\/\/yoast.com\/wordpress\/plugins\/seo\/ -->\n<title>Om os - ClearCoupon<\/title>\n<meta name=\"robots\" content=\"index, follow, max-snippet:-1, max-image-preview:large, max-video-preview:-1\" \/>\n<link rel=\"canonical\" href=\"https:\/\/clearcoupon.com\/dk\/om-os\/\" \/>\n<meta property=\"og:locale\" content=\"en_US\" \/>\n<meta property=\"og:type\" content=\"article\" \/>\n<meta property=\"og:title\" content=\"Om os - ClearCoupon\" \/>\n<meta property=\"og:description\" content=\"Velkommen til ClearCoupon \u2013 din ultimative destination for uovertrufne kuponer, tilbud og daglige tilbud. Vi er dedikeret til at hj\u00e6lpe dig med at spare penge p\u00e5 de produkter og tjenester, du elsker, ved at tilbyde en omfattende platform, hvor de bedste rabatter kun er et klik v\u00e6k. Vores mission Hos ClearCoupon er vores mission enkel: [&hellip;]\" \/>\n<meta property=\"og:url\" content=\"https:\/\/clearcoupon.com\/dk\/om-os\/\" \/>\n<meta property=\"og:site_name\" content=\"ClearCoupon\" \/>\n<meta property=\"article:modified_time\" content=\"2025-10-17T11:11:49+00:00\" \/>\n<meta name=\"twitter:card\" content=\"summary_large_image\" \/>\n<meta name=\"twitter:label1\" content=\"Est. reading time\" \/>\n\t<meta name=\"twitter:data1\" content=\"2 minutes\" \/>\n<script type=\"application\/ld+json\" class=\"yoast-schema-graph\">{\"@context\":\"https:\/\/schema.org\",\"@graph\":[{\"@type\":\"WebPage\",\"@id\":\"https:\/\/clearcoupon.com\/dk\/om-os\/\",\"url\":\"https:\/\/clearcoupon.com\/dk\/om-os\/\",\"name\":\"Om os - ClearCoupon\",\"isPartOf\":{\"@id\":\"https:\/\/clearcoupon.com\/dk\/#website\"},\"datePublished\":\"2022-12-01T09:46:48+00:00\",\"dateModified\":\"2025-10-17T11:11:49+00:00\",\"breadcrumb\":{\"@id\":\"https:\/\/clearcoupon.com\/dk\/om-os\/#breadcrumb\"},\"inLanguage\":\"en-US\",\"potentialAction\":[{\"@type\":\"ReadAction\",\"target\":[\"https:\/\/clearcoupon.com\/dk\/om-os\/\"]}]},{\"@type\":\"BreadcrumbList\",\"@id\":\"https:\/\/clearcoupon.com\/dk\/om-os\/#breadcrumb\",\"itemListElement\":[{\"@type\":\"ListItem\",\"position\":1,\"name\":\"Home\",\"item\":\"https:\/\/clearcoupon.com\/dk\/\"},{\"@type\":\"ListItem\",\"position\":2,\"name\":\"Om os\"}]},{\"@type\":\"WebSite\",\"@id\":\"https:\/\/clearcoupon.com\/dk\/#website\",\"url\":\"https:\/\/clearcoupon.com\/dk\/\",\"name\":\"ClearCoupon\",\"description\":\"ClearCoupon | Din Betroede Partner Til Besparelser Og Kuponer 2025\",\"publisher\":{\"@id\":\"https:\/\/clearcoupon.com\/dk\/#organization\"},\"potentialAction\":[{\"@type\":\"SearchAction\",\"target\":{\"@type\":\"EntryPoint\",\"urlTemplate\":\"https:\/\/clearcoupon.com\/dk\/?s={search_term_string}\"},\"query-input\":{\"@type\":\"PropertyValueSpecification\",\"valueRequired\":true,\"valueName\":\"search_term_string\"}}],\"inLanguage\":\"en-US\"},{\"@type\":\"Organization\",\"@id\":\"https:\/\/clearcoupon.com\/dk\/#organization\",\"name\":\"ClearCoupon\",\"url\":\"https:\/\/clearcoupon.com\/dk\/\",\"logo\":{\"@type\":\"ImageObject\",\"inLanguage\":\"en-US\",\"@id\":\"https:\/\/clearcoupon.com\/dk\/#\/schema\/logo\/image\/\",\"url\":\"https:\/\/clearcoupon.com\/dk\/wp-content\/uploads\/2024\/01\/Coing-SoOn.png\",\"contentUrl\":\"https:\/\/clearcoupon.com\/dk\/wp-content\/uploads\/2024\/01\/Coing-SoOn.png\",\"width\":360,\"height\":80,\"caption\":\"ClearCoupon\"},\"image\":{\"@id\":\"https:\/\/clearcoupon.com\/dk\/#\/schema\/logo\/image\/\"}}]}<\/script>\n<!-- \/ Yoast SEO plugin. -->","yoast_head_json":{"title":"Om os - ClearCoupon","robots":{"index":"index","follow":"follow","max-snippet":"max-snippet:-1","max-image-preview":"max-image-preview:large","max-video-preview":"max-video-preview:-1"},"canonical":"https:\/\/clearcoupon.com\/dk\/om-os\/","og_locale":"en_US","og_type":"article","og_title":"Om os - ClearCoupon","og_description":"Velkommen til ClearCoupon \u2013 din ultimative destination for uovertrufne kuponer, tilbud og daglige tilbud. Vi er dedikeret til at hj\u00e6lpe dig med at spare penge p\u00e5 de produkter og tjenester, du elsker, ved at tilbyde en omfattende platform, hvor de bedste rabatter kun er et klik v\u00e6k. Vores mission Hos ClearCoupon er vores mission enkel: [&hellip;]","og_url":"https:\/\/clearcoupon.com\/dk\/om-os\/","og_site_name":"ClearCoupon","article_modified_time":"2025-10-17T11:11:49+00:00","twitter_card":"summary_large_image","twitter_misc":{"Est. reading time":"2 minutes"},"schema":{"@context":"https:\/\/schema.org","@graph":[{"@type":"WebPage","@id":"https:\/\/clearcoupon.com\/dk\/om-os\/","url":"https:\/\/clearcoupon.com\/dk\/om-os\/","name":"Om os - ClearCoupon","isPartOf":{"@id":"https:\/\/clearcoupon.com\/dk\/#website"},"datePublished":"2022-12-01T09:46:48+00:00","dateModified":"2025-10-17T11:11:49+00:00","breadcrumb":{"@id":"https:\/\/clearcoupon.com\/dk\/om-os\/#breadcrumb"},"inLanguage":"en-US","potentialAction":[{"@type":"ReadAction","target":["https:\/\/clearcoupon.com\/dk\/om-os\/"]}]},{"@type":"BreadcrumbList","@id":"https:\/\/clearcoupon.com\/dk\/om-os\/#breadcrumb","itemListElement":[{"@type":"ListItem","position":1,"name":"Home","item":"https:\/\/clearcoupon.com\/dk\/"},{"@type":"ListItem","position":2,"name":"Om os"}]},{"@type":"WebSite","@id":"https:\/\/clearcoupon.com\/dk\/#website","url":"https:\/\/clearcoupon.com\/dk\/","name":"ClearCoupon","description":"ClearCoupon | Din Betroede Partner Til Besparelser Og Kuponer 2025","publisher":{"@id":"https:\/\/clearcoupon.com\/dk\/#organization"},"potentialAction":[{"@type":"SearchAction","target":{"@type":"EntryPoint","urlTemplate":"https:\/\/clearcoupon.com\/dk\/?s={search_term_string}"},"query-input":{"@type":"PropertyValueSpecification","valueRequired":true,"valueName":"search_term_string"}}],"inLanguage":"en-US"},{"@type":"Organization","@id":"https:\/\/clearcoupon.com\/dk\/#organization","name":"ClearCoupon","url":"https:\/\/clearcoupon.com\/dk\/","logo":{"@type":"ImageObject","inLanguage":"en-US","@id":"https:\/\/clearcoupon.com\/dk\/#\/schema\/logo\/image\/","url":"https:\/\/clearcoupon.com\/dk\/wp-content\/uploads\/2024\/01\/Coing-SoOn.png","contentUrl":"https:\/\/clearcoupon.com\/dk\/wp-content\/uploads\/2024\/01\/Coing-SoOn.png","width":360,"height":80,"caption":"ClearCoupon"},"image":{"@id":"https:\/\/clearcoupon.com\/dk\/#\/schema\/logo\/image\/"}}]}},"_links":{"self":[{"href":"https:\/\/clearcoupon.com\/dk\/wp-json\/wp\/v2\/pages\/21","targetHints":{"allow":["GET"]}}],"collection":[{"href":"https:\/\/clearcoupon.com\/dk\/wp-json\/wp\/v2\/pages"}],"about":[{"href":"https:\/\/clearcoupon.com\/dk\/wp-json\/wp\/v2\/types\/page"}],"author":[{"embeddable":true,"href":"https:\/\/clearcoupon.com\/dk\/wp-json\/wp\/v2\/users\/3"}],"replies":[{"embeddable":true,"href":"https:\/\/clearcoupon.com\/dk\/wp-json\/wp\/v2\/comments?post=21"}],"version-history":[{"count":8,"href":"https:\/\/clearcoupon.com\/dk\/wp-json\/wp\/v2\/pages\/21\/revisions"}],"predecessor-version":[{"id":53218,"href":"https:\/\/clearcoupon.com\/dk\/wp-json\/wp\/v2\/pages\/21\/revisions\/53218"}],"wp:attachment":[{"href":"https:\/\/clearcoupon.com\/dk\/wp-json\/wp\/v2\/media?parent=21"}],"curies":[{"name":"wp","href":"https:\/\/api.w.org\/{rel}","templated":true}]}}