{"id":23,"date":"2022-12-01T09:47:04","date_gmt":"2022-12-01T09:47:04","guid":{"rendered":"https:\/\/clearcoupon.com\/en\/?page_id=23"},"modified":"2025-10-17T11:13:16","modified_gmt":"2025-10-17T11:13:16","slug":"privatlivspolitik","status":"publish","type":"page","link":"https:\/\/clearcoupon.com\/dk\/privatlivspolitik\/","title":{"rendered":"Privatlivspolitik"},"content":{"rendered":"<h1>Clearcoupon Privatlivspolitik<\/h1>\n<p>Denne privatlivspolitik kan tilg\u00e5s, gemmes og udskrives n\u00e5r som helst p\u00e5 <a href=\"https:\/\/clearcoupon.com\/en\/\">clearcoupon.com<\/a>.<\/p>\n<p>Vi respekterer dit privatliv og v\u00e6rds\u00e6tter det forhold, vi har med dig. Nye EU-databeskyttelsesregler tr\u00e6der i kraft den 25. maj 2018. Den generelle forordning om databeskyttelse (GDPR) og den nye tyske f\u00f8derale databeskyttelseslov (BDSG) skaber strengere regler for websteder, herunder clearcoupon. Det betyder, at Clearcoupon fra nu af vil overholde endnu mere pr\u00e6cise retningslinjer for brug og opbevaring af brugerdata. Det giver ogs\u00e5 brugerne mere kontrol over, hvordan websteder bruger deres personlige oplysninger.<\/p>\n<p>Denne privatlivspolitik er blevet revideret for at overholde g\u00e6ldende databeskyttelsesregler. Den beskriver, hvilke personlige brugerdata vi indsamler, og hvordan vi bruger disse data \u2013 med det form\u00e5l at informere og beskytte vores brugere bedst muligt.<\/p>\n<p>Vores privatlivspolitik d\u00e6kker ogs\u00e5 de foranstaltninger, vi tr\u00e6ffer for at sikre sikkerheden af \u200b\u200bpersonoplysninger. Den indeholder ogs\u00e5 oplysninger om, hvordan du som bruger kan kontakte os for at anmode om \u00e6ndringer i dine kontaktoplysninger eller stille sp\u00f8rgsm\u00e5l om vores brug af dine personoplysninger. Bem\u00e6rk venligst, at denne privatlivspolitik kun g\u00e6lder for data, der gives til Clearcoupon.<\/p>\n<p>F\u00f8lgende oplysninger om beskyttelse af personlige oplysninger g\u00e6lder udelukkende for clearcoupon.com. Hvis du flytter fra denne side til et andet websted, g\u00e6lder der andre privatlivspolitikker, og vi opfordrer dig til ogs\u00e5 at l\u00e6se det p\u00e5g\u00e6ldende websteds privatlivspolitik.<\/p>\n<p>Hvis vi beslutter at \u00e6ndre vores privatlivspolitik, vil vi indarbejde disse \u00e6ndringer i dette dokument og offentligg\u00f8re dem p\u00e5 vores websted og\/eller andre steder, vi finder passende. P\u00e5 denne m\u00e5de \u00f8nsker vi, at vores brugere til enhver tid er s\u00e5 informerede som muligt om, hvordan vi indsamler og bruger oplysninger, og under hvilke omst\u00e6ndigheder vi videregiver dem. Derudover giver vi dig mulighed for at frav\u00e6lge eventuelle \u00e6ndringer.<\/p>\n<p>Fordi vi forst\u00e5r, at juridiske tekster og retningslinjer ofte kan v\u00e6re vanskelige at forst\u00e5, har vi bestr\u00e6bt os p\u00e5 at holde vores privatlivspolitik s\u00e5 enkel og forst\u00e5elig som muligt.<\/p>\n<p>Clearcoupon forsikrer sine brugere om, at de opererer inden for rammerne af g\u00e6ldende databeskyttelsesregler og dermed sikrer sikkerheden af \u200b\u200bde data, du giver Clearcoupon.<\/p>\n<h2>Opbevaring af dine personoplysninger<\/h2>\n<p>N\u00e5r du bruger voucher-e-mailen, indsamles der personoplysninger (e-mailadresse). Clearcoupon bruger udelukkende din e-mailadresse til at informere dig om nye voucher. Du kan til enhver tid slette din e-mailadresse ved at klikke p\u00e5 afmeldingslinket nederst i hver e-mail. Vi deler naturligvis ikke din e-mailadresse med tredjeparter.<\/p>\n<h3>Oplysninger vi indsamler fra dig<\/h3>\n<p>For at muligg\u00f8re optimal brug af vores hjemmeside og alle dens funktioner indsamler og bruger vi personlige oplysninger fra vores bes\u00f8gende. Det er frivilligt at give personlige oplysninger ud over dette form\u00e5l.<\/p>\n<p>Ligesom andre hjemmesider indsamler og gemmer vi automatisk visse oplysninger, n\u00e5r du bes\u00f8ger vores hjemmeside. Vi bruger cookies og disse yderligere oplysninger til at forbedre den individuelle brugeroplevelse og levere de bedst mulige personlige resultater.<\/p>\n<p>De indsamlede data er opdelt i f\u00f8lgende grupper:<\/p>\n<h3><span style=\"font-size: 12pt;\">E-mail-nyhedsbrev<\/span><\/h3>\n<p>Vi tilbyder dig muligheden for at abonnere p\u00e5 vores e-mail-nyhedsbrev. Du kan til enhver tid afmelde dig. Klik blot p\u00e5 linket &#8220;Afmeld&#8221; i slutningen af \u200b\u200bhvert nyhedsbrev. For mere information, se afsnittet &#8220;\u00c6ndring eller opdatering af personlige oplysninger&#8221; l\u00e6ngere nede i dette dokument.<\/p>\n<h3><span style=\"font-size: 12pt;\">Brugeragent<\/span><\/h3>\n<p>Hvis du bes\u00f8ger vores hjemmeside ved hj\u00e6lp af en mobilenhed eller browser, kan din browser og\/eller mobilenhed automatisk indsamle og sende din IP-adresse, placeringsoplysninger, enhedsm\u00e6rke, netv\u00e6rksudbyder og lignende oplysninger til os. Vi kan bruge disse oplysninger til at levere placeringsbaseret annoncering, indhold og tjenester.<\/p>\n<h3>Cookies<\/h3>\n<p>Clearcoupon bruger cookies flere steder. Disse skader ikke din computer. De er simpelthen designet til at g\u00f8re Clearcoupon mere brugervenlig. De fleste af de cookies, vi bruger, er s\u00e5kaldte &#8220;sessionscookies&#8221;. Cookies slettes automatisk efter dit bes\u00f8g.<\/p>\n<h4>Essentielle cookies<\/h4>\n<p>Disse cookies er n\u00f8dvendige for at muligg\u00f8re brugen af \u200b\u200bvores hjemmeside med alle dens funktioner. Uden disse cookies kan n\u00f8dvendige tjenester ikke leveres.<\/p>\n<p>Et eksempel p\u00e5 brugen af \u200b\u200bdisse cookies er f\u00f8lgende:<\/p>\n<p>Sporing af indl\u00f8sning af v\u00e6rdikuponer. En cookie giver os mulighed for at spore det bel\u00f8b, en bruger af vores hjemmeside bruger p\u00e5 et k\u00f8b hos en af \u200b\u200bvores partnere, og dermed beregne vores provision.<\/p>\n<h4>Funktionelle cookies<\/h4>\n<p>Disse cookies g\u00f8r det muligt for hjemmesiden at huske hver brugers valg og tilbyde yderligere og\/eller personlige funktioner baseret p\u00e5 disse valg.<\/p>\n<p>For eksempel:<\/p>\n<p>Huskelse af cookiepr\u00e6ferencer, s\u00e5 du ikke beh\u00f8ver at sp\u00f8rge hver gang.<\/p>\n<p>Huskelse af tidligere handlinger, s\u00e5som indtastninger i s\u00f8gefelter.<\/p>\n<p>Ydeevnecookies<\/p>\n<p>Disse cookies hj\u00e6lper med at forbedre Clearcoupon-hjemmesidens ydeevne ved blandt andet at indsamle oplysninger om, hvilke sider der bes\u00f8ges oftest. Disse oplysninger giver os mulighed for at give vores brugere en bedre oplevelse.<\/p>\n<h3>Google Analytics rapporter<\/h3>\n<ul>\n<li>sikre at hjemmesiden fungerer korrekt<\/li>\n<li>test af designopdateringer for at m\u00e5le brugervenlighed<\/li>\n<\/ul>\n<p>Du kan v\u00e6lge at blive underrettet, hver gang en cookie sendes, eller forhindre den i at blive gemt automatisk i din browser ved hj\u00e6lp af dine browserindstillinger. Da hver browser fungerer lidt forskelligt, b\u00f8r du se i din browsers hj\u00e6lpefunktion for at f\u00e5 mere at vide om dine individuelle cookieindstillinger.<\/p>\n<p>Hvis du v\u00e6lger at deaktivere cookies p\u00e5 din enhed, fungerer nogle funktioner p\u00e5 Clearcoupon-webstedet muligvis ikke l\u00e6ngere.<\/p>\n<h3>Pixel-sporing<\/h3>\n<p>Vi bruger en softwareteknologi kaldet pixelsporing (ogs\u00e5 kendt som web beacons\/web bugs). Dette hj\u00e6lper os med at forbedre indhold ved at informere os om effektiviteten af \u200b\u200bvores indhold. Det g\u00f8r vi gennem s\u00e5kaldte &#8220;clear gifs&#8221;. Clear gifs er sm\u00e5, unikt identificerbare grafikker, der i funktion minder om cookies. De bruges til at spore en brugers navigation p\u00e5 vores websted. Clear gifs er dog ikke knyttet til en brugers personlige oplysninger og kan derfor ikke direkte forbindes med en person. Vi bruger ogs\u00e5 clear gifs i vores HTML-baserede e-mails til at f\u00e5 oplysninger om, hvilke e-mails der \u00e5bnes af modtagere. Dette giver os mulighed for at evaluere effektiviteten af \u200b\u200bbestemte kommunikations- og marketingkampagner.<\/p>\n<h3>Indholdet af onlinetilbuddet<\/h3>\n<p>Forfatteren p\u00e5tager sig intet ansvar for aktualiteten, rigtigheden, fuldst\u00e6ndigheden eller kvaliteten af \u200b\u200bde givne oplysninger. Ansvarskrav mod forfatteren for materielle eller immaterielle skader for\u00e5rsaget af brugen eller manglende brug af de givne oplysninger eller af brugen af \u200b\u200bukorrekte eller ufuldst\u00e6ndige oplysninger er principielt udelukket, medmindre forfatteren har gjort sig skyldig i fors\u00e6t eller grov uagtsomhed.<\/p>\n<p>Alle tilbud er uforpligtende og kan \u00e6ndres. Forfatteren forbeholder sig udtrykkeligt retten til at \u00e6ndre, supplere eller slette dele af siderne eller hele tilbuddet eller til midlertidigt eller permanent at oph\u00f8re med offentligg\u00f8relsen heraf uden forudg\u00e5ende varsel.<\/p>\n<h3>Google Analytics<\/h3>\n<p>Dette websted bruger Google Analytics, en webanalysetjeneste leveret af Google Inc. Google Analytics bruger s\u00e5kaldte &#8220;cookies&#8221;, som er tekstfiler, der placeres p\u00e5 din computer, for at hj\u00e6lpe webstedet med at analysere, hvordan brugerne bruger webstedet. Google bruger disse oplysninger til at evaluere din brug af webstedet, til at udarbejde rapporter om webstedsaktivitet til webstedsoperat\u00f8rer og til at levere andre tjenester relateret til webstedsaktivitet og internetbrug. Google kan ogs\u00e5 overf\u00f8re disse oplysninger til tredjeparter, hvor det er p\u00e5kr\u00e6vet ved lov, eller hvor s\u00e5danne tredjeparter behandler dataene p\u00e5 Googles vegne. Google vil aldrig forbinde din IP-adresse med andre data, som Google opbevarer. Du kan afvise brugen af \u200b\u200bcookies ved at v\u00e6lge de relevante indstillinger i din browser. Bem\u00e6rk dog, at hvis du g\u00f8r dette, kan du muligvis ikke bruge webstedets fulde funktionalitet. Ved at bruge dette websted accepterer du, at Google behandler data om dig p\u00e5 den m\u00e5de og til de form\u00e5l, der er beskrevet ovenfor.<\/p>\n<h3>Fortrolighed og sikkerhed<\/h3>\n<p>Sikkerheden af \u200b\u200bdine personlige oplysninger er vigtig for os, og clearcoupon f\u00f8lger en r\u00e6kke foranstaltninger for at sikre dette:<\/p>\n<ul>\n<li>Vi begr\u00e6nser adgangen til personlige oplysninger til de medarbejdere eller enkeltpersoner, der har brug for dem for at levere vores tjenester.<\/li>\n<li>Clearcoupon-medarbejdere skal overholde strenge politikker og procedurer for beskyttelse og h\u00e5ndtering af personoplysninger. Medarbejdere, der overtr\u00e6der disse regler, vil blive underlagt disciplin\u00e6re foranstaltninger.<\/li>\n<li>For at beskytte dine data opretholder vi fysiske, elektroniske og procedurem\u00e6ssige sikkerhedsforanstaltninger, der overholder g\u00e6ldende databeskyttelsesregler.<\/li>\n<li>Vi bruger sikre datakrypteringsteknologier i henhold til de nyeste tekniske standarder til transmission og modtagelse af data.<\/li>\n<\/ul>\n<h3>Tredjeparts links<\/h3>\n<p>Denne privatlivspolitik g\u00e6lder for alle oplysninger, du giver til clearcoupon. Vi linker dog ogs\u00e5 til andre websteder p\u00e5 vores hjemmeside. V\u00e6r opm\u00e6rksom p\u00e5, at n\u00e5r du f\u00f8lger et link til et andet websted, tr\u00e6der privatlivspolitikken for det p\u00e5g\u00e6ldende websted i kraft.<\/p>\n<p>Andre websteder kan have forskellige politikker vedr\u00f8rende beskyttelse og opbevaring af dine data samt brugen af \u200b\u200bcookies og clear gifs. Vi anbefaler derfor, at du l\u00e6ser privatlivspolitikkerne for alle websteder, hvorfra du tilg\u00e5r tjenester, eller som du bes\u00f8ger.<\/p>\n<p>I tilf\u00e6lde af at clearcoupon modtager personlige oplysninger gennem en tredjepart, der ikke er relateret til de tjenester, vi tilbyder, vil brugen og delingen af \u200b\u200bdisse oplysninger v\u00e6re underlagt en kontrakt. Clearcoupon sikrer beskyttelsen af \u200b\u200bdisse oplysninger ved at overholde strenge retningslinjer.<\/p>\n<h3>Dine rettigheder:<\/h3>\n<ol>\n<li>\n<h4>Fortrydelsesret<\/h4>\n<\/li>\n<\/ol>\n<p>Ret til at fortryde<\/p>\n<p>Du har til enhver tid ret til at tr\u00e6kke dit samtykke tilbage, uden at det p\u00e5virker lovligheden af \u200b\u200bden behandling, der udf\u00f8res p\u00e5 grundlag af samtykket indtil tilbagetr\u00e6kningen. Du kan ogs\u00e5 til enhver tid sende eller underrette os om din tilbagetr\u00e6kning af samtykke (f.eks. via e-mail til <a href=\"mailto:contact@clearcoupon.com\">contact@clearcoupon.com<\/a>).<\/p>\n<p>Du kan ogs\u00e5 ud\u00f8ve dit samtykke ved blot at klikke p\u00e5 linket i vores nyhedsbrev.<\/p>\n<ol start=\"2\">\n<li>\n<h4>Ret til at g\u00f8re indsigelse<\/h4>\n<\/li>\n<\/ol>\n<p>Hvis behandlingen af \u200b\u200bdine data ikke er omfattet af dit samtykke (is\u00e6r logfiler), har du ret til at g\u00f8re indsigelse. Du kan til enhver tid sende din indsigelse til os eller underrette os (f.eks. via e-mail til <a href=\"mailto:contact@clearcoupon.com\">contact@clearcoupon.com<\/a>).<\/p>\n<p>Dataene slettes, s\u00e5 snart de ikke l\u00e6ngere er n\u00f8dvendige for at opn\u00e5 det form\u00e5l, de blev indsamlet til. Dine registreringsdata gemmes derfor kun, s\u00e5 l\u00e6nge dit nyhedsbrevsabonnement er aktivt. De behandlede oplysninger gemmes kun, s\u00e5 l\u00e6nge det er n\u00f8dvendigt for det tilsigtede form\u00e5l eller som p\u00e5kr\u00e6vet ved lov.<\/p>\n<p>Afgivelse af personoplysninger er hverken lovm\u00e6ssigt eller kontraktligt p\u00e5kr\u00e6vet, og det er heller ikke n\u00f8dvendigt for indg\u00e5else af en kontrakt. Du er heller ikke forpligtet til at afgive personoplysningerne. Manglende afgivelse af disse vil dog betyde, at vi ikke kan sende dig et nyhedsbrev.<\/p>\n","protected":false},"excerpt":{"rendered":"<p>Clearcoupon Privatlivspolitik Denne privatlivspolitik kan tilg\u00e5s, gemmes og udskrives n\u00e5r som helst p\u00e5 clearcoupon.com. Vi respekterer dit privatliv og v\u00e6rds\u00e6tter det forhold, vi har med dig. Nye EU-databeskyttelsesregler tr\u00e6der i kraft den 25. maj 2018. Den generelle forordning om databeskyttelse (GDPR) og den nye tyske f\u00f8derale databeskyttelseslov (BDSG) skaber strengere regler for websteder, herunder clearcoupon. [&hellip;]<\/p>\n","protected":false},"author":3,"featured_media":0,"parent":0,"menu_order":7,"comment_status":"closed","ping_status":"closed","template":"","meta":{"_acf_changed":false,"footnotes":""},"class_list":["post-23","page","type-page","status-publish","hentry"],"acf":[],"yoast_head":"<!-- This site is optimized with the Yoast SEO plugin v25.1 - https:\/\/yoast.com\/wordpress\/plugins\/seo\/ -->\n<title>Privatlivspolitik - ClearCoupon<\/title>\n<meta name=\"description\" content=\"Wir respektieren Ihre Privatsph\u00e4re und sch\u00e4tzen die Beziehung, die wir mit Ihnen haben. Ab dem 25. Mai 2018 treten neue EU...\" \/>\n<meta name=\"robots\" content=\"index, follow, max-snippet:-1, max-image-preview:large, max-video-preview:-1\" \/>\n<link rel=\"canonical\" href=\"https:\/\/clearcoupon.com\/dk\/privatlivspolitik\/\" \/>\n<meta property=\"og:locale\" content=\"en_US\" \/>\n<meta property=\"og:type\" content=\"article\" \/>\n<meta property=\"og:title\" content=\"Privatlivspolitik - ClearCoupon\" \/>\n<meta property=\"og:description\" content=\"Wir respektieren Ihre Privatsph\u00e4re und sch\u00e4tzen die Beziehung, die wir mit Ihnen haben. Ab dem 25. Mai 2018 treten neue EU...\" \/>\n<meta property=\"og:url\" content=\"https:\/\/clearcoupon.com\/dk\/privatlivspolitik\/\" \/>\n<meta property=\"og:site_name\" content=\"ClearCoupon\" \/>\n<meta property=\"article:modified_time\" content=\"2025-10-17T11:13:16+00:00\" \/>\n<meta name=\"twitter:card\" content=\"summary_large_image\" \/>\n<meta name=\"twitter:label1\" content=\"Est. reading time\" \/>\n\t<meta name=\"twitter:data1\" content=\"8 minutes\" \/>\n<script type=\"application\/ld+json\" class=\"yoast-schema-graph\">{\"@context\":\"https:\/\/schema.org\",\"@graph\":[{\"@type\":\"WebPage\",\"@id\":\"https:\/\/clearcoupon.com\/dk\/privatlivspolitik\/\",\"url\":\"https:\/\/clearcoupon.com\/dk\/privatlivspolitik\/\",\"name\":\"Privatlivspolitik - ClearCoupon\",\"isPartOf\":{\"@id\":\"https:\/\/clearcoupon.com\/dk\/#website\"},\"datePublished\":\"2022-12-01T09:47:04+00:00\",\"dateModified\":\"2025-10-17T11:13:16+00:00\",\"description\":\"Wir respektieren Ihre Privatsph\u00e4re und sch\u00e4tzen die Beziehung, die wir mit Ihnen haben. Ab dem 25. Mai 2018 treten neue EU...\",\"breadcrumb\":{\"@id\":\"https:\/\/clearcoupon.com\/dk\/privatlivspolitik\/#breadcrumb\"},\"inLanguage\":\"en-US\",\"potentialAction\":[{\"@type\":\"ReadAction\",\"target\":[\"https:\/\/clearcoupon.com\/dk\/privatlivspolitik\/\"]}]},{\"@type\":\"BreadcrumbList\",\"@id\":\"https:\/\/clearcoupon.com\/dk\/privatlivspolitik\/#breadcrumb\",\"itemListElement\":[{\"@type\":\"ListItem\",\"position\":1,\"name\":\"Home\",\"item\":\"https:\/\/clearcoupon.com\/dk\/\"},{\"@type\":\"ListItem\",\"position\":2,\"name\":\"Privatlivspolitik\"}]},{\"@type\":\"WebSite\",\"@id\":\"https:\/\/clearcoupon.com\/dk\/#website\",\"url\":\"https:\/\/clearcoupon.com\/dk\/\",\"name\":\"ClearCoupon\",\"description\":\"ClearCoupon | Din Betroede Partner Til Besparelser Og Kuponer 2025\",\"publisher\":{\"@id\":\"https:\/\/clearcoupon.com\/dk\/#organization\"},\"potentialAction\":[{\"@type\":\"SearchAction\",\"target\":{\"@type\":\"EntryPoint\",\"urlTemplate\":\"https:\/\/clearcoupon.com\/dk\/?s={search_term_string}\"},\"query-input\":{\"@type\":\"PropertyValueSpecification\",\"valueRequired\":true,\"valueName\":\"search_term_string\"}}],\"inLanguage\":\"en-US\"},{\"@type\":\"Organization\",\"@id\":\"https:\/\/clearcoupon.com\/dk\/#organization\",\"name\":\"ClearCoupon\",\"url\":\"https:\/\/clearcoupon.com\/dk\/\",\"logo\":{\"@type\":\"ImageObject\",\"inLanguage\":\"en-US\",\"@id\":\"https:\/\/clearcoupon.com\/dk\/#\/schema\/logo\/image\/\",\"url\":\"https:\/\/clearcoupon.com\/dk\/wp-content\/uploads\/2024\/01\/Coing-SoOn.png\",\"contentUrl\":\"https:\/\/clearcoupon.com\/dk\/wp-content\/uploads\/2024\/01\/Coing-SoOn.png\",\"width\":360,\"height\":80,\"caption\":\"ClearCoupon\"},\"image\":{\"@id\":\"https:\/\/clearcoupon.com\/dk\/#\/schema\/logo\/image\/\"}}]}<\/script>\n<!-- \/ Yoast SEO plugin. -->","yoast_head_json":{"title":"Privatlivspolitik - ClearCoupon","description":"Wir respektieren Ihre Privatsph\u00e4re und sch\u00e4tzen die Beziehung, die wir mit Ihnen haben. Ab dem 25. Mai 2018 treten neue EU...","robots":{"index":"index","follow":"follow","max-snippet":"max-snippet:-1","max-image-preview":"max-image-preview:large","max-video-preview":"max-video-preview:-1"},"canonical":"https:\/\/clearcoupon.com\/dk\/privatlivspolitik\/","og_locale":"en_US","og_type":"article","og_title":"Privatlivspolitik - ClearCoupon","og_description":"Wir respektieren Ihre Privatsph\u00e4re und sch\u00e4tzen die Beziehung, die wir mit Ihnen haben. Ab dem 25. Mai 2018 treten neue EU...","og_url":"https:\/\/clearcoupon.com\/dk\/privatlivspolitik\/","og_site_name":"ClearCoupon","article_modified_time":"2025-10-17T11:13:16+00:00","twitter_card":"summary_large_image","twitter_misc":{"Est. reading time":"8 minutes"},"schema":{"@context":"https:\/\/schema.org","@graph":[{"@type":"WebPage","@id":"https:\/\/clearcoupon.com\/dk\/privatlivspolitik\/","url":"https:\/\/clearcoupon.com\/dk\/privatlivspolitik\/","name":"Privatlivspolitik - ClearCoupon","isPartOf":{"@id":"https:\/\/clearcoupon.com\/dk\/#website"},"datePublished":"2022-12-01T09:47:04+00:00","dateModified":"2025-10-17T11:13:16+00:00","description":"Wir respektieren Ihre Privatsph\u00e4re und sch\u00e4tzen die Beziehung, die wir mit Ihnen haben. Ab dem 25. Mai 2018 treten neue EU...","breadcrumb":{"@id":"https:\/\/clearcoupon.com\/dk\/privatlivspolitik\/#breadcrumb"},"inLanguage":"en-US","potentialAction":[{"@type":"ReadAction","target":["https:\/\/clearcoupon.com\/dk\/privatlivspolitik\/"]}]},{"@type":"BreadcrumbList","@id":"https:\/\/clearcoupon.com\/dk\/privatlivspolitik\/#breadcrumb","itemListElement":[{"@type":"ListItem","position":1,"name":"Home","item":"https:\/\/clearcoupon.com\/dk\/"},{"@type":"ListItem","position":2,"name":"Privatlivspolitik"}]},{"@type":"WebSite","@id":"https:\/\/clearcoupon.com\/dk\/#website","url":"https:\/\/clearcoupon.com\/dk\/","name":"ClearCoupon","description":"ClearCoupon | Din Betroede Partner Til Besparelser Og Kuponer 2025","publisher":{"@id":"https:\/\/clearcoupon.com\/dk\/#organization"},"potentialAction":[{"@type":"SearchAction","target":{"@type":"EntryPoint","urlTemplate":"https:\/\/clearcoupon.com\/dk\/?s={search_term_string}"},"query-input":{"@type":"PropertyValueSpecification","valueRequired":true,"valueName":"search_term_string"}}],"inLanguage":"en-US"},{"@type":"Organization","@id":"https:\/\/clearcoupon.com\/dk\/#organization","name":"ClearCoupon","url":"https:\/\/clearcoupon.com\/dk\/","logo":{"@type":"ImageObject","inLanguage":"en-US","@id":"https:\/\/clearcoupon.com\/dk\/#\/schema\/logo\/image\/","url":"https:\/\/clearcoupon.com\/dk\/wp-content\/uploads\/2024\/01\/Coing-SoOn.png","contentUrl":"https:\/\/clearcoupon.com\/dk\/wp-content\/uploads\/2024\/01\/Coing-SoOn.png","width":360,"height":80,"caption":"ClearCoupon"},"image":{"@id":"https:\/\/clearcoupon.com\/dk\/#\/schema\/logo\/image\/"}}]}},"_links":{"self":[{"href":"https:\/\/clearcoupon.com\/dk\/wp-json\/wp\/v2\/pages\/23","targetHints":{"allow":["GET"]}}],"collection":[{"href":"https:\/\/clearcoupon.com\/dk\/wp-json\/wp\/v2\/pages"}],"about":[{"href":"https:\/\/clearcoupon.com\/dk\/wp-json\/wp\/v2\/types\/page"}],"author":[{"embeddable":true,"href":"https:\/\/clearcoupon.com\/dk\/wp-json\/wp\/v2\/users\/3"}],"replies":[{"embeddable":true,"href":"https:\/\/clearcoupon.com\/dk\/wp-json\/wp\/v2\/comments?post=23"}],"version-history":[{"count":16,"href":"https:\/\/clearcoupon.com\/dk\/wp-json\/wp\/v2\/pages\/23\/revisions"}],"predecessor-version":[{"id":53222,"href":"https:\/\/clearcoupon.com\/dk\/wp-json\/wp\/v2\/pages\/23\/revisions\/53222"}],"wp:attachment":[{"href":"https:\/\/clearcoupon.com\/dk\/wp-json\/wp\/v2\/media?parent=23"}],"curies":[{"name":"wp","href":"https:\/\/api.w.org\/{rel}","templated":true}]}}