{"id":4106,"date":"2023-05-12T12:25:39","date_gmt":"2023-05-12T12:25:39","guid":{"rendered":"https:\/\/clearcoupon.com\/en\/?page_id=4106"},"modified":"2025-10-18T12:02:24","modified_gmt":"2025-10-18T12:02:24","slug":"vilkar-og-betingelser","status":"publish","type":"page","link":"https:\/\/clearcoupon.com\/dk\/vilkar-og-betingelser\/","title":{"rendered":"Vilk\u00e5r og betingelser"},"content":{"rendered":"<h2><span dir=\"auto\" style=\"vertical-align: inherit;\"><span dir=\"auto\" style=\"vertical-align: inherit;\">Terms and conditions<\/span><\/span><\/h2>\n<p><span dir=\"auto\" style=\"vertical-align: inherit;\"><span dir=\"auto\" style=\"vertical-align: inherit;\">Welcome to ClearCoupon!<\/span><\/span><\/p>\n<p><span dir=\"auto\" style=\"vertical-align: inherit;\"><span dir=\"auto\" style=\"vertical-align: inherit;\">These terms and conditions describe the rules and regulations for the use of the ClearCoupon website, which can be found at https:\/\/clearcoupon.com\/dk\/.<\/span><\/span><\/p>\n<p><span dir=\"auto\" style=\"vertical-align: inherit;\"><span dir=\"auto\" style=\"vertical-align: inherit;\">By accessing this website, we assume that you accept these terms and conditions. Do not continue to use ClearCoupon if you do not agree to all of the terms and conditions stated on this page.<\/span><\/span><\/p>\n<p><span dir=\"auto\" style=\"vertical-align: inherit;\"><span dir=\"auto\" style=\"vertical-align: inherit;\">The following terminology applies to these Terms and Conditions, Privacy Policy and Disclaimer and all Agreements: \u201cClient\u201d, \u201cYou\u201d and \u201cYour\u201d refers to you, the person logging onto this website and complying with the Company\u2019s Terms and Conditions. \u201cCompany\u201d, \u201cOurselves\u201d, \u201cWe\u201d, \u201cOur\u201d and \u201cUs\u201d refers to our company. \u201cParty\u201d, \u201cParties\u201d or \u201cUs\u201d refers to both the Client and ourselves. All terms refer to the offer, acceptance and consideration of the payment necessary to perform our assistance to the Client for the express purpose of best meeting the Client\u2019s needs in relation to the provision of the Company\u2019s stated services, in accordance with and subject to applicable law in e.g. Any use of the above terminology or other words in the singular, plural, capitalized and\/or he\/she or they shall be deemed interchangeable and therefore refer to the same.<\/span><\/span><\/p>\n<h3><strong>Cookies<\/strong><\/h3>\n<p><span dir=\"auto\" style=\"vertical-align: inherit;\"><span dir=\"auto\" style=\"vertical-align: inherit;\">We use cookies. By accessing ClearCoupon, you agree to the use of cookies in accordance with ClearCoupon&#8217;s Privacy Policy.<\/span><\/span><\/p>\n<p><span dir=\"auto\" style=\"vertical-align: inherit;\"><span dir=\"auto\" style=\"vertical-align: inherit;\">Most interactive websites use cookies to remember user information for each visit. Cookies are used by our website to enable the functionality of certain areas and to make our website easier for visitors. Some of our affiliate\/advertising partners may also use cookies.<\/span><\/span><\/p>\n<p><strong><span dir=\"auto\" style=\"vertical-align: inherit;\"><span dir=\"auto\" style=\"vertical-align: inherit;\">License<\/span><\/span><\/strong><\/p>\n<p><span dir=\"auto\" style=\"vertical-align: inherit;\"><span dir=\"auto\" style=\"vertical-align: inherit;\">Unless otherwise stated, ClearCoupon and\/or its licensors own the intellectual property rights in all materials on ClearCoupon. All intellectual property rights are reserved. You may access these materials from ClearCoupon for your personal use, subject to the restrictions set forth in these terms and conditions.<\/span><\/span><\/p>\n<p><span dir=\"auto\" style=\"vertical-align: inherit;\"><span dir=\"auto\" style=\"vertical-align: inherit;\">You must not:<\/span><\/span><\/p>\n<ul>\n<li><span dir=\"auto\" style=\"vertical-align: inherit;\"><span dir=\"auto\" style=\"vertical-align: inherit;\">Republish material from ClearCoupon<\/span><\/span><\/li>\n<li><span dir=\"auto\" style=\"vertical-align: inherit;\"><span dir=\"auto\" style=\"vertical-align: inherit;\">Sell, rent or sublicense material from ClearCoupon<\/span><\/span><\/li>\n<li><span dir=\"auto\" style=\"vertical-align: inherit;\"><span dir=\"auto\" style=\"vertical-align: inherit;\">Reproduce, duplicate or copy material from ClearCoupon<\/span><\/span><\/li>\n<li><span dir=\"auto\" style=\"vertical-align: inherit;\"><span dir=\"auto\" style=\"vertical-align: inherit;\">Redistribute content from ClearCoupon<\/span><\/span><\/li>\n<\/ul>\n<p><span dir=\"auto\" style=\"vertical-align: inherit;\"><span dir=\"auto\" style=\"vertical-align: inherit;\">Portions of this website allow users to post and share opinions and information in certain areas of the website. ClearCoupon does not filter, edit, publish or review Comments before they appear on the website. Comments do not reflect the views and opinions of ClearCoupon, its agents and\/or affiliates. Comments reflect the views and opinions of the individual posting their views and opinions. To the extent permitted by applicable law, ClearCoupon is not responsible for the Comments or for any liability, damages or expenses caused and\/or suffered as a result of any use of and\/or posting of and\/or display of the Comments on this website.<\/span><\/span><\/p>\n<p><span dir=\"auto\" style=\"vertical-align: inherit;\"><span dir=\"auto\" style=\"vertical-align: inherit;\">ClearCoupon reserves the right to monitor all Comments and to remove any Comments which can be considered inappropriate, offensive or in breach of these Terms and Conditions.<\/span><\/span><\/p>\n<p><span dir=\"auto\" style=\"vertical-align: inherit;\"><span dir=\"auto\" style=\"vertical-align: inherit;\">You warrant and represent that:<\/span><\/span><\/p>\n<ul>\n<li><span dir=\"auto\" style=\"vertical-align: inherit;\"><span dir=\"auto\" style=\"vertical-align: inherit;\">You have the right to post comments on our website and have all necessary licenses and consents to do so;<\/span><\/span><\/li>\n<li><span dir=\"auto\" style=\"vertical-align: inherit;\"><span dir=\"auto\" style=\"vertical-align: inherit;\">The Comments do not infringe any intellectual property right, including, but not limited to, copyrights, patents or trademarks of any third party;<\/span><\/span><\/li>\n<li><span dir=\"auto\" style=\"vertical-align: inherit;\"><span dir=\"auto\" style=\"vertical-align: inherit;\">The comments do not contain defamatory, libelous, offensive, obscene or otherwise unlawful material that constitutes a violation of privacy.<\/span><\/span><\/li>\n<li><span dir=\"auto\" style=\"vertical-align: inherit;\"><span dir=\"auto\" style=\"vertical-align: inherit;\">The comments will not be used to solicit or promote business or custom or present commercial activities or illegal activities.<\/span><\/span><\/li>\n<\/ul>\n<p><span dir=\"auto\" style=\"vertical-align: inherit;\"><span dir=\"auto\" style=\"vertical-align: inherit;\">You hereby grant ClearCoupon a non-exclusive license to use, reproduce, edit and authorize others to use, reproduce and edit your Comments in any form, format or media.<\/span><\/span><\/p>\n<h3><strong><span dir=\"auto\" style=\"vertical-align: inherit;\"><span dir=\"auto\" style=\"vertical-align: inherit;\">Hyperlink to our content<\/span><\/span><\/strong><\/h3>\n<p><span dir=\"auto\" style=\"vertical-align: inherit;\"><span dir=\"auto\" style=\"vertical-align: inherit;\">The following organizations may link to our website without prior written permission:<\/span><\/span><\/p>\n<ul>\n<li><span dir=\"auto\" style=\"vertical-align: inherit;\"><span dir=\"auto\" style=\"vertical-align: inherit;\">Public bodies;<\/span><\/span><\/li>\n<li><span dir=\"auto\" style=\"vertical-align: inherit;\"><span dir=\"auto\" style=\"vertical-align: inherit;\">Search engines;<\/span><\/span><\/li>\n<li><span dir=\"auto\" style=\"vertical-align: inherit;\"><span dir=\"auto\" style=\"vertical-align: inherit;\">News organizations;<\/span><\/span><\/li>\n<li><span dir=\"auto\" style=\"vertical-align: inherit;\"><span dir=\"auto\" style=\"vertical-align: inherit;\">Online catalog distributors may link to our website in the same way they link to websites of other listed companies.<\/span><\/span><\/li>\n<li><span dir=\"auto\" style=\"vertical-align: inherit;\"><span dir=\"auto\" style=\"vertical-align: inherit;\">System-wide accredited businesses, except soliciting nonprofits, charity centers, and charity fundraising groups, which are not permitted to link to our website.<\/span><\/span><\/li>\n<\/ul>\n<p><span dir=\"auto\" style=\"vertical-align: inherit;\"><span dir=\"auto\" style=\"vertical-align: inherit;\">These organizations may link to our website, to publications, or to other information on the website, as long as the link: (a) is not in any way misleading; (b) does not falsely imply sponsorship, endorsement, or approval of the linking party and its products and\/or services; and (c) fits within the context of the linking party&#8217;s website.<\/span><\/span><\/p>\n<p><span dir=\"auto\" style=\"vertical-align: inherit;\"><span dir=\"auto\" style=\"vertical-align: inherit;\">We may consider and approve other link requests from the following types of organizations:<\/span><\/span><\/p>\n<ul>\n<li><span dir=\"auto\" style=\"vertical-align: inherit;\"><span dir=\"auto\" style=\"vertical-align: inherit;\">generally known sources of information for consumers and\/or businesses;<\/span><\/span><\/li>\n<li><span dir=\"auto\" style=\"vertical-align: inherit;\"><span dir=\"auto\" style=\"vertical-align: inherit;\">dot.com Community Websites;<\/span><\/span><\/li>\n<li><span dir=\"auto\" style=\"vertical-align: inherit;\"><span dir=\"auto\" style=\"vertical-align: inherit;\">Associations or other groups representing charities;<\/span><\/span><\/li>\n<li><span dir=\"auto\" style=\"vertical-align: inherit;\"><span dir=\"auto\" style=\"vertical-align: inherit;\">online catalog distributors;<\/span><\/span><\/li>\n<li><span dir=\"auto\" style=\"vertical-align: inherit;\"><span dir=\"auto\" style=\"vertical-align: inherit;\">Internet portal;<\/span><\/span><\/li>\n<li><span dir=\"auto\" style=\"vertical-align: inherit;\"><span dir=\"auto\" style=\"vertical-align: inherit;\">auditing, law and consulting firms; and<\/span><\/span><\/li>\n<li><span dir=\"auto\" style=\"vertical-align: inherit;\"><span dir=\"auto\" style=\"vertical-align: inherit;\">Educational institutions and professional associations.<\/span><\/span><\/li>\n<\/ul>\n<p><span dir=\"auto\" style=\"vertical-align: inherit;\"><span dir=\"auto\" style=\"vertical-align: inherit;\">We approve link requests from these organizations if we determine that: (a) the link will not make us look unfavorably about ourselves or our accredited businesses; (b) the organization does not have a negative history with us; (c) the benefit to us of the visibility of the hyperlink compensates for the absence of ClearCoupon; and (d) the link is in the context of general resource information.<\/span><\/span><\/p>\n<p><span dir=\"auto\" style=\"vertical-align: inherit;\"><span dir=\"auto\" style=\"vertical-align: inherit;\">These organizations may link to our website as long as the link: (a) is not in any way misleading; (b) does not falsely imply sponsorship, endorsement, or approval of the linking party and its products or services; and (c) fits within the context of the linking party&#8217;s website.<\/span><\/span><\/p>\n<p><span dir=\"auto\" style=\"vertical-align: inherit;\"><span dir=\"auto\" style=\"vertical-align: inherit;\">If you are one of the organizations listed in Section 2 above and are interested in linking to our website, please notify us by sending an email to ClearCoupon. Please include your name, your organization name, contact information, the URL of your website, a list of any URLs from which you intend to link to our website, and a list of the URLs on our website to which you would like to link. It may take 2-3 weeks for a response.<\/span><\/span><\/p>\n<p><span dir=\"auto\" style=\"vertical-align: inherit;\"><span dir=\"auto\" style=\"vertical-align: inherit;\">Approved organizations may link to our website in the following way:<\/span><\/span><\/p>\n<ul>\n<li><span dir=\"auto\" style=\"vertical-align: inherit;\"><span dir=\"auto\" style=\"vertical-align: inherit;\">By using our company name; or<\/span><\/span><\/li>\n<li><span dir=\"auto\" style=\"vertical-align: inherit;\"><span dir=\"auto\" style=\"vertical-align: inherit;\">By using the Uniform Resource Locator associated with; or<\/span><\/span><\/li>\n<li><span dir=\"auto\" style=\"vertical-align: inherit;\"><span dir=\"auto\" style=\"vertical-align: inherit;\">The use of any other description of our website being linked to makes sense in the context and format of the content on the linking party&#8217;s website.<\/span><\/span><\/li>\n<\/ul>\n<p><span dir=\"auto\" style=\"vertical-align: inherit;\"><span dir=\"auto\" style=\"vertical-align: inherit;\">Use of the ClearCoupons logo or other artwork for linking is not permitted without a trademark license agreement.<\/span><\/span><\/p>\n<h3><strong><span dir=\"auto\" style=\"vertical-align: inherit;\"><span dir=\"auto\" style=\"vertical-align: inherit;\">frames<\/span><\/span><\/strong><\/h3>\n<p><span dir=\"auto\" style=\"vertical-align: inherit;\"><span dir=\"auto\" style=\"vertical-align: inherit;\">Without prior approval and written permission, you may not create frames around our web pages that in any way alter the visual presentation or appearance of our website.<\/span><\/span><\/p>\n<h3><strong><span dir=\"auto\" style=\"vertical-align: inherit;\"><span dir=\"auto\" style=\"vertical-align: inherit;\">Responsibility for content<\/span><\/span><\/strong><\/h3>\n<p><span dir=\"auto\" style=\"vertical-align: inherit;\"><span dir=\"auto\" style=\"vertical-align: inherit;\">We assume no responsibility for content displayed on your website. You agree to protect and defend us against any claims made on your website. No links may be displayed on any website that could be construed as libelous, obscene or criminal, or that infringes, otherwise violates or encourages the infringement or other violation of third party rights.<\/span><\/span><\/p>\n<h3><strong><span dir=\"auto\" style=\"vertical-align: inherit;\"><span dir=\"auto\" style=\"vertical-align: inherit;\">Reservation of rights<\/span><\/span><\/strong><\/h3>\n<p><span dir=\"auto\" style=\"vertical-align: inherit;\"><span dir=\"auto\" style=\"vertical-align: inherit;\">We reserve the right to request that you remove all links or specific links to our website. You agree to immediately remove all links to our website upon request. We also reserve the right to change these Terms of Service and Linking Policy at any time. By continuing to link to our website, you agree to be bound by and comply with these Linking Terms and Conditions.<\/span><\/span><\/p>\n<h3><strong><span dir=\"auto\" style=\"vertical-align: inherit;\"><span dir=\"auto\" style=\"vertical-align: inherit;\">Removal of links from our website<\/span><\/span><\/strong><\/h3>\n<p><span dir=\"auto\" style=\"vertical-align: inherit;\"><span dir=\"auto\" style=\"vertical-align: inherit;\">If you find a link on our website that is objectionable for any reason, you can contact us at any time and let us know. We will consider requests to remove links, but we are not obligated to respond to you directly.<\/span><\/span><\/p>\n<p><span dir=\"auto\" style=\"vertical-align: inherit;\"><span dir=\"auto\" style=\"vertical-align: inherit;\">We do not guarantee the accuracy of the information on this website, nor do we warrant its completeness or accuracy. We also do not promise to ensure that the website remains available or that the material on the website is kept up to date.<\/span><\/span><\/p>\n<h3><strong><span dir=\"auto\" style=\"vertical-align: inherit;\"><span dir=\"auto\" style=\"vertical-align: inherit;\">Disclaimer<\/span><\/span><\/strong><\/h3>\n<p><span dir=\"auto\" style=\"vertical-align: inherit;\"><span dir=\"auto\" style=\"vertical-align: inherit;\">To the fullest extent permitted by law, we disclaim all representations, warranties and conditions relating to our website and the use of this website. Nothing in this disclaimer will:<\/span><\/span><\/p>\n<ul>\n<li><span dir=\"auto\" style=\"vertical-align: inherit;\"><span dir=\"auto\" style=\"vertical-align: inherit;\">limit or exclude our or your liability for death or personal injury;<\/span><\/span><\/li>\n<li><span dir=\"auto\" style=\"vertical-align: inherit;\"><span dir=\"auto\" style=\"vertical-align: inherit;\">limit or exclude our or your liability for fraud or fraudulent misrepresentation;<\/span><\/span><\/li>\n<li><span dir=\"auto\" style=\"vertical-align: inherit;\"><span dir=\"auto\" style=\"vertical-align: inherit;\">Limit our or your obligations in any way that is not permitted under applicable law.<\/span><\/span><\/li>\n<li><span dir=\"auto\" style=\"vertical-align: inherit;\"><span dir=\"auto\" style=\"vertical-align: inherit;\">excludes all of our or your liabilities that may not be excluded under applicable law.<\/span><\/span><\/li>\n<\/ul>\n<p><span dir=\"auto\" style=\"vertical-align: inherit;\"><span dir=\"auto\" style=\"vertical-align: inherit;\">The limitations and prohibitions of liability set forth in this section and elsewhere in this disclaimer: (a) are subject to the preceding section; and (b) govern all liability arising under the disclaimer, including liability arising in contract, tort, and breach of statutory duty.<\/span><\/span><\/p>\n<p><span dir=\"auto\" style=\"vertical-align: inherit;\"><span dir=\"auto\" style=\"vertical-align: inherit;\">As long as the website and the information and services on the website are provided free of charge, we are not liable for any loss or damage of any kind.<\/span><\/span><\/p>\n","protected":false},"excerpt":{"rendered":"<p>Terms and conditions Welcome to ClearCoupon! These terms and conditions describe the rules and regulations for the use of the ClearCoupon website, which can be found at https:\/\/clearcoupon.com\/dk\/. By accessing this website, we assume that you accept these terms and conditions. Do not continue to use ClearCoupon if you do not agree to all of [&hellip;]<\/p>\n","protected":false},"author":3,"featured_media":0,"parent":0,"menu_order":0,"comment_status":"closed","ping_status":"closed","template":"","meta":{"_acf_changed":false,"footnotes":""},"class_list":["post-4106","page","type-page","status-publish","hentry"],"acf":[],"yoast_head":"<!-- This site is optimized with the Yoast SEO plugin v25.1 - https:\/\/yoast.com\/wordpress\/plugins\/seo\/ -->\n<title>Vilk\u00e5r og betingelser - ClearCoupon<\/title>\n<meta name=\"description\" content=\"Diese Allgemeinen Gesch\u00e4ftsbedingungen beschreiben die Regeln und Vorschriften f\u00fcr die Nutzung der Website von ClearCoupon...\" \/>\n<meta name=\"robots\" content=\"index, follow, max-snippet:-1, max-image-preview:large, max-video-preview:-1\" \/>\n<link rel=\"canonical\" href=\"https:\/\/clearcoupon.com\/dk\/vilkar-og-betingelser\/\" \/>\n<meta property=\"og:locale\" content=\"en_US\" \/>\n<meta property=\"og:type\" content=\"article\" \/>\n<meta property=\"og:title\" content=\"Vilk\u00e5r og betingelser - ClearCoupon\" \/>\n<meta property=\"og:description\" content=\"Diese Allgemeinen Gesch\u00e4ftsbedingungen beschreiben die Regeln und Vorschriften f\u00fcr die Nutzung der Website von ClearCoupon...\" \/>\n<meta property=\"og:url\" content=\"https:\/\/clearcoupon.com\/dk\/vilkar-og-betingelser\/\" \/>\n<meta property=\"og:site_name\" content=\"ClearCoupon\" \/>\n<meta property=\"article:modified_time\" content=\"2025-10-18T12:02:24+00:00\" \/>\n<meta name=\"twitter:card\" content=\"summary_large_image\" \/>\n<meta name=\"twitter:label1\" content=\"Est. reading time\" \/>\n\t<meta name=\"twitter:data1\" content=\"7 minutes\" \/>\n<script type=\"application\/ld+json\" class=\"yoast-schema-graph\">{\"@context\":\"https:\/\/schema.org\",\"@graph\":[{\"@type\":\"WebPage\",\"@id\":\"https:\/\/clearcoupon.com\/dk\/vilkar-og-betingelser\/\",\"url\":\"https:\/\/clearcoupon.com\/dk\/vilkar-og-betingelser\/\",\"name\":\"Vilk\u00e5r og betingelser - ClearCoupon\",\"isPartOf\":{\"@id\":\"https:\/\/clearcoupon.com\/dk\/#website\"},\"datePublished\":\"2023-05-12T12:25:39+00:00\",\"dateModified\":\"2025-10-18T12:02:24+00:00\",\"description\":\"Diese Allgemeinen Gesch\u00e4ftsbedingungen beschreiben die Regeln und Vorschriften f\u00fcr die Nutzung der Website von ClearCoupon...\",\"breadcrumb\":{\"@id\":\"https:\/\/clearcoupon.com\/dk\/vilkar-og-betingelser\/#breadcrumb\"},\"inLanguage\":\"en-US\",\"potentialAction\":[{\"@type\":\"ReadAction\",\"target\":[\"https:\/\/clearcoupon.com\/dk\/vilkar-og-betingelser\/\"]}]},{\"@type\":\"BreadcrumbList\",\"@id\":\"https:\/\/clearcoupon.com\/dk\/vilkar-og-betingelser\/#breadcrumb\",\"itemListElement\":[{\"@type\":\"ListItem\",\"position\":1,\"name\":\"Home\",\"item\":\"https:\/\/clearcoupon.com\/dk\/\"},{\"@type\":\"ListItem\",\"position\":2,\"name\":\"Vilk\u00e5r og betingelser\"}]},{\"@type\":\"WebSite\",\"@id\":\"https:\/\/clearcoupon.com\/dk\/#website\",\"url\":\"https:\/\/clearcoupon.com\/dk\/\",\"name\":\"ClearCoupon\",\"description\":\"ClearCoupon | Din Betroede Partner Til Besparelser Og Kuponer 2025\",\"publisher\":{\"@id\":\"https:\/\/clearcoupon.com\/dk\/#organization\"},\"potentialAction\":[{\"@type\":\"SearchAction\",\"target\":{\"@type\":\"EntryPoint\",\"urlTemplate\":\"https:\/\/clearcoupon.com\/dk\/?s={search_term_string}\"},\"query-input\":{\"@type\":\"PropertyValueSpecification\",\"valueRequired\":true,\"valueName\":\"search_term_string\"}}],\"inLanguage\":\"en-US\"},{\"@type\":\"Organization\",\"@id\":\"https:\/\/clearcoupon.com\/dk\/#organization\",\"name\":\"ClearCoupon\",\"url\":\"https:\/\/clearcoupon.com\/dk\/\",\"logo\":{\"@type\":\"ImageObject\",\"inLanguage\":\"en-US\",\"@id\":\"https:\/\/clearcoupon.com\/dk\/#\/schema\/logo\/image\/\",\"url\":\"https:\/\/clearcoupon.com\/dk\/wp-content\/uploads\/2024\/01\/Coing-SoOn.png\",\"contentUrl\":\"https:\/\/clearcoupon.com\/dk\/wp-content\/uploads\/2024\/01\/Coing-SoOn.png\",\"width\":360,\"height\":80,\"caption\":\"ClearCoupon\"},\"image\":{\"@id\":\"https:\/\/clearcoupon.com\/dk\/#\/schema\/logo\/image\/\"}}]}<\/script>\n<!-- \/ Yoast SEO plugin. -->","yoast_head_json":{"title":"Vilk\u00e5r og betingelser - ClearCoupon","description":"Diese Allgemeinen Gesch\u00e4ftsbedingungen beschreiben die Regeln und Vorschriften f\u00fcr die Nutzung der Website von ClearCoupon...","robots":{"index":"index","follow":"follow","max-snippet":"max-snippet:-1","max-image-preview":"max-image-preview:large","max-video-preview":"max-video-preview:-1"},"canonical":"https:\/\/clearcoupon.com\/dk\/vilkar-og-betingelser\/","og_locale":"en_US","og_type":"article","og_title":"Vilk\u00e5r og betingelser - ClearCoupon","og_description":"Diese Allgemeinen Gesch\u00e4ftsbedingungen beschreiben die Regeln und Vorschriften f\u00fcr die Nutzung der Website von ClearCoupon...","og_url":"https:\/\/clearcoupon.com\/dk\/vilkar-og-betingelser\/","og_site_name":"ClearCoupon","article_modified_time":"2025-10-18T12:02:24+00:00","twitter_card":"summary_large_image","twitter_misc":{"Est. reading time":"7 minutes"},"schema":{"@context":"https:\/\/schema.org","@graph":[{"@type":"WebPage","@id":"https:\/\/clearcoupon.com\/dk\/vilkar-og-betingelser\/","url":"https:\/\/clearcoupon.com\/dk\/vilkar-og-betingelser\/","name":"Vilk\u00e5r og betingelser - ClearCoupon","isPartOf":{"@id":"https:\/\/clearcoupon.com\/dk\/#website"},"datePublished":"2023-05-12T12:25:39+00:00","dateModified":"2025-10-18T12:02:24+00:00","description":"Diese Allgemeinen Gesch\u00e4ftsbedingungen beschreiben die Regeln und Vorschriften f\u00fcr die Nutzung der Website von ClearCoupon...","breadcrumb":{"@id":"https:\/\/clearcoupon.com\/dk\/vilkar-og-betingelser\/#breadcrumb"},"inLanguage":"en-US","potentialAction":[{"@type":"ReadAction","target":["https:\/\/clearcoupon.com\/dk\/vilkar-og-betingelser\/"]}]},{"@type":"BreadcrumbList","@id":"https:\/\/clearcoupon.com\/dk\/vilkar-og-betingelser\/#breadcrumb","itemListElement":[{"@type":"ListItem","position":1,"name":"Home","item":"https:\/\/clearcoupon.com\/dk\/"},{"@type":"ListItem","position":2,"name":"Vilk\u00e5r og betingelser"}]},{"@type":"WebSite","@id":"https:\/\/clearcoupon.com\/dk\/#website","url":"https:\/\/clearcoupon.com\/dk\/","name":"ClearCoupon","description":"ClearCoupon | Din Betroede Partner Til Besparelser Og Kuponer 2025","publisher":{"@id":"https:\/\/clearcoupon.com\/dk\/#organization"},"potentialAction":[{"@type":"SearchAction","target":{"@type":"EntryPoint","urlTemplate":"https:\/\/clearcoupon.com\/dk\/?s={search_term_string}"},"query-input":{"@type":"PropertyValueSpecification","valueRequired":true,"valueName":"search_term_string"}}],"inLanguage":"en-US"},{"@type":"Organization","@id":"https:\/\/clearcoupon.com\/dk\/#organization","name":"ClearCoupon","url":"https:\/\/clearcoupon.com\/dk\/","logo":{"@type":"ImageObject","inLanguage":"en-US","@id":"https:\/\/clearcoupon.com\/dk\/#\/schema\/logo\/image\/","url":"https:\/\/clearcoupon.com\/dk\/wp-content\/uploads\/2024\/01\/Coing-SoOn.png","contentUrl":"https:\/\/clearcoupon.com\/dk\/wp-content\/uploads\/2024\/01\/Coing-SoOn.png","width":360,"height":80,"caption":"ClearCoupon"},"image":{"@id":"https:\/\/clearcoupon.com\/dk\/#\/schema\/logo\/image\/"}}]}},"_links":{"self":[{"href":"https:\/\/clearcoupon.com\/dk\/wp-json\/wp\/v2\/pages\/4106","targetHints":{"allow":["GET"]}}],"collection":[{"href":"https:\/\/clearcoupon.com\/dk\/wp-json\/wp\/v2\/pages"}],"about":[{"href":"https:\/\/clearcoupon.com\/dk\/wp-json\/wp\/v2\/types\/page"}],"author":[{"embeddable":true,"href":"https:\/\/clearcoupon.com\/dk\/wp-json\/wp\/v2\/users\/3"}],"replies":[{"embeddable":true,"href":"https:\/\/clearcoupon.com\/dk\/wp-json\/wp\/v2\/comments?post=4106"}],"version-history":[{"count":10,"href":"https:\/\/clearcoupon.com\/dk\/wp-json\/wp\/v2\/pages\/4106\/revisions"}],"predecessor-version":[{"id":53523,"href":"https:\/\/clearcoupon.com\/dk\/wp-json\/wp\/v2\/pages\/4106\/revisions\/53523"}],"wp:attachment":[{"href":"https:\/\/clearcoupon.com\/dk\/wp-json\/wp\/v2\/media?parent=4106"}],"curies":[{"name":"wp","href":"https:\/\/api.w.org\/{rel}","templated":true}]}}