{"id":7,"date":"2022-11-30T11:53:22","date_gmt":"2022-11-30T11:53:22","guid":{"rendered":"https:\/\/clearcoupon.com\/en\/?page_id=7"},"modified":"2025-10-21T13:14:52","modified_gmt":"2025-10-21T13:14:52","slug":"hjem","status":"publish","type":"page","link":"https:\/\/clearcoupon.com\/dk\/","title":{"rendered":"Hjem"},"content":{"rendered":"","protected":false},"excerpt":{"rendered":"","protected":false},"author":3,"featured_media":0,"parent":0,"menu_order":6,"comment_status":"closed","ping_status":"closed","template":"","meta":{"_acf_changed":false,"footnotes":""},"class_list":["post-7","page","type-page","status-publish","hentry"],"acf":[],"yoast_head":"<!-- This site is optimized with the Yoast SEO plugin v25.1 - https:\/\/yoast.com\/wordpress\/plugins\/seo\/ -->\n<title>ClearCoupon | Din Betroede Partner Inden For Besparelser Og Kuponer2026<\/title>\n<meta name=\"description\" content=\"ClearCoupon engagerer forbrugere og p\u00e5virker k\u00f8bsbeslutninger ved hj\u00e6lp af strategiske kuponer, kampagner, tilbud og rabatter.\" \/>\n<meta name=\"robots\" content=\"index, follow, max-snippet:-1, max-image-preview:large, max-video-preview:-1\" \/>\n<link rel=\"canonical\" href=\"https:\/\/clearcoupon.com\/dk\/\" \/>\n<meta property=\"og:locale\" content=\"en_US\" \/>\n<meta property=\"og:type\" content=\"article\" \/>\n<meta property=\"og:title\" content=\"ClearCoupon | Din Betroede Partner Inden For Besparelser Og Kuponer2026\" \/>\n<meta property=\"og:description\" content=\"ClearCoupon engagerer forbrugere og p\u00e5virker k\u00f8bsbeslutninger ved hj\u00e6lp af strategiske kuponer, kampagner, tilbud og rabatter.\" \/>\n<meta property=\"og:url\" content=\"https:\/\/clearcoupon.com\/dk\/\" \/>\n<meta property=\"og:site_name\" content=\"ClearCoupon\" \/>\n<meta property=\"article:modified_time\" content=\"2025-10-21T13:14:52+00:00\" \/>\n<meta name=\"twitter:card\" content=\"summary_large_image\" \/>\n<script type=\"application\/ld+json\" class=\"yoast-schema-graph\">{\"@context\":\"https:\/\/schema.org\",\"@graph\":[{\"@type\":\"WebPage\",\"@id\":\"https:\/\/clearcoupon.com\/dk\/\",\"url\":\"https:\/\/clearcoupon.com\/dk\/\",\"name\":\"ClearCoupon | Din Betroede Partner Inden For Besparelser Og Kuponer2026\",\"isPartOf\":{\"@id\":\"https:\/\/clearcoupon.com\/dk\/#website\"},\"datePublished\":\"2022-11-30T11:53:22+00:00\",\"dateModified\":\"2025-10-21T13:14:52+00:00\",\"description\":\"ClearCoupon engagerer forbrugere og p\u00e5virker k\u00f8bsbeslutninger ved hj\u00e6lp af strategiske kuponer, kampagner, tilbud og rabatter.\",\"breadcrumb\":{\"@id\":\"https:\/\/clearcoupon.com\/dk\/#breadcrumb\"},\"inLanguage\":\"en-US\",\"potentialAction\":[{\"@type\":\"ReadAction\",\"target\":[\"https:\/\/clearcoupon.com\/dk\/\"]}]},{\"@type\":\"BreadcrumbList\",\"@id\":\"https:\/\/clearcoupon.com\/dk\/#breadcrumb\",\"itemListElement\":[{\"@type\":\"ListItem\",\"position\":1,\"name\":\"Home\",\"item\":\"https:\/\/clearcoupon.com\/dk\/\"},{\"@type\":\"ListItem\",\"position\":2,\"name\":\"Hjem\"}]},{\"@type\":\"WebSite\",\"@id\":\"https:\/\/clearcoupon.com\/dk\/#website\",\"url\":\"https:\/\/clearcoupon.com\/dk\/\",\"name\":\"ClearCoupon\",\"description\":\"ClearCoupon | Din Betroede Partner Til Besparelser Og Kuponer 2025\",\"publisher\":{\"@id\":\"https:\/\/clearcoupon.com\/dk\/#organization\"},\"potentialAction\":[{\"@type\":\"SearchAction\",\"target\":{\"@type\":\"EntryPoint\",\"urlTemplate\":\"https:\/\/clearcoupon.com\/dk\/?s={search_term_string}\"},\"query-input\":{\"@type\":\"PropertyValueSpecification\",\"valueRequired\":true,\"valueName\":\"search_term_string\"}}],\"inLanguage\":\"en-US\"},{\"@type\":\"Organization\",\"@id\":\"https:\/\/clearcoupon.com\/dk\/#organization\",\"name\":\"ClearCoupon\",\"url\":\"https:\/\/clearcoupon.com\/dk\/\",\"logo\":{\"@type\":\"ImageObject\",\"inLanguage\":\"en-US\",\"@id\":\"https:\/\/clearcoupon.com\/dk\/#\/schema\/logo\/image\/\",\"url\":\"https:\/\/clearcoupon.com\/dk\/wp-content\/uploads\/2024\/01\/Coing-SoOn.png\",\"contentUrl\":\"https:\/\/clearcoupon.com\/dk\/wp-content\/uploads\/2024\/01\/Coing-SoOn.png\",\"width\":360,\"height\":80,\"caption\":\"ClearCoupon\"},\"image\":{\"@id\":\"https:\/\/clearcoupon.com\/dk\/#\/schema\/logo\/image\/\"}}]}<\/script>\n<!-- \/ Yoast SEO plugin. -->","yoast_head_json":{"title":"ClearCoupon | Din Betroede Partner Inden For Besparelser Og Kuponer2026","description":"ClearCoupon engagerer forbrugere og p\u00e5virker k\u00f8bsbeslutninger ved hj\u00e6lp af strategiske kuponer, kampagner, tilbud og rabatter.","robots":{"index":"index","follow":"follow","max-snippet":"max-snippet:-1","max-image-preview":"max-image-preview:large","max-video-preview":"max-video-preview:-1"},"canonical":"https:\/\/clearcoupon.com\/dk\/","og_locale":"en_US","og_type":"article","og_title":"ClearCoupon | Din Betroede Partner Inden For Besparelser Og Kuponer2026","og_description":"ClearCoupon engagerer forbrugere og p\u00e5virker k\u00f8bsbeslutninger ved hj\u00e6lp af strategiske kuponer, kampagner, tilbud og rabatter.","og_url":"https:\/\/clearcoupon.com\/dk\/","og_site_name":"ClearCoupon","article_modified_time":"2025-10-21T13:14:52+00:00","twitter_card":"summary_large_image","schema":{"@context":"https:\/\/schema.org","@graph":[{"@type":"WebPage","@id":"https:\/\/clearcoupon.com\/dk\/","url":"https:\/\/clearcoupon.com\/dk\/","name":"ClearCoupon | Din Betroede Partner Inden For Besparelser Og Kuponer2026","isPartOf":{"@id":"https:\/\/clearcoupon.com\/dk\/#website"},"datePublished":"2022-11-30T11:53:22+00:00","dateModified":"2025-10-21T13:14:52+00:00","description":"ClearCoupon engagerer forbrugere og p\u00e5virker k\u00f8bsbeslutninger ved hj\u00e6lp af strategiske kuponer, kampagner, tilbud og rabatter.","breadcrumb":{"@id":"https:\/\/clearcoupon.com\/dk\/#breadcrumb"},"inLanguage":"en-US","potentialAction":[{"@type":"ReadAction","target":["https:\/\/clearcoupon.com\/dk\/"]}]},{"@type":"BreadcrumbList","@id":"https:\/\/clearcoupon.com\/dk\/#breadcrumb","itemListElement":[{"@type":"ListItem","position":1,"name":"Home","item":"https:\/\/clearcoupon.com\/dk\/"},{"@type":"ListItem","position":2,"name":"Hjem"}]},{"@type":"WebSite","@id":"https:\/\/clearcoupon.com\/dk\/#website","url":"https:\/\/clearcoupon.com\/dk\/","name":"ClearCoupon","description":"ClearCoupon | Din Betroede Partner Til Besparelser Og Kuponer 2025","publisher":{"@id":"https:\/\/clearcoupon.com\/dk\/#organization"},"potentialAction":[{"@type":"SearchAction","target":{"@type":"EntryPoint","urlTemplate":"https:\/\/clearcoupon.com\/dk\/?s={search_term_string}"},"query-input":{"@type":"PropertyValueSpecification","valueRequired":true,"valueName":"search_term_string"}}],"inLanguage":"en-US"},{"@type":"Organization","@id":"https:\/\/clearcoupon.com\/dk\/#organization","name":"ClearCoupon","url":"https:\/\/clearcoupon.com\/dk\/","logo":{"@type":"ImageObject","inLanguage":"en-US","@id":"https:\/\/clearcoupon.com\/dk\/#\/schema\/logo\/image\/","url":"https:\/\/clearcoupon.com\/dk\/wp-content\/uploads\/2024\/01\/Coing-SoOn.png","contentUrl":"https:\/\/clearcoupon.com\/dk\/wp-content\/uploads\/2024\/01\/Coing-SoOn.png","width":360,"height":80,"caption":"ClearCoupon"},"image":{"@id":"https:\/\/clearcoupon.com\/dk\/#\/schema\/logo\/image\/"}}]}},"_links":{"self":[{"href":"https:\/\/clearcoupon.com\/dk\/wp-json\/wp\/v2\/pages\/7","targetHints":{"allow":["GET"]}}],"collection":[{"href":"https:\/\/clearcoupon.com\/dk\/wp-json\/wp\/v2\/pages"}],"about":[{"href":"https:\/\/clearcoupon.com\/dk\/wp-json\/wp\/v2\/types\/page"}],"author":[{"embeddable":true,"href":"https:\/\/clearcoupon.com\/dk\/wp-json\/wp\/v2\/users\/3"}],"replies":[{"embeddable":true,"href":"https:\/\/clearcoupon.com\/dk\/wp-json\/wp\/v2\/comments?post=7"}],"version-history":[{"count":126,"href":"https:\/\/clearcoupon.com\/dk\/wp-json\/wp\/v2\/pages\/7\/revisions"}],"predecessor-version":[{"id":53522,"href":"https:\/\/clearcoupon.com\/dk\/wp-json\/wp\/v2\/pages\/7\/revisions\/53522"}],"wp:attachment":[{"href":"https:\/\/clearcoupon.com\/dk\/wp-json\/wp\/v2\/media?parent=7"}],"curies":[{"name":"wp","href":"https:\/\/api.w.org\/{rel}","templated":true}]}}