{"id":21,"date":"2022-12-01T09:46:48","date_gmt":"2022-12-01T09:46:48","guid":{"rendered":"https:\/\/clearcoupon.com\/en\/?page_id=21"},"modified":"2026-01-26T21:59:48","modified_gmt":"2026-01-26T21:59:48","slug":"sobre-nosotras","status":"publish","type":"page","link":"https:\/\/clearcoupon.com\/es\/sobre-nosotras\/","title":{"rendered":"Sobre nosotras"},"content":{"rendered":"<p>Bienvenido a <strong>ClearCoupon<\/strong>, tu mejor opci\u00f3n para encontrar cupones, ofertas y promociones diarias inigualables. Nos dedicamos a ayudarte a ahorrar dinero en los productos y servicios que te encantan, ofreci\u00e9ndote una plataforma integral donde los mejores descuentos est\u00e1n a un solo clic.<\/p>\n<p><span style=\"font-size: 14pt;\"><strong>Nuestra misi\u00f3n<\/strong><\/span><\/p>\n<p>En ClearCoupon, nuestra misi\u00f3n es simple: hacer que ahorrar sea f\u00e1cil y accesible para todos. Creemos que no deber\u00eda tener que sacrificar la calidad ni la experiencia para conseguir una gran oferta. Por eso trabajamos incansablemente para recopilar las mejores ofertas de los mejores minoristas y marcas de diversos sectores.<\/p>\n<p><span style=\"font-size: 14pt;\"><strong>Lo que ofrecemos<\/strong><\/span><\/p>\n<p>&#8211; <strong>Cupones exclusivos<\/strong>: Accede a una amplia selecci\u00f3n de cupones exclusivos que no encontrar\u00e1s en ning\u00fan otro lugar.<br \/>\n&#8211; <strong>Ofertas diarias<\/strong>: Descubre nuevas ofertas a diario, lo que te garantiza tener siempre los mejores descuentos al alcance de la mano.<br \/>\n&#8211; <strong>Ofertas verificadas<\/strong>: Compra con la tranquilidad de saber que todos nuestros cupones y ofertas est\u00e1n verificados y actualizados.<br \/>\n&#8211; <strong>Experiencia intuitiva<\/strong>: Navega f\u00e1cilmente por las categor\u00edas y encuentra justo lo que buscas con nuestra plataforma intuitiva.<\/p>\n<p><span style=\"font-size: 14pt;\"><strong>\u00bfPor qu\u00e9 elegir ClearCoupon?<\/strong><\/span><\/p>\n<p>&#8211; <strong>Ahorre tiempo y dinero<\/strong>: ya no es necesario buscar ofertas en Internet: las reunimos todas en un solo lugar.<br \/>\n&#8211; <strong>Categor\u00edas diversas<\/strong>: desde moda y electr\u00f3nica hasta viajes y gastronom\u00eda, cubrimos una amplia gama de productos y servicios.<br \/>\n&#8211; <strong>Enfocado en la comunidad<\/strong>: \u00danase a una comunidad de compradores inteligentes que comparten consejos, rese\u00f1as y las \u00faltimas ofertas.<br \/>\n&#8211; <strong>Seguro y confiable<\/strong>: su confianza es importante para nosotros y estamos comprometidos a mantener una plataforma segura para todas sus necesidades de compra.<\/p>\n<p><span style=\"font-size: 14pt;\"><strong>\u00danase a la comunidad ClearCoupon<\/strong><\/span><\/p>\n<p>Empieza a maximizar tus ahorros hoy mismo uni\u00e9ndote a la comunidad ClearCoupon. Suscr\u00edbete a nuestro bolet\u00edn para recibir ofertas exclusivas directamente en tu bandeja de entrada y s\u00edguenos en redes sociales para estar al tanto de las mejores ofertas.<\/p>\n<p><span style=\"font-size: 14pt;\"><strong>Ponte en contacto<\/strong><\/span><\/p>\n<p>Valoramos sus comentarios y estamos aqu\u00ed para ayudarle con cualquier pregunta o inquietud. No dude en <a href=\"https:\/\/clearcoupon.com\/en\/contact-us\/\">contactarnos<\/a> en cualquier momento; \u00a1estaremos encantados de ayudarle!<\/p>\n<p>Gracias por elegir ClearCoupon. \u00a1Que disfrutes ahorrando!<\/p>\n","protected":false},"excerpt":{"rendered":"<p>Bienvenido a ClearCoupon, tu mejor opci\u00f3n para encontrar cupones, ofertas y promociones diarias inigualables. Nos dedicamos a ayudarte a ahorrar dinero en los productos y servicios que te encantan, ofreci\u00e9ndote una plataforma integral donde los mejores descuentos est\u00e1n a un solo clic. Nuestra misi\u00f3n En ClearCoupon, nuestra misi\u00f3n es simple: hacer que ahorrar sea f\u00e1cil [&hellip;]<\/p>\n","protected":false},"author":3,"featured_media":0,"parent":0,"menu_order":3,"comment_status":"closed","ping_status":"closed","template":"","meta":{"_acf_changed":false,"footnotes":""},"class_list":["post-21","page","type-page","status-publish","hentry"],"acf":[],"_links":{"self":[{"href":"https:\/\/clearcoupon.com\/es\/wp-json\/wp\/v2\/pages\/21","targetHints":{"allow":["GET"]}}],"collection":[{"href":"https:\/\/clearcoupon.com\/es\/wp-json\/wp\/v2\/pages"}],"about":[{"href":"https:\/\/clearcoupon.com\/es\/wp-json\/wp\/v2\/types\/page"}],"author":[{"embeddable":true,"href":"https:\/\/clearcoupon.com\/es\/wp-json\/wp\/v2\/users\/3"}],"replies":[{"embeddable":true,"href":"https:\/\/clearcoupon.com\/es\/wp-json\/wp\/v2\/comments?post=21"}],"version-history":[{"count":8,"href":"https:\/\/clearcoupon.com\/es\/wp-json\/wp\/v2\/pages\/21\/revisions"}],"predecessor-version":[{"id":58690,"href":"https:\/\/clearcoupon.com\/es\/wp-json\/wp\/v2\/pages\/21\/revisions\/58690"}],"wp:attachment":[{"href":"https:\/\/clearcoupon.com\/es\/wp-json\/wp\/v2\/media?parent=21"}],"curies":[{"name":"wp","href":"https:\/\/api.w.org\/{rel}","templated":true}]}}