{"id":23,"date":"2022-12-01T09:47:04","date_gmt":"2022-12-01T09:47:04","guid":{"rendered":"https:\/\/clearcoupon.com\/en\/?page_id=23"},"modified":"2026-01-26T22:00:01","modified_gmt":"2026-01-26T22:00:01","slug":"politica-de-privacidad","status":"publish","type":"page","link":"https:\/\/clearcoupon.com\/es\/politica-de-privacidad\/","title":{"rendered":"pol\u00edtica de privacidad"},"content":{"rendered":"<h1>Pol\u00edtica de privacidad de Clearcoupon<\/h1>\n<p>Se puede acceder a esta pol\u00edtica de privacidad, guardarla e imprimirla en cualquier momento en <a href=\"https:\/\/clearcoupon.com\/en\/\">clearcoupon.com<\/a>.<\/p>\n<p>Respetamos su privacidad y valoramos nuestra relaci\u00f3n con usted. La nueva normativa de protecci\u00f3n de datos de la UE entrar\u00e1 en vigor el 25 de mayo de 2018. El Reglamento General de Protecci\u00f3n de Datos (RGPD) y la nueva Ley Federal de Protecci\u00f3n de Datos de Alemania (BDSG) establecen normas m\u00e1s estrictas para los sitios web, incluido Clearcoupon. Esto significa que, a partir de esta fecha, Clearcoupon se adherir\u00e1 a directrices a\u00fan m\u00e1s precisas para el uso y almacenamiento de los datos de los usuarios. Adem\u00e1s, los usuarios tendr\u00e1n un mayor control sobre c\u00f3mo los sitios web utilizan sus datos personales.<\/p>\n<p>Esta pol\u00edtica de privacidad se ha revisado para cumplir con la normativa vigente de protecci\u00f3n de datos. Describe qu\u00e9 datos personales de los usuarios recopilamos y c\u00f3mo los utilizamos, con el objetivo de informar y proteger a nuestros usuarios de la forma m\u00e1s eficaz posible.<\/p>\n<p>Nuestra pol\u00edtica de privacidad tambi\u00e9n describe las medidas que tomamos para garantizar la seguridad de sus datos personales. Adem\u00e1s, encontrar\u00e1 informaci\u00f3n sobre c\u00f3mo contactarnos para solicitar cambios en sus datos de contacto o para hacer preguntas sobre el uso que hacemos de sus datos personales. Tenga en cuenta que esta pol\u00edtica de privacidad se aplica \u00fanicamente a los datos proporcionados a Clearcoupon.<\/p>\n<p>La siguiente informaci\u00f3n sobre privacidad se aplica exclusivamente a clearcoupon.com. Si navega a otro sitio web desde este, se aplicar\u00e1n pol\u00edticas de privacidad diferentes, por lo que le recomendamos que revise tambi\u00e9n la pol\u00edtica de privacidad de ese sitio web.<\/p>\n<p>Si decidimos cambiar nuestra Pol\u00edtica de Privacidad, los introduciremos en este documento y los publicaremos en nuestro sitio web o en otros lugares que consideremos oportunos. De esta forma, queremos garantizar que nuestros usuarios est\u00e9n siempre lo mejor informados posible sobre c\u00f3mo recopilamos y utilizamos la informaci\u00f3n, y en qu\u00e9 circunstancias la compartimos. Tambi\u00e9n les ofrecemos la opci\u00f3n de darse de baja con cada cambio.<\/p>\n<p>Sabemos que los textos y directrices legales a menudo pueden ser dif\u00edciles de entender, por lo que hemos hecho todo lo posible para que nuestra Pol\u00edtica de Privacidad sea lo m\u00e1s sencilla y f\u00e1cil de entender posible.<\/p>\n<p>Clearcoupon garantiza a sus usuarios que opera de acuerdo con la normativa de protecci\u00f3n de datos aplicable y, por lo tanto, garantiza la seguridad de los datos que le proporcionan.<\/p>\n<h2>Conservaci\u00f3n de sus datos personales<\/h2>\n<p>Al utilizar el servicio de cupones por correo electr\u00f3nico, se recopilan datos personales (direcci\u00f3n de correo electr\u00f3nico). Clearcoupon utiliza su direcci\u00f3n de correo electr\u00f3nico \u00fanicamente para informarle sobre nuevos cupones. Puede eliminar su direcci\u00f3n de correo electr\u00f3nico en cualquier momento haciendo clic en el enlace para cancelar la suscripci\u00f3n que aparece al final de cada correo electr\u00f3nico. Por supuesto, no compartiremos su direcci\u00f3n de correo electr\u00f3nico con terceros.<\/p>\n<h3>Informaci\u00f3n que recopilamos de usted<\/h3>\n<p>Para garantizar el uso \u00f3ptimo de nuestro sitio web y todas sus funciones, recopilamos y utilizamos informaci\u00f3n personal de nuestros visitantes. Proporcionar informaci\u00f3n personal para fines distintos a este es voluntario.<\/p>\n<p>Al igual que otros sitios web, recopilamos y almacenamos autom\u00e1ticamente cierta informaci\u00f3n cuando visita nuestro sitio web. Utilizamos cookies y esta informaci\u00f3n adicional para mejorar su experiencia de usuario y ofrecerle los mejores resultados personalizados posibles.<\/p>\n<p>Los datos recopilados se dividen en los siguientes grupos:<\/p>\n<h4>Bolet\u00edn electr\u00f3nico<\/h4>\n<p>Le ofrecemos la oportunidad de suscribirse a nuestro bolet\u00edn informativo por correo electr\u00f3nico. Puede darse de baja en cualquier momento haciendo clic en el enlace &#8220;Cancelar suscripci\u00f3n&#8221; al final de cada bolet\u00edn. Tambi\u00e9n puede encontrar m\u00e1s informaci\u00f3n en la secci\u00f3n &#8220;Modificaci\u00f3n o actualizaci\u00f3n de sus datos personales&#8221; m\u00e1s abajo.<\/p>\n<h4>agente de usuario<\/h4>\n<p>Al visitar nuestro sitio web desde un dispositivo m\u00f3vil o navegador, su navegador o dispositivo m\u00f3vil puede recopilar y transmitirnos autom\u00e1ticamente su direcci\u00f3n IP, informaci\u00f3n de ubicaci\u00f3n, marca del dispositivo, proveedor de red e informaci\u00f3n similar. Podemos utilizar esta informaci\u00f3n para ofrecer publicidad, contenido y servicios basados \u200b\u200ben la ubicaci\u00f3n.<\/p>\n<h3>Galletas<\/h3>\n<p>Clearcoupon utiliza cookies en varios lugares. Estas no da\u00f1an su ordenador. Simplemente se utilizan para que Clearcoupon sea m\u00e1s f\u00e1cil de usar. La mayor\u00eda de las cookies que utilizamos son las llamadas &#8220;cookies de sesi\u00f3n&#8221;. Estas cookies se eliminan autom\u00e1ticamente al finalizar su visita.<\/p>\n<h4>Galletas esenciales<\/h4>\n<p>Estas cookies son necesarias para permitir el uso de nuestro sitio web con todas sus funciones. Sin ellas, no se pueden prestar servicios esenciales.<\/p>\n<p>Un ejemplo de c\u00f3mo se utilizan estas cookies es el siguiente:<\/p>\n<p>Seguimiento del canje de cupones. Una cookie nos permite rastrear el gasto de un usuario en nuestro sitio web con uno de nuestros socios y, por lo tanto, calcular nuestra comisi\u00f3n.<\/p>\n<h4>Cookies funcionales<\/h4>\n<p>Estas cookies permiten que el sitio web recuerde las preferencias de cada usuario y ofrezca funciones adicionales o personalizadas en funci\u00f3n de dichas preferencias.<\/p>\n<p>Por ejemplo:<\/p>\n<p>Recordar las preferencias de cookies para que no tenga que volver a preguntar.<\/p>\n<p>Recordar acciones anteriores, como las entradas en los campos de b\u00fasqueda.<\/p>\n<p>Cookies de rendimiento<\/p>\n<p>Estas cookies ayudan a mejorar el rendimiento del sitio web de Clearcoupon, entre otras cosas, recopilando informaci\u00f3n sobre las p\u00e1ginas m\u00e1s visitadas. Esta informaci\u00f3n nos permite ofrecer a nuestros usuarios una mejor experiencia.<\/p>\n<h3>Informes de Google Analytics<\/h3>\n<ul>\n<li>garantizar que el sitio web funcione correctamente<\/li>\n<li>Pruebas de actualizaciones de dise\u00f1o para medir la usabilidad<\/li>\n<\/ul>\n<p>Puede optar por recibir una notificaci\u00f3n cada vez que se env\u00ede una cookie o evitar que se almacene autom\u00e1ticamente en su navegador mediante la configuraci\u00f3n de este. Dado que cada navegador funciona de forma ligeramente diferente, le recomendamos consultar la documentaci\u00f3n de ayuda de su navegador para obtener m\u00e1s informaci\u00f3n sobre la configuraci\u00f3n individual de las cookies.<\/p>\n<p>Si decide desactivar las cookies en su dispositivo, es posible que algunas funciones del sitio web de Clearcoupon dejen de funcionar correctamente.<\/p>\n<h3>Seguimiento de p\u00edxeles<\/h3>\n<p>Utilizamos una tecnolog\u00eda de software llamada seguimiento de p\u00edxeles (tambi\u00e9n conocida como balizas web o web bugs). Esto nos ayuda a mejorar nuestro contenido al proporcionar informaci\u00f3n sobre su eficacia. Esto se realiza mediante los llamados &#8220;GIF transparentes&#8221;. Los GIF transparentes son peque\u00f1os gr\u00e1ficos con identificadores \u00fanicos y funcionan de forma similar a las cookies. Se utilizan para rastrear la navegaci\u00f3n del usuario en nuestro sitio. Sin embargo, los GIF transparentes no est\u00e1n vinculados a los datos personales del usuario y, por lo tanto, no pueden asociarse directamente con una persona. Tambi\u00e9n utilizamos GIF transparentes en nuestros correos electr\u00f3nicos HTML para recopilar informaci\u00f3n sobre qu\u00e9 correos electr\u00f3nicos abren los destinatarios. Esto nos permite evaluar la eficacia de campa\u00f1as de comunicaci\u00f3n y marketing espec\u00edficas.<\/p>\n<h3>Contenido de la oferta online<\/h3>\n<p>El autor no asume ninguna responsabilidad por la puntualidad, exactitud, integridad ni calidad de la informaci\u00f3n proporcionada. Quedan excluidas, por lo general, las reclamaciones de responsabilidad contra el autor por da\u00f1os materiales o inmateriales causados \u200b\u200bpor el uso o la falta de uso de la informaci\u00f3n proporcionada, o por el uso de informaci\u00f3n incorrecta o incompleta, a menos que se demuestre que el autor actu\u00f3 con dolo o negligencia grave.<\/p>\n<p>Todas las ofertas est\u00e1n sujetas a cambios sin previo aviso y no son vinculantes. El autor se reserva expresamente el derecho a modificar, complementar o eliminar partes de las p\u00e1ginas o la totalidad del sitio web sin previo aviso, o a suspender la publicaci\u00f3n temporal o permanentemente.<\/p>\n<h3>Google Analytics<\/h3>\n<p>Este sitio web utiliza Google Analytics, un servicio de an\u00e1lisis web proporcionado por Google Inc. Google Analytics utiliza &#8220;cookies&#8221;, que son archivos de texto que se almacenan en su ordenador, para ayudar al sitio web a analizar el uso que hacen los usuarios del mismo. Google utilizar\u00e1 esta informaci\u00f3n para evaluar su uso del sitio web, recopilar informes sobre la actividad del sitio web para los operadores del mismo y prestar otros servicios relacionados con la actividad del sitio web y el uso de Internet. Google tambi\u00e9n podr\u00e1 transferir esta informaci\u00f3n a terceros cuando as\u00ed lo exija la ley o cuando dichos terceros procesen la informaci\u00f3n por cuenta de Google. Google no asociar\u00e1 su direcci\u00f3n IP con ning\u00fan otro dato del que disponga Google. Puede rechazar el uso de cookies seleccionando la configuraci\u00f3n adecuada de su navegador; sin embargo, tenga en cuenta que si lo hace, es posible que no pueda utilizar todas las funciones de este sitio web. Al utilizar este sitio web, usted consiente el tratamiento de sus datos por parte de Google en la forma y para los fines indicados anteriormente.<\/p>\n<h3>Confidencialidad y seguridad<\/h3>\n<p>La seguridad de su informaci\u00f3n personal es importante para nosotros y Clearcoupon sigue una variedad de medidas para garantizarlo:<\/p>\n<ul>\n<li>Restringimos el acceso a la informaci\u00f3n personal a aquellos empleados o personas que la necesitan para prestar nuestros servicios.<\/li>\n<li>Los empleados de Clearcoupon deben cumplir con estrictas normas y procesos para la protecci\u00f3n y el manejo de datos personales. Los empleados que incumplan estas normas se enfrentar\u00e1n a medidas disciplinarias.<\/li>\n<li>Para proteger sus datos, mantenemos salvaguardas f\u00edsicas, electr\u00f3nicas y procedimentales que cumplen con la normativa vigente en materia de protecci\u00f3n de datos.<\/li>\n<li>Utilizamos tecnolog\u00edas de encriptaci\u00f3n de datos seguras seg\u00fan los est\u00e1ndares t\u00e9cnicos vigentes para la transmisi\u00f3n y recepci\u00f3n de datos.<\/li>\n<\/ul>\n<h3>Enlaces de terceros<\/h3>\n<p>Esta pol\u00edtica de privacidad se aplica a toda la informaci\u00f3n que proporcione a Clearcoupon. Sin embargo, tambi\u00e9n enlazamos a otros sitios web en nuestra p\u00e1gina de inicio. Tenga en cuenta que, al seguir un enlace a otro sitio web, se aplicar\u00e1 la pol\u00edtica de privacidad de dicho sitio.<\/p>\n<p>Otros sitios web pueden tener pol\u00edticas diferentes sobre la protecci\u00f3n y el almacenamiento de sus datos, as\u00ed como sobre el uso de cookies y GIF transparentes. Por lo tanto, le recomendamos que lea las pol\u00edticas de privacidad de todos los sitios web que utilice o visite.<\/p>\n<p>En caso de que Clearcoupon reciba datos personales de un proveedor externo no afiliado a los servicios que ofrecemos, el uso y la divulgaci\u00f3n de estos datos se regular\u00e1n contractualmente. Clearcoupon garantiza la protecci\u00f3n de estos datos mediante el cumplimiento de estrictas directrices.<\/p>\n<h3>Tus derechos:<\/h3>\n<ol>\n<li>\n<h4>Derecho de desistimiento<\/h4>\n<\/li>\n<\/ol>\n<p>Derecho a revocar el consentimiento<\/p>\n<p>Tiene derecho a revocar su consentimiento en cualquier momento, sin que ello afecte a la licitud del tratamiento basado en el consentimiento previo a su revocaci\u00f3n. Tambi\u00e9n puede enviarnos un correo electr\u00f3nico o notificarnos su revocaci\u00f3n en cualquier momento (por ejemplo, por correo electr\u00f3nico a <a href=\"mailto:contact@clearcoupon.com\">contact@clearcoupon.com<\/a>).<\/p>\n<p>Tambi\u00e9n puede ejercer f\u00e1cilmente su derecho a revocar su consentimiento haciendo clic en el enlace correspondiente en nuestro bolet\u00edn informativo.<\/p>\n<ol start=\"2\">\n<li>\n<h4>Derecho a oponerse<\/h4>\n<\/li>\n<\/ol>\n<p>Si el tratamiento de sus datos no cuenta con su consentimiento (especialmente los archivos de registro), tiene derecho a oponerse. Puede enviarnos su objeci\u00f3n en cualquier momento o notific\u00e1rnoslo (por ejemplo, por correo electr\u00f3nico a <a href=\"mailto:contact@clearcoupon.com\">contact@clearcoupon.com<\/a>).<\/p>\n<p>Los datos se eliminar\u00e1n en cuanto dejen de ser necesarios para la finalidad para la que fueron recopilados. Por lo tanto, sus datos de registro solo se conservar\u00e1n mientras su suscripci\u00f3n al bolet\u00edn informativo est\u00e9 activa. La informaci\u00f3n procesada solo se conservar\u00e1 el tiempo necesario para la finalidad prevista o seg\u00fan lo exija la ley.<\/p>\n<p>Proporcionar sus datos personales no es un requisito legal ni contractual, ni es necesario para la celebraci\u00f3n de un contrato. Tampoco est\u00e1 obligado a proporcionar sus datos personales. Sin embargo, si no los proporciona, no podremos enviarle nuestro bolet\u00edn informativo.<\/p>\n","protected":false},"excerpt":{"rendered":"<p>Pol\u00edtica de privacidad de Clearcoupon Se puede acceder a esta pol\u00edtica de privacidad, guardarla e imprimirla en cualquier momento en clearcoupon.com. Respetamos su privacidad y valoramos nuestra relaci\u00f3n con usted. La nueva normativa de protecci\u00f3n de datos de la UE entrar\u00e1 en vigor el 25 de mayo de 2018. El Reglamento General de Protecci\u00f3n de [&hellip;]<\/p>\n","protected":false},"author":3,"featured_media":0,"parent":0,"menu_order":7,"comment_status":"closed","ping_status":"closed","template":"","meta":{"_acf_changed":false,"footnotes":""},"class_list":["post-23","page","type-page","status-publish","hentry"],"acf":[],"_links":{"self":[{"href":"https:\/\/clearcoupon.com\/es\/wp-json\/wp\/v2\/pages\/23","targetHints":{"allow":["GET"]}}],"collection":[{"href":"https:\/\/clearcoupon.com\/es\/wp-json\/wp\/v2\/pages"}],"about":[{"href":"https:\/\/clearcoupon.com\/es\/wp-json\/wp\/v2\/types\/page"}],"author":[{"embeddable":true,"href":"https:\/\/clearcoupon.com\/es\/wp-json\/wp\/v2\/users\/3"}],"replies":[{"embeddable":true,"href":"https:\/\/clearcoupon.com\/es\/wp-json\/wp\/v2\/comments?post=23"}],"version-history":[{"count":16,"href":"https:\/\/clearcoupon.com\/es\/wp-json\/wp\/v2\/pages\/23\/revisions"}],"predecessor-version":[{"id":58691,"href":"https:\/\/clearcoupon.com\/es\/wp-json\/wp\/v2\/pages\/23\/revisions\/58691"}],"wp:attachment":[{"href":"https:\/\/clearcoupon.com\/es\/wp-json\/wp\/v2\/media?parent=23"}],"curies":[{"name":"wp","href":"https:\/\/api.w.org\/{rel}","templated":true}]}}