{"id":4106,"date":"2023-05-12T12:25:39","date_gmt":"2023-05-12T12:25:39","guid":{"rendered":"https:\/\/clearcoupon.com\/en\/?page_id=4106"},"modified":"2026-01-26T21:59:37","modified_gmt":"2026-01-26T21:59:37","slug":"terminos-y-condiciones","status":"publish","type":"page","link":"https:\/\/clearcoupon.com\/es\/terminos-y-condiciones\/","title":{"rendered":"T\u00e9rminos y condiciones"},"content":{"rendered":"<h2>T\u00e9rminos y condiciones<\/h2>\n<p>\u00a1Bienvenido a ClearCoupon!<\/p>\n<p>Estos T\u00e9rminos y Condiciones describen las normas y regulaciones para usar el sitio web de ClearCoupon en https:\/\/clearcoupon.com\/es\/.<\/p>\n<p>Al acceder a este sitio web, asumimos que acepta estos T\u00e9rminos y Condiciones. No contin\u00fae usando ClearCoupon si no acepta todos los t\u00e9rminos y condiciones que se detallan en esta p\u00e1gina.<\/p>\n<p>La siguiente terminolog\u00eda se aplica a estos T\u00e9rminos y Condiciones, la Pol\u00edtica de Privacidad, el Descargo de Responsabilidad y todos los acuerdos: &#8220;Cliente&#8221;, &#8220;Usted&#8221; y &#8220;Su&#8221; se refieren a usted, la persona que se registra en este sitio web y cumple con los T\u00e9rminos y Condiciones de la Compa\u00f1\u00eda. &#8220;La Compa\u00f1\u00eda&#8221;, &#8220;Nosotros&#8221;, &#8220;Nosotros&#8221;, &#8220;Nuestro&#8221; y &#8220;Nos&#8221; se refieren a nuestra Compa\u00f1\u00eda. &#8220;Parte&#8221;, &#8220;Partes&#8221; o &#8220;nos&#8221; se refiere tanto al Cliente como a nosotros mismos. Todos los t\u00e9rminos se refieren a la oferta, aceptaci\u00f3n y contraprestaci\u00f3n del pago necesario para realizar mejor el proceso de nuestra asistencia al Cliente con el prop\u00f3sito expreso de satisfacer las necesidades del Cliente en relaci\u00f3n con la prestaci\u00f3n de los servicios indicados de la Compa\u00f1\u00eda, de acuerdo con y sujeto a la ley aplicable. Cualquier uso de la terminolog\u00eda anterior u otras palabras en singular, plural, en may\u00fasculas y\/o \u00e9l\/ella o ellos se considera intercambiable y, por lo tanto, se refiere a lo mismo.<\/p>\n<h3>Galletas<\/h3>\n<p>Utilizamos cookies. Al acceder a ClearCoupon, acepta el uso de cookies de acuerdo con la Pol\u00edtica de Privacidad de ClearCoupon.<\/p>\n<p>La mayor\u00eda de los sitios web interactivos utilizan cookies para que podamos recuperar informaci\u00f3n del usuario en cada visita. Nuestro sitio web utiliza cookies para habilitar la funcionalidad de ciertas \u00e1reas y facilitar el uso de nuestro sitio a los visitantes. Algunos de nuestros socios afiliados\/publicitarios tambi\u00e9n pueden utilizar cookies.<\/p>\n<h3>Licencia<\/h3>\n<p>Salvo que se indique lo contrario, ClearCoupon y\/o sus licenciantes poseen los derechos de propiedad intelectual de todos los materiales de ClearCoupon. Todos los derechos de propiedad intelectual est\u00e1n reservados. Puede acceder a estos materiales a trav\u00e9s de ClearCoupon para su uso personal, sujeto a las restricciones establecidas en estos T\u00e9rminos y Condiciones.<\/p>\n<p>No puede:<\/p>\n<ul>\n<li>Republicar material de ClearCoupon<\/li>\n<li>Vender, alquilar o sublicenciar material de ClearCoupon<\/li>\n<li>Reproducir, duplicar o copiar material de ClearCoupon<\/li>\n<li>Distribuir contenido de ClearCoupon<\/li>\n<\/ul>\n<p>Algunas secciones de este sitio web ofrecen a los usuarios la oportunidad de publicar e intercambiar opiniones e informaci\u00f3n en \u00e1reas designadas. ClearCoupon no filtra, edita, publica ni revisa los comentarios antes de su publicaci\u00f3n en el sitio web. Los comentarios no reflejan la opini\u00f3n de ClearCoupon, sus agentes o afiliados. Reflejan la opini\u00f3n de quien los publica. En la medida en que lo permita la ley, ClearCoupon no se responsabiliza de los comentarios ni de ninguna responsabilidad, da\u00f1o o gasto derivado del uso, la publicaci\u00f3n o la aparici\u00f3n de comentarios en este sitio web.<\/p>\n<p>ClearCoupon se reserva el derecho de supervisar todos los comentarios y eliminar cualquier comentario que pueda considerarse inapropiado, ofensivo o que infrinja estos T\u00e9rminos y Condiciones.<\/p>\n<p>Garantizan y representan lo siguiente:<\/p>\n<ul>\n<li>Usted est\u00e1 autorizado a publicar los comentarios en nuestro sitio web y tiene todas las licencias y consentimientos necesarios para hacerlo;<\/li>\n<li>Los comentarios no infringen ning\u00fan derecho de propiedad intelectual, incluidos, entre otros, derechos de autor, patentes o marcas comerciales de terceros;<\/li>\n<li>Los comentarios no contienen ning\u00fan material difamatorio, calumnioso, abusivo, indecente o de otro modo ilegal que constituya una invasi\u00f3n de la privacidad.<\/li>\n<li>Los comentarios no se utilizar\u00e1n para solicitar o promover ning\u00fan negocio o costumbre, ni para representar ninguna actividad comercial o ilegal.<\/li>\n<\/ul>\n<p>Por la presente, otorga a ClearCoupon una licencia no exclusiva para usar, reproducir y editar sus comentarios y autoriza a otros a usarlos, reproducirlos y editarlos en todas las formas, formatos y medios.<\/p>\n<h3>Hiperv\u00ednculo a nuestro contenido<\/h3>\n<p>Las siguientes organizaciones pueden vincularse a nuestro sitio web sin permiso previo por escrito:<\/p>\n<ul>\n<li>Agencias gubernamentales;<\/li>\n<li>motores de b\u00fasqueda;<\/li>\n<li>organizaciones de noticias;<\/li>\n<li>Los socios distribuidores de directorios en l\u00ednea pueden vincularse a nuestro sitio web de la misma manera que a los sitios web de otras empresas listadas.<\/li>\n<li>Empresas acreditadas en todo el sistema, con excepci\u00f3n de organizaciones sin fines de lucro, centros comerciales de caridad y grupos de recaudaci\u00f3n de fondos de caridad, que no tienen permitido realizar hiperv\u00ednculos a nuestro sitio web.<\/li>\n<\/ul>\n<p>Estas organizaciones pueden enlazar a nuestra p\u00e1gina de inicio, publicaciones u otra informaci\u00f3n del sitio web, siempre que el enlace: (a) no sea enga\u00f1oso; (b) no implique falsamente patrocinio, respaldo o aprobaci\u00f3n de la parte enlazante y sus productos o servicios; y (c) sea apropiado para el contexto del sitio web de la parte enlazante.<\/p>\n<p>Podemos considerar y aprobar otras solicitudes de enlace de los siguientes tipos de organizaciones:<\/p>\n<ul>\n<li>fuentes de informaci\u00f3n generalmente conocidas para consumidores y\/o empresas;<\/li>\n<li>sitios web de la comunidad dot.com;<\/li>\n<li>Asociaciones u otros grupos que representan organizaciones ben\u00e9ficas;<\/li>\n<li>Lista de distribuci\u00f3n de directorios en l\u00ednea;<\/li>\n<li>Portales de Internet;<\/li>\n<li>Firmas de auditor\u00eda, derecho y consultor\u00eda; y<\/li>\n<li>Instituciones educativas y asociaciones profesionales.<\/li>\n<\/ul>\n<p>Aprobamos las solicitudes de enlace de estas organizaciones si concluimos que: (a) el enlace no nos perjudicar\u00eda ni a nosotros ni a nuestras empresas acreditadas; (b) la organizaci\u00f3n no tiene un historial negativo con nosotros; (c) el beneficio que obtenemos de la visibilidad del hiperv\u00ednculo compensa la falta de un ClearCoupon; y (d) el enlace se enmarca en el contexto de informaci\u00f3n general sobre recursos.<\/p>\n<p>Estas organizaciones pueden enlazar a nuestra p\u00e1gina de inicio siempre que el enlace: (a) no sea enga\u00f1oso; (b) no implique falsamente patrocinio, respaldo o aprobaci\u00f3n de la parte enlazante y sus productos o servicios; y (c) sea apropiado en el contexto del sitio web de la parte enlazante.<\/p>\n<p>Si usted pertenece a alguna de las organizaciones mencionadas en el p\u00e1rrafo 2 anterior y est\u00e1 interesado en enlazar a nuestro sitio web, debe notific\u00e1rnoslo enviando un correo electr\u00f3nico a ClearCoupon. Incluya su nombre, el nombre de su organizaci\u00f3n, informaci\u00f3n de contacto, la URL de su sitio web, una lista de todas las URL desde las que desea enlazar a nuestro sitio web y una lista de las URL de nuestro sitio web a las que desea enlazar. La respuesta tardar\u00e1 de 2 a 3 semanas.<\/p>\n<p>Las organizaciones autorizadas pueden crear un hiperv\u00ednculo a nuestro sitio web de la siguiente manera:<\/p>\n<ul>\n<li>Al usar el nombre de nuestra empresa; o<\/li>\n<li>Al usar el Localizador Uniforme de Recursos (URL) al que se vincula; o<\/li>\n<li>Al usar cualquier otra descripci\u00f3n de nuestro sitio web al que se vincula que tenga sentido en el contexto y formato del contenido del sitio web de la parte vinculada.<\/li>\n<\/ul>\n<p>No se permite el uso del logotipo de ClearCoupon ni de otros gr\u00e1ficos para establecer enlaces sin un acuerdo de licencia de marca registrada.<\/p>\n<h3>marcos flotantes<\/h3>\n<p>Sin autorizaci\u00f3n previa y permiso por escrito, no podr\u00e1 crear marcos alrededor de nuestras p\u00e1ginas web que alteren de alguna manera la presentaci\u00f3n visual o la apariencia de nuestro sitio web.<\/p>\n<h3>Responsabilidad por el contenido<\/h3>\n<p>No asumimos ninguna responsabilidad por el contenido que aparezca en su sitio web. Usted se compromete a protegernos y defendernos ante cualquier reclamaci\u00f3n derivada de su sitio web. No se pueden incluir en un sitio web enlaces que puedan interpretarse como difamatorios, obscenos o delictivos, ni que infrinjan, violen o promuevan la infracci\u00f3n o violaci\u00f3n de los derechos de terceros.<\/p>\n<h3>Reserva de derechos<\/h3>\n<p>Nos reservamos el derecho de solicitarle que elimine todos los enlaces a nuestro sitio web, incluso cualquier enlace espec\u00edfico. Usted acepta eliminar todos los enlaces a nuestro sitio web inmediatamente si se lo solicitamos. Tambi\u00e9n nos reservamos el derecho de modificar estos T\u00e9rminos y Condiciones y la Pol\u00edtica de Enlaces en cualquier momento. Al continuar enlazando a nuestro sitio web, usted acepta estar sujeto a estos T\u00e9rminos de Enlace y cumplirlos.<\/p>\n<h3>Eliminaci\u00f3n de enlaces de nuestro sitio web<\/h3>\n<p>Si encuentra un enlace en nuestro sitio web que sea ofensivo por cualquier motivo, puede contactarnos en cualquier momento e informarnos. Consideraremos las solicitudes para eliminar enlaces, pero no estamos obligados a responderle directamente.<\/p>\n<p>No garantizamos que la informaci\u00f3n de este sitio web sea correcta ni que sea completa o precisa. Tampoco prometemos que el sitio web permanezca disponible ni que el material que contiene se mantenga actualizado.<\/p>\n<h3>descargo de responsabilidad<\/h3>\n<p>En la medida en que lo permita la ley, excluimos todas las declaraciones, garant\u00edas y condiciones relacionadas con nuestro sitio web y su uso. Nada de lo dispuesto en este descargo de responsabilidad:<\/p>\n<ul>\n<li>Limitar o excluir nuestra o su responsabilidad por muerte o lesiones personales;<\/li>\n<li>para limitar o excluir nuestra o su responsabilidad por fraude o tergiversaci\u00f3n fraudulenta;<\/li>\n<li>No limite nuestras responsabilidades ni las suyas de una manera que no est\u00e9 permitida por la ley aplicable.<\/li>\n<li>Excluir todas nuestras o sus responsabilidades que no puedan excluirse seg\u00fan la legislaci\u00f3n aplicable.<\/li>\n<\/ul>\n<p>Las limitaciones y exclusiones de responsabilidad establecidas en esta secci\u00f3n y en otras partes de este descargo de responsabilidad: (a) est\u00e1n sujetas al p\u00e1rrafo anterior; y (b) rigen todas las responsabilidades derivadas del descargo de responsabilidad, incluyendo la responsabilidad contractual, extracontractual y el incumplimiento de obligaciones legales.<\/p>\n<p>Siempre que el sitio web, la informaci\u00f3n y los servicios que ofrece se proporcionen de forma gratuita, no seremos responsables de ninguna p\u00e9rdida o da\u00f1o de ning\u00fan tipo.<\/p>\n","protected":false},"excerpt":{"rendered":"<p>T\u00e9rminos y condiciones \u00a1Bienvenido a ClearCoupon! Estos T\u00e9rminos y Condiciones describen las normas y regulaciones para usar el sitio web de ClearCoupon en https:\/\/clearcoupon.com\/es\/. Al acceder a este sitio web, asumimos que acepta estos T\u00e9rminos y Condiciones. No contin\u00fae usando ClearCoupon si no acepta todos los t\u00e9rminos y condiciones que se detallan en esta p\u00e1gina. [&hellip;]<\/p>\n","protected":false},"author":3,"featured_media":0,"parent":0,"menu_order":0,"comment_status":"closed","ping_status":"closed","template":"","meta":{"_acf_changed":false,"footnotes":""},"class_list":["post-4106","page","type-page","status-publish","hentry"],"acf":[],"_links":{"self":[{"href":"https:\/\/clearcoupon.com\/es\/wp-json\/wp\/v2\/pages\/4106","targetHints":{"allow":["GET"]}}],"collection":[{"href":"https:\/\/clearcoupon.com\/es\/wp-json\/wp\/v2\/pages"}],"about":[{"href":"https:\/\/clearcoupon.com\/es\/wp-json\/wp\/v2\/types\/page"}],"author":[{"embeddable":true,"href":"https:\/\/clearcoupon.com\/es\/wp-json\/wp\/v2\/users\/3"}],"replies":[{"embeddable":true,"href":"https:\/\/clearcoupon.com\/es\/wp-json\/wp\/v2\/comments?post=4106"}],"version-history":[{"count":8,"href":"https:\/\/clearcoupon.com\/es\/wp-json\/wp\/v2\/pages\/4106\/revisions"}],"predecessor-version":[{"id":58689,"href":"https:\/\/clearcoupon.com\/es\/wp-json\/wp\/v2\/pages\/4106\/revisions\/58689"}],"wp:attachment":[{"href":"https:\/\/clearcoupon.com\/es\/wp-json\/wp\/v2\/media?parent=4106"}],"curies":[{"name":"wp","href":"https:\/\/api.w.org\/{rel}","templated":true}]}}