{"id":21,"date":"2022-12-01T09:46:48","date_gmt":"2022-12-01T09:46:48","guid":{"rendered":"https:\/\/clearcoupon.com\/pl\/?page_id=21"},"modified":"2024-07-20T12:19:43","modified_gmt":"2024-07-20T12:19:43","slug":"o-nas","status":"publish","type":"page","link":"https:\/\/clearcoupon.com\/pl\/o-nas\/","title":{"rendered":"O nas"},"content":{"rendered":"<p><strong>Kupony rabatowe stworzone dla Ciebie!<\/strong><br \/>\nKochasz zakupy i nie lubisz przep\u0142aca\u0107?<\/p>\n<p>Serwis ClearCoupon zosta\u0142 stworzony dla os\u00f3b, kt\u00f3re chc\u0105 kupowa\u0107 wi\u0119cej, p\u0142ac\u0105c mniej dzi\u0119ki kodom rabatowym i promocjom.<\/p>\n<p>Z nami jest to mo\u017cliwe!<\/p>\n<p><strong>NAJLEPSZE KUPONY RABATOWE<\/strong><\/p>\n<p>Zakupy jeszcze nigdy nie by\u0142y tak proste i przyjemne! Zebrali\u015bmy dla Ciebie w jednym miejscu setki atrakcyjnych kod\u00f3w rabatowych i promocji na zakupy w sklepach internetowych.<\/p>\n<p>Wystarczy, \u017ce odwiedzisz nasz\u0105 stron\u0119 i wybierzesz najlepsze okazje dla siebie. Ciesz si\u0119 zakupami razem z nami!<\/p>\n","protected":false},"excerpt":{"rendered":"<p>Kupony rabatowe stworzone dla Ciebie! Kochasz zakupy i nie lubisz przep\u0142aca\u0107? Serwis ClearCoupon zosta\u0142 stworzony dla os\u00f3b, kt\u00f3re chc\u0105 kupowa\u0107 wi\u0119cej, p\u0142ac\u0105c mniej dzi\u0119ki kodom rabatowym i promocjom. Z nami jest to mo\u017cliwe! NAJLEPSZE KUPONY RABATOWE Zakupy jeszcze nigdy nie by\u0142y tak proste i przyjemne! Zebrali\u015bmy dla Ciebie w jednym miejscu setki atrakcyjnych kod\u00f3w rabatowych [&hellip;]<\/p>\n","protected":false},"author":3,"featured_media":0,"parent":0,"menu_order":3,"comment_status":"closed","ping_status":"closed","template":"","meta":{"_acf_changed":false,"footnotes":""},"class_list":["post-21","page","type-page","status-publish","hentry"],"acf":[],"yoast_head":"<!-- This site is optimized with the Yoast SEO plugin v25.1 - https:\/\/yoast.com\/wordpress\/plugins\/seo\/ -->\n<title>O nas - ClearCoupon<\/title>\n<meta name=\"robots\" content=\"index, follow, max-snippet:-1, max-image-preview:large, max-video-preview:-1\" \/>\n<link rel=\"canonical\" href=\"https:\/\/clearcoupon.com\/pl\/o-nas\/\" \/>\n<meta property=\"og:locale\" content=\"en_US\" \/>\n<meta property=\"og:type\" content=\"article\" \/>\n<meta property=\"og:title\" content=\"O nas - ClearCoupon\" \/>\n<meta property=\"og:description\" content=\"Kupony rabatowe stworzone dla Ciebie! Kochasz zakupy i nie lubisz przep\u0142aca\u0107? Serwis ClearCoupon zosta\u0142 stworzony dla os\u00f3b, kt\u00f3re chc\u0105 kupowa\u0107 wi\u0119cej, p\u0142ac\u0105c mniej dzi\u0119ki kodom rabatowym i promocjom. Z nami jest to mo\u017cliwe! NAJLEPSZE KUPONY RABATOWE Zakupy jeszcze nigdy nie by\u0142y tak proste i przyjemne! Zebrali\u015bmy dla Ciebie w jednym miejscu setki atrakcyjnych kod\u00f3w rabatowych [&hellip;]\" \/>\n<meta property=\"og:url\" content=\"https:\/\/clearcoupon.com\/pl\/o-nas\/\" \/>\n<meta property=\"og:site_name\" content=\"ClearCoupon\" \/>\n<meta property=\"article:modified_time\" content=\"2024-07-20T12:19:43+00:00\" \/>\n<meta name=\"twitter:card\" content=\"summary_large_image\" \/>\n<meta name=\"twitter:label1\" content=\"Est. reading time\" \/>\n\t<meta name=\"twitter:data1\" content=\"1 minute\" \/>\n<script type=\"application\/ld+json\" class=\"yoast-schema-graph\">{\"@context\":\"https:\/\/schema.org\",\"@graph\":[{\"@type\":\"WebPage\",\"@id\":\"https:\/\/clearcoupon.com\/pl\/o-nas\/\",\"url\":\"https:\/\/clearcoupon.com\/pl\/o-nas\/\",\"name\":\"O nas - ClearCoupon\",\"isPartOf\":{\"@id\":\"https:\/\/clearcoupon.com\/pl\/#website\"},\"datePublished\":\"2022-12-01T09:46:48+00:00\",\"dateModified\":\"2024-07-20T12:19:43+00:00\",\"breadcrumb\":{\"@id\":\"https:\/\/clearcoupon.com\/pl\/o-nas\/#breadcrumb\"},\"inLanguage\":\"en-US\",\"potentialAction\":[{\"@type\":\"ReadAction\",\"target\":[\"https:\/\/clearcoupon.com\/pl\/o-nas\/\"]}]},{\"@type\":\"BreadcrumbList\",\"@id\":\"https:\/\/clearcoupon.com\/pl\/o-nas\/#breadcrumb\",\"itemListElement\":[{\"@type\":\"ListItem\",\"position\":1,\"name\":\"Home\",\"item\":\"https:\/\/clearcoupon.com\/pl\/\"},{\"@type\":\"ListItem\",\"position\":2,\"name\":\"O nas\"}]},{\"@type\":\"WebSite\",\"@id\":\"https:\/\/clearcoupon.com\/pl\/#website\",\"url\":\"https:\/\/clearcoupon.com\/pl\/\",\"name\":\"ClearCoupon\",\"description\":\"\",\"publisher\":{\"@id\":\"https:\/\/clearcoupon.com\/pl\/#organization\"},\"potentialAction\":[{\"@type\":\"SearchAction\",\"target\":{\"@type\":\"EntryPoint\",\"urlTemplate\":\"https:\/\/clearcoupon.com\/pl\/?s={search_term_string}\"},\"query-input\":{\"@type\":\"PropertyValueSpecification\",\"valueRequired\":true,\"valueName\":\"search_term_string\"}}],\"inLanguage\":\"en-US\"},{\"@type\":\"Organization\",\"@id\":\"https:\/\/clearcoupon.com\/pl\/#organization\",\"name\":\"ClearCoupon\",\"url\":\"https:\/\/clearcoupon.com\/pl\/\",\"logo\":{\"@type\":\"ImageObject\",\"inLanguage\":\"en-US\",\"@id\":\"https:\/\/clearcoupon.com\/pl\/#\/schema\/logo\/image\/\",\"url\":\"https:\/\/clearcoupon.com\/pl\/wp-content\/uploads\/2024\/01\/Coing-SoOn.png\",\"contentUrl\":\"https:\/\/clearcoupon.com\/pl\/wp-content\/uploads\/2024\/01\/Coing-SoOn.png\",\"width\":360,\"height\":80,\"caption\":\"ClearCoupon\"},\"image\":{\"@id\":\"https:\/\/clearcoupon.com\/pl\/#\/schema\/logo\/image\/\"}}]}<\/script>\n<!-- \/ Yoast SEO plugin. -->","yoast_head_json":{"title":"O nas - ClearCoupon","robots":{"index":"index","follow":"follow","max-snippet":"max-snippet:-1","max-image-preview":"max-image-preview:large","max-video-preview":"max-video-preview:-1"},"canonical":"https:\/\/clearcoupon.com\/pl\/o-nas\/","og_locale":"en_US","og_type":"article","og_title":"O nas - ClearCoupon","og_description":"Kupony rabatowe stworzone dla Ciebie! Kochasz zakupy i nie lubisz przep\u0142aca\u0107? Serwis ClearCoupon zosta\u0142 stworzony dla os\u00f3b, kt\u00f3re chc\u0105 kupowa\u0107 wi\u0119cej, p\u0142ac\u0105c mniej dzi\u0119ki kodom rabatowym i promocjom. Z nami jest to mo\u017cliwe! NAJLEPSZE KUPONY RABATOWE Zakupy jeszcze nigdy nie by\u0142y tak proste i przyjemne! Zebrali\u015bmy dla Ciebie w jednym miejscu setki atrakcyjnych kod\u00f3w rabatowych [&hellip;]","og_url":"https:\/\/clearcoupon.com\/pl\/o-nas\/","og_site_name":"ClearCoupon","article_modified_time":"2024-07-20T12:19:43+00:00","twitter_card":"summary_large_image","twitter_misc":{"Est. reading time":"1 minute"},"schema":{"@context":"https:\/\/schema.org","@graph":[{"@type":"WebPage","@id":"https:\/\/clearcoupon.com\/pl\/o-nas\/","url":"https:\/\/clearcoupon.com\/pl\/o-nas\/","name":"O nas - ClearCoupon","isPartOf":{"@id":"https:\/\/clearcoupon.com\/pl\/#website"},"datePublished":"2022-12-01T09:46:48+00:00","dateModified":"2024-07-20T12:19:43+00:00","breadcrumb":{"@id":"https:\/\/clearcoupon.com\/pl\/o-nas\/#breadcrumb"},"inLanguage":"en-US","potentialAction":[{"@type":"ReadAction","target":["https:\/\/clearcoupon.com\/pl\/o-nas\/"]}]},{"@type":"BreadcrumbList","@id":"https:\/\/clearcoupon.com\/pl\/o-nas\/#breadcrumb","itemListElement":[{"@type":"ListItem","position":1,"name":"Home","item":"https:\/\/clearcoupon.com\/pl\/"},{"@type":"ListItem","position":2,"name":"O nas"}]},{"@type":"WebSite","@id":"https:\/\/clearcoupon.com\/pl\/#website","url":"https:\/\/clearcoupon.com\/pl\/","name":"ClearCoupon","description":"","publisher":{"@id":"https:\/\/clearcoupon.com\/pl\/#organization"},"potentialAction":[{"@type":"SearchAction","target":{"@type":"EntryPoint","urlTemplate":"https:\/\/clearcoupon.com\/pl\/?s={search_term_string}"},"query-input":{"@type":"PropertyValueSpecification","valueRequired":true,"valueName":"search_term_string"}}],"inLanguage":"en-US"},{"@type":"Organization","@id":"https:\/\/clearcoupon.com\/pl\/#organization","name":"ClearCoupon","url":"https:\/\/clearcoupon.com\/pl\/","logo":{"@type":"ImageObject","inLanguage":"en-US","@id":"https:\/\/clearcoupon.com\/pl\/#\/schema\/logo\/image\/","url":"https:\/\/clearcoupon.com\/pl\/wp-content\/uploads\/2024\/01\/Coing-SoOn.png","contentUrl":"https:\/\/clearcoupon.com\/pl\/wp-content\/uploads\/2024\/01\/Coing-SoOn.png","width":360,"height":80,"caption":"ClearCoupon"},"image":{"@id":"https:\/\/clearcoupon.com\/pl\/#\/schema\/logo\/image\/"}}]}},"_links":{"self":[{"href":"https:\/\/clearcoupon.com\/pl\/wp-json\/wp\/v2\/pages\/21","targetHints":{"allow":["GET"]}}],"collection":[{"href":"https:\/\/clearcoupon.com\/pl\/wp-json\/wp\/v2\/pages"}],"about":[{"href":"https:\/\/clearcoupon.com\/pl\/wp-json\/wp\/v2\/types\/page"}],"author":[{"embeddable":true,"href":"https:\/\/clearcoupon.com\/pl\/wp-json\/wp\/v2\/users\/3"}],"replies":[{"embeddable":true,"href":"https:\/\/clearcoupon.com\/pl\/wp-json\/wp\/v2\/comments?post=21"}],"version-history":[{"count":5,"href":"https:\/\/clearcoupon.com\/pl\/wp-json\/wp\/v2\/pages\/21\/revisions"}],"predecessor-version":[{"id":41741,"href":"https:\/\/clearcoupon.com\/pl\/wp-json\/wp\/v2\/pages\/21\/revisions\/41741"}],"wp:attachment":[{"href":"https:\/\/clearcoupon.com\/pl\/wp-json\/wp\/v2\/media?parent=21"}],"curies":[{"name":"wp","href":"https:\/\/api.w.org\/{rel}","templated":true}]}}