{"id":4106,"date":"2023-05-12T12:25:39","date_gmt":"2023-05-12T12:25:39","guid":{"rendered":"https:\/\/clearcoupon.com\/pl\/?page_id=4106"},"modified":"2024-07-20T12:36:19","modified_gmt":"2024-07-20T12:36:19","slug":"regulamin","status":"publish","type":"page","link":"https:\/\/clearcoupon.com\/pl\/regulamin\/","title":{"rendered":"Regulamin"},"content":{"rendered":"<h1 class=\"section__main-title\">Regulamin<\/h1>\n<p><strong>\u00a7 1 Definicje<br \/>\n<\/strong><strong>\u00a7 2 Postanowienia og\u00f3lne<br \/>\n<\/strong><strong>\u00a7 3 Rodzaje i zakres \u015bwiadczonych us\u0142ug drog\u0105 elektroniczn\u0105<br \/>\n<\/strong><strong>\u00a7 4 Warunki \u015bwiadczenia us\u0142ug drog\u0105 elektroniczn\u0105<br \/>\n<\/strong><strong>\u00a7 5 Umowa o \u015bwiadczenie us\u0142ug drog\u0105 elektroniczn\u0105<br \/>\n<\/strong><strong>\u00a7 6 Post\u0119powanie reklamacyjne<br \/>\n<\/strong><strong>\u00a7 7 Postanowienia ko\u0144cowe<\/strong><\/p>\n<h2><strong>\u00a7 1 Definicje<\/strong><\/h2>\n<ol>\n<li>U\u017cyte w\u00a0Regulaminie poj\u0119cia oznaczaj\u0105 odpowiednio:<\/li>\n<li><strong>Regulamin<\/strong>\u00a0\u2013 niniejszy regulamin \u015bwiadczenia us\u0142ug drog\u0105 elektroniczn\u0105;<\/li>\n<li><strong>Us\u0142ugodawca<\/strong> \u2013 Zofia Zieli\u0144ska prowadz\u0105ca dzia\u0142alno\u015b\u0107 gospodarcz\u0105 pod firm\u0105 ClearCoupon Zofia, ul. Zimy 14, 86-005 Murowaniec, NIP: 9671399689, REGON: 368769161, adres e-mail: contact@clearcoupon.com;<\/li>\n<li><strong>Us\u0142ugobiorca<\/strong>\u00a0\u2013 osoba fizyczna, osoba prawna oraz jednostka organizacyjna nieposiadaj\u0105ca osobowo\u015bci prawnej, kt\u00f3rej ustawa przyznaje zdolno\u015b\u0107 prawn\u0105, korzystaj\u0105ca z Serwisu,<\/li>\n<li><strong>Przedsi\u0119biorca\u00a0<\/strong>\u2013 osoba fizyczna, osoba prawna lub jednostka nieposiadaj\u0105ca osobowo\u015bci prawnej, korzystaj\u0105ca z\u00a0Serwisu w\u00a0ramach dzia\u0142alno\u015bci gospodarczej lub zawodowej,<\/li>\n<li><strong>Konsument<\/strong>\u00a0\u2013 osoba fizyczn\u0105 korzystaj\u0105ca z\u00a0Serwisu w\u00a0celu niezwi\u0105zanym bezpo\u015brednio z\u00a0jej dzia\u0142alno\u015bci\u0105 gospodarcz\u0105 lub zawodow\u0105,<\/li>\n<li><strong>Serwis<\/strong> \u2013 serwis internetowy dzia\u0142aj\u0105cy pod adresem https:\/\/clearcoupon.com\/pl prowadzony przez Us\u0142ugodawc\u0119,<\/li>\n<li><strong>Us\u0142ugi elektroniczne\u00a0<\/strong>\u2013 us\u0142ugi \u015bwiadczone drog\u0105 elektroniczn\u0105 przez Us\u0142ugodawc\u0119 w ramach funkcjonalno\u015bci Serwisu,<\/li>\n<li><strong>Newsletter<\/strong>\u00a0\u2013 us\u0142uga \u015bwiadczona drog\u0105 elektroniczn\u0105 przez Us\u0142ugodawc\u0119, polegaj\u0105ca na przesy\u0142aniu Us\u0142ugobiorcy informacji handlowych,<\/li>\n<li><strong>Kod rabatowy\u00a0<\/strong>&#8211; ci\u0105g znak\u00f3w alfanumerycznych uprawniaj\u0105cy do skorzystania z rabat\u00f3w, zni\u017cek i promocji oferowanych przez podmioty trzecie na zasadach przez nie ustalonych.<\/li>\n<\/ol>\n<h2><strong>\u00a7 2 Postanowienia og\u00f3lne<\/strong><\/h2>\n<ol>\n<li>Niniejszy Regulamin okre\u015bla w szczeg\u00f3lno\u015bci rodzaje i zakres us\u0142ug \u015bwiadczonych drog\u0105 elektroniczn\u0105 przez Us\u0142ugodawc\u0119, warunki \u015bwiadczenia tych us\u0142ug, warunki zawierania i rozwi\u0105zywania um\u00f3w o \u015bwiadczenie us\u0142ug drog\u0105 elektroniczn\u0105 oraz tryb post\u0119powania reklamacyjnego.<\/li>\n<li>Niniejszy Regulamin stanowi regulamin w rozumieniu art. 8 ustawy z dnia 18 lipca 2002 r. o \u015bwiadczeniu us\u0142ug drog\u0105 elektroniczn\u0105.<\/li>\n<li>Regulamin nie ma zastosowania do us\u0142ug \u015bwiadczonych przez Us\u0142ugodawc\u0119 w inny spos\u00f3b, ani te\u017c do us\u0142ug \u015bwiadczonych drog\u0105 elektroniczn\u0105 przez Us\u0142ugodawc\u0119 za po\u015brednictwem innych domen internetowych, ni\u017c domena Serwisu.<\/li>\n<li>Serwis udost\u0119pnia informacje o us\u0142ugach i towarach podmiot\u00f3w trzecich, a tak\u017ce o promocjach okre\u015blonych przez podmioty trzecie na ich us\u0142ugi i towary, w tym w postaci Kod\u00f3w rabatowych. Zasady korzystania z tych us\u0142ug i towar\u00f3w, a tak\u017ce z promocji na te us\u0142ugi i towary, ustalaj\u0105 podmioty trzecie.<\/li>\n<li>Regulamin jest udost\u0119pniony nieodp\u0142atnie za po\u015brednictwem Serwisu w spos\u00f3b umo\u017cliwiaj\u0105cy jego pozyskanie, odtworzenie i utrwalenie. Dost\u0119p do Regulaminu mo\u017cna uzyska\u0107 w ka\u017cdym momencie za po\u015brednictwem linku zamieszczonego w Serwisie, a tak\u017ce poprzez zapisanie go w dowolnym formacie na wybranym przez siebie no\u015bniku.<\/li>\n<li>Komunikacja z\u00a0Us\u0142ugodawc\u0105 dokonywana przez\u00a0Us\u0142ugobiorc\u0119 powoduje ponoszenie przez\u00a0Us\u0142ugobiorc\u0119 koszt\u00f3w, jakie wynikaj\u0105 z\u00a0um\u00f3w zawartych przez\u00a0Us\u0142ugobiorc\u0119 z\u00a0podmiotami trzecimi, za\u00a0mo\u017cliwo\u015b\u0107 korzystania z\u00a0okre\u015blonych form komunikacji na\u00a0odleg\u0142o\u015b\u0107. Us\u0142ugodawca nie\u00a0pobiera \u017cadnych dodatkowych op\u0142at ani \u015bwiadcze\u0144 za\u00a0mo\u017cliwo\u015b\u0107 komunikowania si\u0119 z\u00a0nim.<\/li>\n<li>Konsument w\u00a0sytuacji sporu z\u00a0Us\u0142ugodawc\u0105 ma\u00a0mo\u017cliwo\u015b\u0107 polubownego za\u0142atwienia sprawy poprzez: 1) zwr\u00f3cenie si\u0119 do\u00a0sta\u0142ego polubownego s\u0105du konsumenckiego, 2) mediacj\u0119, 3) zwr\u00f3cenie si\u0119 do\u00a0Wojew\u00f3dzkiego Inspektora Inspekcji Handlowej, 4) zwr\u00f3cenie si\u0119 do\u00a0Federacji Konsument\u00f3w, 5)skorzystanie z\u00a0platformy internetowego systemu rozstrzygania spor\u00f3w pomi\u0119dzy konsumentami i\u00a0przedsi\u0119biorcami na\u00a0szczeblu unijnym dost\u0119pnej pod\u00a0adresem http:\/\/ec.europa.eu\/consumers\/odr (Platforma ODR).<\/li>\n<\/ol>\n<h2><strong>\u00a7 3 Rodzaje i zakres \u015bwiadczonych us\u0142ug drog\u0105 elektroniczn\u0105<\/strong><strong>\u00a0<\/strong><\/h2>\n<ol>\n<li>Us\u0142ugodawca \u015bwiadczy nieodp\u0142atnie za po\u015brednictwem Serwisu nast\u0119puj\u0105ce Us\u0142ugi elektroniczne:\n<p>a) udost\u0119pnianie danych i materia\u0142\u00f3w znajduj\u0105cych si\u0119 w Serwisie, zawieraj\u0105cych w szczeg\u00f3lno\u015bci informacje o us\u0142ugach i towarach podmiot\u00f3w trzecich oraz o promocjach ustalonych przez podmioty trzecie na ich towary i us\u0142ugi;<br \/>\nb) umo\u017cliwienie przes\u0142ania Us\u0142ugodawcy wiadomo\u015bci za po\u015brednictwem formularzy kontaktowych, dost\u0119pnych w ramach Serwisu;<br \/>\nc) udost\u0119pnianie Kod\u00f3w rabatowych, a tak\u017ce mo\u017cliwo\u015b\u0107 przes\u0142ania Kodu rabatowego poprzez formularz dost\u0119pny w Serwisie;<br \/>\nd) us\u0142uga Newslettera.<\/p>\n<\/li>\n<li>Us\u0142ugodawca zastrzega sobie prawo wstrzymania \u015bwiadczenia, wszystkich lub niekt\u00f3rych, Us\u0142ug elektronicznych za po\u015brednictwem Serwisu, a tak\u017ce do ca\u0142kowitego usuni\u0119cia Serwisu, w drodze zmiany niniejszego Regulaminu, z poszanowaniem praw Us\u0142ugobiorc\u00f3w i na zasadach okre\u015blonych w Regulaminie.<\/li>\n<\/ol>\n<h2><strong>\u00a7 4 Warunki \u015bwiadczenia us\u0142ug drog\u0105 elektroniczn\u0105<\/strong><\/h2>\n<ol>\n<li>Wymagania techniczne niezb\u0119dne do wsp\u00f3\u0142pracy z systemem teleinformatycznym, za po\u015brednictwem, kt\u00f3rego Us\u0142ugodawca \u015bwiadczy Us\u0142ugi elektroniczne:\n<p>a) komputer klasy PC, Mac lub inne urz\u0105dzenie umo\u017cliwiaj\u0105ce korzystanie z Serwisu,<br \/>\nb) dost\u0119p do sieci Internet,<br \/>\nc) dost\u0119p do poczty elektronicznej,<br \/>\nd) odpowiednie oprogramowanie w postaci przegl\u0105darki internetowej.<\/li>\n<li>Zakazuje si\u0119 Us\u0142ugobiorcy dostarczania tre\u015bci o charakterze bezprawnym, a tak\u017ce dokonywania bez zgody Us\u0142ugodawcy jakiejkolwiek ingerencji w tre\u015bci zawarte w Serwisie.<\/li>\n<\/ol>\n<h2><strong>\u00a7 5 Umowa o \u015bwiadczenie us\u0142ug drog\u0105 elektroniczn\u0105<\/strong><\/h2>\n<ol>\n<li>Umowa o\u00a0\u015bwiadczenie us\u0142ug drog\u0105 elektroniczn\u0105 w\u00a0zakresie us\u0142ugi Newslettera zostaje zawarta z\u00a0chwil\u0105 rozpocz\u0119cia subskrypcji, a\u00a0w\u00a0zakresie pozosta\u0142ych us\u0142ug w\u00a0momencie rozpocz\u0119cia korzystania z\u00a0danej funkcjonalno\u015bci Serwisu internetowego umo\u017cliwiaj\u0105cej skorzystanie z\u00a0okre\u015blonej us\u0142ugi elektronicznej.<\/li>\n<li>Umowa o\u00a0\u015bwiadczenie us\u0142ugi elektronicznej polegaj\u0105cej na\u00a0\u015bwiadczeniu us\u0142ugi Newslettera zostaje zawarta na\u00a0czas nieoznaczony do\u00a0czasu anulowania subskrypcji. W\u00a0zakresie pozosta\u0142ych us\u0142ug elektronicznych \u015bwiadczonych za\u00a0po\u015brednictwem Serwisu internetowego umowa o\u00a0\u015bwiadczenie tych\u017ce us\u0142ug zostaje zawarta na\u00a0czas nieoznaczony i\u00a0ulega rozwi\u0105zaniu z\u00a0chwil\u0105 i\u00a0poprzez zaprzestanie korzystania przez\u00a0Us\u0142ugobiorc\u0119 z\u00a0danej us\u0142ugi elektronicznej i\u00a0bez\u00a0konieczno\u015bci sk\u0142adania dodatkowych o\u015bwiadcze\u0144.<\/li>\n<li>Us\u0142ugobiorca mo\u017ce w\u00a0ka\u017cdym czasie i\u00a0bez\u00a0wskazywania przyczyny rozwi\u0105za\u0107 umow\u0119, o\u00a0kt\u00f3rej\u00a0mowa w\u00a0ust. 1 i\u00a02 poprzez przes\u0142anie stosownego o\u015bwiadczenia drog\u0105 mailow\u0105 lub pisemnie na\u00a0adres Us\u0142ugodawcy, a\u00a0w\u00a0zakresie us\u0142ugi Newslettera r\u00f3wnie\u017c poprzez naci\u015bni\u0119cie przycisku \u201eanuluj subskrypcj\u0119\u201d w\u00a0otrzymanej wiadomo\u015bci. Us\u0142ugobiorca b\u0119d\u0105cy Konsumentem mo\u017ce te\u017c od\u00a0umowy, o\u00a0kt\u00f3rej\u00a0mowa w\u00a0ust. 1 i\u00a02, odst\u0105pi\u0107 w\u00a0terminie 14 bez\u00a0podawania przyczyny na zasadach okre\u015blonych w ustawie z dnia 30 maja 2014 r. o prawach konsumenta, poprzez przes\u0142anie stosownego o\u015bwiadczenia drog\u0105 mailow\u0105 lub pisemnie na\u00a0adres Us\u0142ugodawcy. Wykonuj\u0105c prawo do odst\u0105pienia od umowy mo\u017cna skorzysta\u0107 z formularza odst\u0105pienia od umowy zawartego w z\u0142\u0105czniku nr 2 do ww. ustawy, ale nie jest to obowi\u0105zkowe. Prawo do odst\u0105pienia od umowy przys\u0142uguje r\u00f3wnie\u017c osobie fizycznej zawieraj\u0105cej umow\u0119 bezpo\u015brednio zwi\u0105zan\u0105 z jej dzia\u0142alno\u015bci\u0105 gospodarcz\u0105, gdy z tre\u015bci tej umowy wynika, \u017ce\u00a0nie\u00a0posiada ona dla niej charakteru zawodowego, wynikaj\u0105cego w\u00a0szczeg\u00f3lno\u015bci z\u00a0przedmiotu wykonywanej przez\u00a0ni\u0105 dzia\u0142alno\u015bci gospodarczej, udost\u0119pnionego na\u00a0podstawie przepis\u00f3w o\u00a0Centralnej Ewidencji i\u00a0Informacji o\u00a0Dzia\u0142alno\u015bci Gospodarczej.<\/li>\n<\/ol>\n<h2><strong>\u00a7 6 Post\u0119powanie reklamacyjne<\/strong><strong>\u00a0<\/strong><\/h2>\n<ol>\n<li>Us\u0142ugobiorca, b\u0119d\u0105cy Konsumentem, mo\u017ce z\u0142o\u017cy\u0107 reklamacj\u0119 dotycz\u0105c\u0105 us\u0142ug \u015bwiadczonych drog\u0105 elektroniczn\u0105 przez\u00a0Us\u0142ugodawc\u0119 drog\u0105 mailow\u0105 lub pisemnie na\u00a0adres Us\u0142ugodawcy. Mo\u017cliwo\u015b\u0107 z\u0142o\u017cenia reklamacji przys\u0142uguje r\u00f3wnie\u017c osobie fizycznej zawieraj\u0105cej umow\u0119 bezpo\u015brednio zwi\u0105zan\u0105 z jej dzia\u0142alno\u015bci\u0105 gospodarcz\u0105, gdy z tre\u015bci tej umowy wynika, \u017ce nie posiada ona dla niej charakteru zawodowego, wynikaj\u0105cego w szczeg\u00f3lno\u015bci z przedmiotu wykonywanej przez ni\u0105 dzia\u0142alno\u015bci gospodarczej, udost\u0119pnionego na podstawie przepis\u00f3w o Centralnej Ewidencji i Informacji o Dzia\u0142alno\u015bci Gospodarczej. W przypadku pozosta\u0142ych Przedsi\u0119biorc\u00f3w mo\u017cliwo\u015b\u0107 z\u0142o\u017cenia reklamacji jest wy\u0142\u0105czona i w stosunku do nich jakakolwiek odpowiedzialno\u015b\u0107 Us\u0142ugodawcy jest wy\u0142\u0105czona, z\u00a0wyj\u0105tkiem przypadk\u00f3w wyrz\u0105dzenia szkody z\u00a0winy umy\u015blnej.<\/li>\n<li>Us\u0142ugodawca rozpatrzy reklamacj\u0119 w terminie nie d\u0142u\u017cszym ni\u017c 14 dni od dnia jej otrzymania, informuj\u0105c Us\u0142ugobiorc\u0119 niezw\u0142ocznie o jej wynikach.<\/li>\n<\/ol>\n<h2><strong>\u00a7 7 Postanowienia ko\u0144cowe<\/strong><\/h2>\n<ol>\n<li>Us\u0142ugodawca mo\u017ce dokona\u0107 zmiany postanowie\u0144 Regulaminu z nast\u0119puj\u0105cych przyczyn:\n<p>a) konieczno\u015b\u0107 dostosowania tre\u015bci Regulaminu do nowych lub znowelizowanych przepis\u00f3w prawnych, maj\u0105cych wp\u0142yw na tre\u015b\u0107 Regulaminu,<br \/>\nb) konieczno\u015b\u0107 usprawnienia dzia\u0142ania Serwisu, przy czym zmiany te nie b\u0119d\u0105 narusza\u0107 lub ogranicza\u0107 uprawnie\u0144 dotychczas nabytych przez Us\u0142ugobiorc\u00f3w,<br \/>\nc) wprowadzenie, usuni\u0119cie lub zmiana warunk\u00f3w \u015bwiadczenia poszczeg\u00f3lnych us\u0142ug w ramach Serwisu, przy czym zmiany te nie b\u0119d\u0105 narusza\u0107 lub ogranicza\u0107 uprawnie\u0144 dotychczas nabytych przez Us\u0142ugobiorc\u00f3w.<\/li>\n<li>O dokonanej zmianie Regulaminu Us\u0142ugodawca poinformuje uprzednio Us\u0142ugobiorc\u00f3w poprzez zamieszczenie aktualnej wersji Regulaminu w Serwisie<\/li>\n<li>Je\u017celi Us\u0142ugobiorca nie zgadza si\u0119 na wprowadzenie zmian w Regulaminie uprawniony jest do rozwi\u0105zania umowy o \u015bwiadczenie us\u0142ug drog\u0105 elektroniczn\u0105.<\/li>\n<li>W zakresie nieuregulowanym w niniejszym Regulaminie zastosowanie maj\u0105 przepisy powszechnie obowi\u0105zuj\u0105cego prawa, w tym w szczeg\u00f3lno\u015bci ustawy z dnia 18 lipca 2002 r. o \u015bwiadczeniu us\u0142ug drog\u0105 elektroniczn\u0105.<\/li>\n<li>Wszelkie elementy graficzne Serwisu, zastosowane w nich rozwi\u0105zania techniczne, elementy kontentu, jak i spos\u00f3b w jaki elementy graficzne i kontent s\u0105 przedstawione (uk\u0142ad), jak r\u00f3wnie\u017c oprogramowanie, bazy danych i inne materia\u0142y umieszczone w ramach Serwisu stanowi\u0105 przedmiot prawa autorskiego Us\u0142ugodawcy i podlegaj\u0105 ochronie zgodnie z przepisami ustawy z dnia 4 lutego 1994 r. o prawie autorskim i prawach pokrewnych.<\/li>\n<li>W celu korzystania z Serwisu Us\u0142ugodawca udziela Us\u0142ugobiorcom niewy\u0142\u0105cznej, niezbywalnej, nieprzenoszalnej, udzielonej na czas korzystania z Serwisu, Licencji na korzystanie z Serwisu. W ramach udzielonej Licencji Us\u0142ugobiorca uprawniony jest wy\u0142\u0105cznie do tymczasowego zwielokrotniania Serwisu poprzez jego wy\u015bwietlanie w przegl\u0105darce internetowej, a tak\u017ce zapisanie plik\u00f3w tymczasowych, w celu korzystania z dost\u0119pnych funkcjonalno\u015bci w spos\u00f3b zgodny z niniejszym Regulaminem.<\/li>\n<li>Ewentualne spory powsta\u0142e pomi\u0119dzy Us\u0142ugodawc\u0105 a Us\u0142ugobiorc\u0105, kt\u00f3ry jest Przedsi\u0119biorc\u0105, rozstrzygane b\u0119d\u0105 przez s\u0105d powszechny w\u0142a\u015bciwy ze wzgl\u0119du na siedzib\u0119 Us\u0142ugodawcy. Zdanie poprzednie nie dotyczy osoby fizycznej zawieraj\u0105cej umow\u0119 bezpo\u015brednio zwi\u0105zan\u0105 z jej dzia\u0142alno\u015bci\u0105 gospodarcz\u0105, gdy z tre\u015bci tej umowy wynika, \u017ce nie posiada ona dla niej charakteru zawodowego, wynikaj\u0105cego w szczeg\u00f3lno\u015bci z przedmiotu wykonywanej przez ni\u0105 dzia\u0142alno\u015bci gospodarczej, udost\u0119pnionego na podstawie przepis\u00f3w o Centralnej Ewidencji i Informacji o Dzia\u0142alno\u015bci Gospodarczej.<\/li>\n<\/ol>\n","protected":false},"excerpt":{"rendered":"<p>Regulamin \u00a7 1 Definicje \u00a7 2 Postanowienia og\u00f3lne \u00a7 3 Rodzaje i zakres \u015bwiadczonych us\u0142ug drog\u0105 elektroniczn\u0105 \u00a7 4 Warunki \u015bwiadczenia us\u0142ug drog\u0105 elektroniczn\u0105 \u00a7 5 Umowa o \u015bwiadczenie us\u0142ug drog\u0105 elektroniczn\u0105 \u00a7 6 Post\u0119powanie reklamacyjne \u00a7 7 Postanowienia ko\u0144cowe \u00a7 1 Definicje U\u017cyte w\u00a0Regulaminie poj\u0119cia oznaczaj\u0105 odpowiednio: Regulamin\u00a0\u2013 niniejszy regulamin \u015bwiadczenia us\u0142ug drog\u0105 elektroniczn\u0105; [&hellip;]<\/p>\n","protected":false},"author":3,"featured_media":0,"parent":0,"menu_order":0,"comment_status":"closed","ping_status":"closed","template":"","meta":{"_acf_changed":false,"footnotes":""},"class_list":["post-4106","page","type-page","status-publish","hentry"],"acf":[],"yoast_head":"<!-- This site is optimized with the Yoast SEO plugin v25.1 - https:\/\/yoast.com\/wordpress\/plugins\/seo\/ -->\n<title>Regulamin - ClearCoupon<\/title>\n<meta name=\"description\" content=\"Diese Allgemeinen Gesch\u00e4ftsbedingungen beschreiben die Regeln und Vorschriften f\u00fcr die Nutzung der Website von ClearCoupon...\" \/>\n<meta name=\"robots\" content=\"index, follow, max-snippet:-1, max-image-preview:large, max-video-preview:-1\" \/>\n<link rel=\"canonical\" href=\"https:\/\/clearcoupon.com\/pl\/regulamin\/\" \/>\n<meta property=\"og:locale\" content=\"en_US\" \/>\n<meta property=\"og:type\" content=\"article\" \/>\n<meta property=\"og:title\" content=\"Regulamin - ClearCoupon\" \/>\n<meta property=\"og:description\" content=\"Diese Allgemeinen Gesch\u00e4ftsbedingungen beschreiben die Regeln und Vorschriften f\u00fcr die Nutzung der Website von ClearCoupon...\" \/>\n<meta property=\"og:url\" content=\"https:\/\/clearcoupon.com\/pl\/regulamin\/\" \/>\n<meta property=\"og:site_name\" content=\"ClearCoupon\" \/>\n<meta property=\"article:modified_time\" content=\"2024-07-20T12:36:19+00:00\" \/>\n<meta name=\"twitter:card\" content=\"summary_large_image\" \/>\n<meta name=\"twitter:label1\" content=\"Est. reading time\" \/>\n\t<meta name=\"twitter:data1\" content=\"7 minutes\" \/>\n<script type=\"application\/ld+json\" class=\"yoast-schema-graph\">{\"@context\":\"https:\/\/schema.org\",\"@graph\":[{\"@type\":\"WebPage\",\"@id\":\"https:\/\/clearcoupon.com\/pl\/regulamin\/\",\"url\":\"https:\/\/clearcoupon.com\/pl\/regulamin\/\",\"name\":\"Regulamin - ClearCoupon\",\"isPartOf\":{\"@id\":\"https:\/\/clearcoupon.com\/pl\/#website\"},\"datePublished\":\"2023-05-12T12:25:39+00:00\",\"dateModified\":\"2024-07-20T12:36:19+00:00\",\"description\":\"Diese Allgemeinen Gesch\u00e4ftsbedingungen beschreiben die Regeln und Vorschriften f\u00fcr die Nutzung der Website von ClearCoupon...\",\"breadcrumb\":{\"@id\":\"https:\/\/clearcoupon.com\/pl\/regulamin\/#breadcrumb\"},\"inLanguage\":\"en-US\",\"potentialAction\":[{\"@type\":\"ReadAction\",\"target\":[\"https:\/\/clearcoupon.com\/pl\/regulamin\/\"]}]},{\"@type\":\"BreadcrumbList\",\"@id\":\"https:\/\/clearcoupon.com\/pl\/regulamin\/#breadcrumb\",\"itemListElement\":[{\"@type\":\"ListItem\",\"position\":1,\"name\":\"Home\",\"item\":\"https:\/\/clearcoupon.com\/pl\/\"},{\"@type\":\"ListItem\",\"position\":2,\"name\":\"Regulamin\"}]},{\"@type\":\"WebSite\",\"@id\":\"https:\/\/clearcoupon.com\/pl\/#website\",\"url\":\"https:\/\/clearcoupon.com\/pl\/\",\"name\":\"ClearCoupon\",\"description\":\"\",\"publisher\":{\"@id\":\"https:\/\/clearcoupon.com\/pl\/#organization\"},\"potentialAction\":[{\"@type\":\"SearchAction\",\"target\":{\"@type\":\"EntryPoint\",\"urlTemplate\":\"https:\/\/clearcoupon.com\/pl\/?s={search_term_string}\"},\"query-input\":{\"@type\":\"PropertyValueSpecification\",\"valueRequired\":true,\"valueName\":\"search_term_string\"}}],\"inLanguage\":\"en-US\"},{\"@type\":\"Organization\",\"@id\":\"https:\/\/clearcoupon.com\/pl\/#organization\",\"name\":\"ClearCoupon\",\"url\":\"https:\/\/clearcoupon.com\/pl\/\",\"logo\":{\"@type\":\"ImageObject\",\"inLanguage\":\"en-US\",\"@id\":\"https:\/\/clearcoupon.com\/pl\/#\/schema\/logo\/image\/\",\"url\":\"https:\/\/clearcoupon.com\/pl\/wp-content\/uploads\/2024\/01\/Coing-SoOn.png\",\"contentUrl\":\"https:\/\/clearcoupon.com\/pl\/wp-content\/uploads\/2024\/01\/Coing-SoOn.png\",\"width\":360,\"height\":80,\"caption\":\"ClearCoupon\"},\"image\":{\"@id\":\"https:\/\/clearcoupon.com\/pl\/#\/schema\/logo\/image\/\"}}]}<\/script>\n<!-- \/ Yoast SEO plugin. -->","yoast_head_json":{"title":"Regulamin - ClearCoupon","description":"Diese Allgemeinen Gesch\u00e4ftsbedingungen beschreiben die Regeln und Vorschriften f\u00fcr die Nutzung der Website von ClearCoupon...","robots":{"index":"index","follow":"follow","max-snippet":"max-snippet:-1","max-image-preview":"max-image-preview:large","max-video-preview":"max-video-preview:-1"},"canonical":"https:\/\/clearcoupon.com\/pl\/regulamin\/","og_locale":"en_US","og_type":"article","og_title":"Regulamin - ClearCoupon","og_description":"Diese Allgemeinen Gesch\u00e4ftsbedingungen beschreiben die Regeln und Vorschriften f\u00fcr die Nutzung der Website von ClearCoupon...","og_url":"https:\/\/clearcoupon.com\/pl\/regulamin\/","og_site_name":"ClearCoupon","article_modified_time":"2024-07-20T12:36:19+00:00","twitter_card":"summary_large_image","twitter_misc":{"Est. reading time":"7 minutes"},"schema":{"@context":"https:\/\/schema.org","@graph":[{"@type":"WebPage","@id":"https:\/\/clearcoupon.com\/pl\/regulamin\/","url":"https:\/\/clearcoupon.com\/pl\/regulamin\/","name":"Regulamin - ClearCoupon","isPartOf":{"@id":"https:\/\/clearcoupon.com\/pl\/#website"},"datePublished":"2023-05-12T12:25:39+00:00","dateModified":"2024-07-20T12:36:19+00:00","description":"Diese Allgemeinen Gesch\u00e4ftsbedingungen beschreiben die Regeln und Vorschriften f\u00fcr die Nutzung der Website von ClearCoupon...","breadcrumb":{"@id":"https:\/\/clearcoupon.com\/pl\/regulamin\/#breadcrumb"},"inLanguage":"en-US","potentialAction":[{"@type":"ReadAction","target":["https:\/\/clearcoupon.com\/pl\/regulamin\/"]}]},{"@type":"BreadcrumbList","@id":"https:\/\/clearcoupon.com\/pl\/regulamin\/#breadcrumb","itemListElement":[{"@type":"ListItem","position":1,"name":"Home","item":"https:\/\/clearcoupon.com\/pl\/"},{"@type":"ListItem","position":2,"name":"Regulamin"}]},{"@type":"WebSite","@id":"https:\/\/clearcoupon.com\/pl\/#website","url":"https:\/\/clearcoupon.com\/pl\/","name":"ClearCoupon","description":"","publisher":{"@id":"https:\/\/clearcoupon.com\/pl\/#organization"},"potentialAction":[{"@type":"SearchAction","target":{"@type":"EntryPoint","urlTemplate":"https:\/\/clearcoupon.com\/pl\/?s={search_term_string}"},"query-input":{"@type":"PropertyValueSpecification","valueRequired":true,"valueName":"search_term_string"}}],"inLanguage":"en-US"},{"@type":"Organization","@id":"https:\/\/clearcoupon.com\/pl\/#organization","name":"ClearCoupon","url":"https:\/\/clearcoupon.com\/pl\/","logo":{"@type":"ImageObject","inLanguage":"en-US","@id":"https:\/\/clearcoupon.com\/pl\/#\/schema\/logo\/image\/","url":"https:\/\/clearcoupon.com\/pl\/wp-content\/uploads\/2024\/01\/Coing-SoOn.png","contentUrl":"https:\/\/clearcoupon.com\/pl\/wp-content\/uploads\/2024\/01\/Coing-SoOn.png","width":360,"height":80,"caption":"ClearCoupon"},"image":{"@id":"https:\/\/clearcoupon.com\/pl\/#\/schema\/logo\/image\/"}}]}},"_links":{"self":[{"href":"https:\/\/clearcoupon.com\/pl\/wp-json\/wp\/v2\/pages\/4106","targetHints":{"allow":["GET"]}}],"collection":[{"href":"https:\/\/clearcoupon.com\/pl\/wp-json\/wp\/v2\/pages"}],"about":[{"href":"https:\/\/clearcoupon.com\/pl\/wp-json\/wp\/v2\/types\/page"}],"author":[{"embeddable":true,"href":"https:\/\/clearcoupon.com\/pl\/wp-json\/wp\/v2\/users\/3"}],"replies":[{"embeddable":true,"href":"https:\/\/clearcoupon.com\/pl\/wp-json\/wp\/v2\/comments?post=4106"}],"version-history":[{"count":9,"href":"https:\/\/clearcoupon.com\/pl\/wp-json\/wp\/v2\/pages\/4106\/revisions"}],"predecessor-version":[{"id":41743,"href":"https:\/\/clearcoupon.com\/pl\/wp-json\/wp\/v2\/pages\/4106\/revisions\/41743"}],"wp:attachment":[{"href":"https:\/\/clearcoupon.com\/pl\/wp-json\/wp\/v2\/media?parent=4106"}],"curies":[{"name":"wp","href":"https:\/\/api.w.org\/{rel}","templated":true}]}}